{"id":1345,"date":"2026-03-19T15:40:11","date_gmt":"2026-03-19T15:40:11","guid":{"rendered":"https:\/\/staging.medtronicspark.com\/?page_id=1345"},"modified":"2026-03-19T17:26:57","modified_gmt":"2026-03-19T17:26:57","slug":"terms-of-use","status":"publish","type":"page","link":"https:\/\/www.medtronicspark.com\/pt-br\/terms-of-use\/","title":{"rendered":"Termos de utiliza\u00e7\u00e3o"},"content":{"rendered":"<section id=\"ms-hero-block_96a894da6eaa05f9455246f261324b28\"  class=\"ms-block ms-hero ms-hero--theme-dark ms-hero--center-align ms-hero--decoration-style1 ms-hero--with-column-images\" data-ms-component=\"hero\">\n\t\n\t<!-- Hero Background -->\n\t<picture class=\"ms-hero__background-picture\"><img decoding=\"async\" src=\"https:\/\/www.medtronicspark.com\/wp-content\/themes\/medtronic_spark\/assets\/images\/hero-image-bg-fallback.webp?v=0.6.11\" alt=\"\"><\/picture>\t \n\t<div class=\"ms-hero__container\">\n\t\t<div class=\"ms-hero__column ms-hero__column--left\">\n\t\t\t\n\t\t\t<div class=\"ms-hero__content\" data-ms-entry-animate=\"fade-up\" data-ms-entry-animate-stagger=\"0.2\">\n\n\t\t\t\t<h1 class=\"ms-title ms-heading-h1 ms-hero__title ms-animated\"><span class=\"ms-title-line ms-animated ms-font-primary ms-title-line--accent-light-blue\">Medtronic<\/span><span class=\"ms-title-line ms-animated ms-font-primary\">Termos de utiliza\u00e7\u00e3o<\/span><\/h1>\n\t\t\t\t\t\t\t<\/div>\n\t\t<\/div>\n\n\t\t<div class=\"ms-hero__column ms-hero__column--right\">\n\t\t\t<div class=\"ms-hero__hero-image-wrapper\">\n\t\t\t\t<div class=\"ms-hero__picture-wrapper\">\n\t\t\t\t\t\n\t\t\t\t\t\t\t\t\t\t\n\t\t\t\t\t<div class=\"ms-hero__image-decoration-wrapper\">\n\t\t\t\t\t\t<div class=\"ms-animated-icon ms-animated-icon--icon-brand-arrow\"><div class=\"ms-animated-icon__entry ms-animated-icon__entry--icon-brand-arrow\" data-ms-entry-animate=\"icon-fade-up\" data-ms-entry-animate-delay=\"0.5\"><div class=\"ms-animated-icon__parallax ms-animated-icon__parallax--icon-brand-arrow\" data-ms-parallax data-ms-parallax-amount=\"100\" data-ms-parallax-start=\"top 15%\" data-ms-parallax-end=\"+=200\"><svg class=\"ms-icon icon-brand-arrow\"class=\"ms-animated-icon__svg\"><use xlink:href=\"#icon-brand-arrow\"><\/use><\/svg><\/div><\/div><\/div><div class=\"ms-animated-icon ms-animated-icon--icon-brand-divided-asterisk\"><div class=\"ms-animated-icon__entry ms-animated-icon__entry--icon-brand-divided-asterisk\" data-ms-entry-animate=\"icon-zoom-in-bounced\" data-ms-entry-animate-delay=\"0.5\"><div class=\"ms-animated-icon__parallax ms-animated-icon__parallax--icon-brand-divided-asterisk\" data-ms-parallax data-ms-parallax-amount=\"-15\" data-ms-parallax-start=\"top 30%\" data-ms-parallax-end=\"+=150\"><svg class=\"ms-icon icon-brand-divided-asterisk\"class=\"ms-animated-icon__svg\"><use xlink:href=\"#icon-brand-divided-asterisk\"><\/use><\/svg><\/div><\/div><\/div>\t\t\t\t\t\t<picture  data-ms-entry-animate=\"large-fade-up\" data-ms-entry-animate-delay=\"0.5\" class=\"ms-picture ms-hero__hero-image\"><img loading=\"lazy\" decoding=\"async\" width=\"780\" height=\"780\" src=\"https:\/\/www.medtronicspark.com\/wp-content\/uploads\/2026\/01\/page-not-found-bubble-fallback.webp\" class=\"attachment-full size-full\" alt=\"\" srcset=\"https:\/\/www.medtronicspark.com\/wp-content\/uploads\/2026\/01\/page-not-found-bubble-fallback.webp 780w, https:\/\/www.medtronicspark.com\/wp-content\/uploads\/2026\/01\/page-not-found-bubble-fallback-300x300.webp 300w, https:\/\/www.medtronicspark.com\/wp-content\/uploads\/2026\/01\/page-not-found-bubble-fallback-150x150.webp 150w, https:\/\/www.medtronicspark.com\/wp-content\/uploads\/2026\/01\/page-not-found-bubble-fallback-768x768.webp 768w, https:\/\/www.medtronicspark.com\/wp-content\/uploads\/2026\/01\/page-not-found-bubble-fallback-600x600.webp 600w\" sizes=\"auto, (max-width: 780px) 100vw, 780px\" \/><\/picture>\t\t\t\t\t<\/div>\n\t\t\t\t<\/div>\n\t\t\t<\/div>\n\t\t<\/div>\n\t<\/div>\n<\/section>\n\n\n<div class=\"ms-container-section container\" data-ms-entry-animate=\"fade-up\"> \n\t\n\n<p class=\"p2\"><b>Leia atentamente estes termos de utiliza\u00e7\u00e3o. <\/b>Estes termos de utiliza\u00e7\u00e3o descrevem as regras para os visitantes deste site da Medtronic. Este site \u00e9 propriedade e \u00e9 operado pela Medtronic Communities Foundation, uma subsidi\u00e1ria integral da Medtronic plc (a \u201cFoundation\u201d). Medtronic \u00e9 o nome que utilizamos para nos referirmos a todo o nosso neg\u00f3cio, incluindo a Medtronic plc e quaisquer empresas controladas por estas, incluindo subsidi\u00e1rias e afiliadas, como a Foundation. Quando utilizamos as palavras &#8220;n\u00f3s&#8221; ou &#8220;nosso&#8221;, referimo-nos \u00e0 Medtronic. A Medtronic tamb\u00e9m opera outros sites. Estes termos de utiliza\u00e7\u00e3o n\u00e3o se aplicam aos nossos outros sites. Deve consultar os termos de utiliza\u00e7\u00e3o publicados nestes sites da Medtronic quando os visitar.<\/p>\n<p class=\"p2\">Estes termos de utiliza\u00e7\u00e3o foram atualizados pela \u00faltima vez em 23 de fevereiro de 2026. Podemos alterar estes termos de utiliza\u00e7\u00e3o a qualquer momento. Consulte os termos de utiliza\u00e7\u00e3o sempre que visitar o site. Ao utilizar este site, significa que aceita a vers\u00e3o mais recente dos termos de utiliza\u00e7\u00e3o.<\/p>\n\n  \n<\/div>\n\n\n\n<div id=\"ms-legal-accordion-block_70d27d84a89c94524a64e7bdbc8a883c\" class=\"ms-block ms-legal-accordion\" \n\tdata-ms-entry-animate=\"fade-up\"\n\tdata-ms-entry-animate-delay=\"0.2\"\n\tdata-ms-entry-animate-stagger=\"0.1\"\n>\n\t<div class=\"container container\">\n\t\t<div class=\"ms-accordion-list__items\">\n\t\t\t\t\n\n<div id=\"ms-accordion-item-block_d57cbe6bad5158b4d451448b5de60008\" class=\"ms-block ms-accordion-item ms-animated\" data-ms-component=\"accordion-item\">\n\t<button class=\"ms-accordion-item__header\" aria-expanded=\"false\">\n\t\t<h3 class=\"ms-accordion-item__title\">Sobre as informa\u00e7\u00f5es contidas neste site<\/h3>\n\t\t<span class=\"ms-accordion-item__icon\"><svg class=\"ms-icon icon-angle-up\"><use xlink:href=\"#icon-angle-up\"><\/use><\/svg><\/span>\n\t<\/button>\n\t<div class=\"ms-accordion-item__content\">\n\t\t<div class=\"ms-accordion-item__content-inner\"><div class=\"ms-content ms-text-body-sm ms-accordion-item__copy\"> <p class=\"p2\">Grande parte das informa\u00e7\u00f5es contidas neste site refere-se a produtos e servi\u00e7os oferecidos pela Foundation. Os materiais contidos neste site destinam-se apenas a fins informativos e educativos de car\u00e1ter geral. Neste site, poder\u00e1 encontrar informa\u00e7\u00f5es sobre produtos ou servi\u00e7os que n\u00e3o s\u00e3o comercializados ou n\u00e3o est\u00e3o dispon\u00edveis no seu pa\u00eds.<\/p>\n <\/div><\/div>\n\t<\/div>\n<\/div>\n\n\n<div id=\"ms-accordion-item-block_27a450893bfec50fcfd583092aa888c7\" class=\"ms-block ms-accordion-item ms-animated\" data-ms-component=\"accordion-item\">\n\t<button class=\"ms-accordion-item__header\" aria-expanded=\"false\">\n\t\t<h3 class=\"ms-accordion-item__title\">Os nossos direitos de autor e marcas registadas<\/h3>\n\t\t<span class=\"ms-accordion-item__icon\"><svg class=\"ms-icon icon-angle-up\"><use xlink:href=\"#icon-angle-up\"><\/use><\/svg><\/span>\n\t<\/button>\n\t<div class=\"ms-accordion-item__content\">\n\t\t<div class=\"ms-accordion-item__content-inner\"><div class=\"ms-content ms-text-body-sm ms-accordion-item__copy\"> <p class=\"p2\">Os materiais contidos neste site pertencem-nos ou s\u00e3o licenciados para n\u00f3s. Os materiais est\u00e3o protegidos pelas leis de direitos de autor dos Estados Unidos e de outros pa\u00edses. Existem algumas regras importantes sobre a c\u00f3pia destes materiais. Pode enviar por e-mail, transferir ou imprimir c\u00f3pias dos materiais deste site, mas apenas para utiliza\u00e7\u00e3o pessoal e n\u00e3o comercial. Quando enviar por e-mail, transferir ou imprimir uma c\u00f3pia dos materiais contidos neste site, tamb\u00e9m deve incluir todos os avisos de direitos de autor e outros avisos que constem nos materiais, incluindo o aviso de direitos de autor na parte inferior da p\u00e1gina.<\/p>\n<p class=\"p1\">Tamb\u00e9m somos propriet\u00e1rios dos nomes que utilizamos para os nossos produtos e servi\u00e7os neste site, e esses nomes est\u00e3o protegidos pelas leis de marcas registadas dos Estados Unidos e de outros pa\u00edses. Todas as marcas registadas, incluindo as marcas registadas de terceiros, s\u00e3o propriedade dos respetivos detentores.<\/p>\n<p class=\"p1\">Poder\u00e3o existir regras especiais para a utiliza\u00e7\u00e3o dos materiais fornecidos em determinadas partes deste site. Estas regras especiais ser\u00e3o afixadas junto dos materiais.<\/p>\n<p class=\"p1\">Se utilizar os materiais ou marcas registadas contidas neste site de uma forma que n\u00e3o seja claramente permitida pelos presentes termos de utiliza\u00e7\u00e3o, estar\u00e1 a violar o contrato que tem connosco e poder\u00e1 estar a violar leis de direitos de autor, de marcas registadas e outras leis. Nesse caso, iremos revogar automaticamente a sua permiss\u00e3o para utilizar este site. A propriedade dos materiais continua a ser nossa ou dos autores dos materiais contidos neste site. Todos os direitos n\u00e3o expressamente concedidos s\u00e3o reservados.<\/p>\n <\/div><\/div>\n\t<\/div>\n<\/div>\n\n\n<div id=\"ms-accordion-item-block_d2f28e96ae00503eca503cb431150af7\" class=\"ms-block ms-accordion-item ms-animated\" data-ms-component=\"accordion-item\">\n\t<button class=\"ms-accordion-item__header\" aria-expanded=\"false\">\n\t\t<h3 class=\"ms-accordion-item__title\">Licenciamento gr\u00e1fico<\/h3>\n\t\t<span class=\"ms-accordion-item__icon\"><svg class=\"ms-icon icon-angle-up\"><use xlink:href=\"#icon-angle-up\"><\/use><\/svg><\/span>\n\t<\/button>\n\t<div class=\"ms-accordion-item__content\">\n\t\t<div class=\"ms-accordion-item__content-inner\"><div class=\"ms-content ms-text-body-sm ms-accordion-item__copy\"> <p class=\"p1\">As comunica\u00e7\u00f5es da Medtronic dispon\u00edveis neste site e partilhadas atrav\u00e9s de outros canais digitais utilizam as fam\u00edlias de \u00edcones Google Material e IBM Carbon. Licenciado sob a Licen\u00e7a Apache, Vers\u00e3o 2.0 (a &#8220;Licen\u00e7a&#8221;); n\u00e3o pode utilizar este ficheiro, salvo em conformidade com a Licen\u00e7a. Pode obter uma <a href=\"https:\/\/www.apache.org\/licenses\/LICENSE-2.0\" target=\"_blank\" rel=\"noopener\">c\u00f3pia da Licen\u00e7a<\/a>.<\/p>\n<p class=\"p1\">Salvo se exigido pela lei aplic\u00e1vel ou acordado por escrito, o software distribu\u00eddo sob a Licen\u00e7a \u00e9 distribu\u00eddo &#8220;tal como est\u00e1&#8221;, sem garantias ou condi\u00e7\u00f5es de qualquer tipo, expressas ou impl\u00edcitas. Consulte a Licen\u00e7a para obter informa\u00e7\u00f5es espec\u00edficas sobre as permiss\u00f5es e limita\u00e7\u00f5es previstas na Licen\u00e7a.<\/p>\n <\/div><\/div>\n\t<\/div>\n<\/div>\n\n\n<div id=\"ms-accordion-item-block_220e46686752e288bd6a71b15ac244dd\" class=\"ms-block ms-accordion-item ms-animated\" data-ms-component=\"accordion-item\">\n\t<button class=\"ms-accordion-item__header\" aria-expanded=\"false\">\n\t\t<h3 class=\"ms-accordion-item__title\">Liga\u00e7\u00f5es para este site e utiliza\u00e7\u00e3o das marcas da Medtronic<\/h3>\n\t\t<span class=\"ms-accordion-item__icon\"><svg class=\"ms-icon icon-angle-up\"><use xlink:href=\"#icon-angle-up\"><\/use><\/svg><\/span>\n\t<\/button>\n\t<div class=\"ms-accordion-item__content\">\n\t\t<div class=\"ms-accordion-item__content-inner\"><div class=\"ms-content ms-text-body-sm ms-accordion-item__copy\"> <p class=\"p1\">\u00c9-lhe concedida uma licen\u00e7a n\u00e3o exclusiva, limitada e revog\u00e1vel para criar uma liga\u00e7\u00e3o para este site. A Medtronic reserva-se o direito de revogar esta licen\u00e7a em geral, ou o seu direito de utilizar liga\u00e7\u00f5es espec\u00edficas, a qualquer momento. Caso a Medtronic revogue esta licen\u00e7a, concorda em remover e desativar imediatamente todas as suas liga\u00e7\u00f5es para este site.<\/p>\n<p class=\"p1\">Concorda em n\u00e3o apresentar a liga\u00e7\u00e3o para este site de forma que seja associada a publicidade ou pare\u00e7a ser um endosso de qualquer organiza\u00e7\u00e3o, produto ou servi\u00e7o. Concorda que a liga\u00e7\u00e3o n\u00e3o ir\u00e1 aparecer num site que uma pessoa razo\u00e1vel possa considerar obsceno, difamat\u00f3rio, assediador, grosseiramente ofensivo ou malicioso. Em circunst\u00e2ncia alguma poder\u00e1 &#8220;enquadrar&#8221; este site ou qualquer parte do seu conte\u00fado, nem copiar partes deste site para um servidor. Concorda em n\u00e3o exibir ou utilizar o log\u00f3tipo ou a marca registada da Medtronic de qualquer forma sem a nossa autoriza\u00e7\u00e3o pr\u00e9via por escrito.<\/p>\n <\/div><\/div>\n\t<\/div>\n<\/div>\n\n\n<div id=\"ms-accordion-item-block_03188523bdd0c90b05f43bdec5330167\" class=\"ms-block ms-accordion-item ms-animated\" data-ms-component=\"accordion-item\">\n\t<button class=\"ms-accordion-item__header\" aria-expanded=\"false\">\n\t\t<h3 class=\"ms-accordion-item__title\">Liga\u00e7\u00f5es para outros sites<\/h3>\n\t\t<span class=\"ms-accordion-item__icon\"><svg class=\"ms-icon icon-angle-up\"><use xlink:href=\"#icon-angle-up\"><\/use><\/svg><\/span>\n\t<\/button>\n\t<div class=\"ms-accordion-item__content\">\n\t\t<div class=\"ms-accordion-item__content-inner\"><div class=\"ms-content ms-text-body-sm ms-accordion-item__copy\"> <p class=\"p1\">Este site pode conter liga\u00e7\u00f5es para sites que n\u00e3o s\u00e3o operados pela Medtronic. Fornecemos estas liga\u00e7\u00f5es para sua conveni\u00eancia, mas n\u00e3o analisamos, controlamos nem monitorizamos os materiais em quaisquer outros sites. Estes sites podem conter informa\u00e7\u00f5es sobre utiliza\u00e7\u00f5es de produtos ou terapias da Medtronic que n\u00e3o foram aprovadas nos Estados Unidos. N\u00e3o controlamos nem endossamos este tipo de informa\u00e7\u00e3o. N\u00e3o nos responsabilizamos pelo desempenho desses sites nem pelas suas rela\u00e7\u00f5es comerciais com os mesmos. A sua utiliza\u00e7\u00e3o de outros sites est\u00e1 sujeita aos termos de utiliza\u00e7\u00e3o desses sites, incluindo as pol\u00edticas de privacidade dos mesmos.<\/p>\n <\/div><\/div>\n\t<\/div>\n<\/div>\n\n\n<div id=\"ms-accordion-item-block_1fc097cc73d02c2765a646122dd9fd8d\" class=\"ms-block ms-accordion-item ms-animated\" data-ms-component=\"accordion-item\">\n\t<button class=\"ms-accordion-item__header\" aria-expanded=\"false\">\n\t\t<h3 class=\"ms-accordion-item__title\">O seu feedback, coment\u00e1rios e ideias<\/h3>\n\t\t<span class=\"ms-accordion-item__icon\"><svg class=\"ms-icon icon-angle-up\"><use xlink:href=\"#icon-angle-up\"><\/use><\/svg><\/span>\n\t<\/button>\n\t<div class=\"ms-accordion-item__content\">\n\t\t<div class=\"ms-accordion-item__content-inner\"><div class=\"ms-content ms-text-body-sm ms-accordion-item__copy\"> <p class=\"p1\">Embora gostemos de receber feedback, coment\u00e1rios e ideias dos visitantes deste site, queremos que compreenda que qualquer informa\u00e7\u00e3o enviada atrav\u00e9s deste site ser\u00e1 considerada n\u00e3o pessoal, n\u00e3o confidencial e n\u00e3o propriet\u00e1ria (exceto informa\u00e7\u00f5es pessoais, conforme definido no nosso aviso de privacidade). Se nos transmitir quaisquer ideias, informa\u00e7\u00f5es, conceitos, conhecimentos ou t\u00e9cnicas ou materiais atrav\u00e9s deste site, concede \u00e0 Medtronic uma licen\u00e7a irrestrita, isenta de royalties e irrevog\u00e1vel para utilizar, reproduzir, exibir, executar, modificar, transmitir e distribuir esses conte\u00fados em qualquer meio, e concorda que a Medtronic \u00e9 livre de os utilizar para qualquer finalidade.<\/p>\n <\/div><\/div>\n\t<\/div>\n<\/div>\n\n\n<div id=\"ms-accordion-item-block_560d2e743c4a06531960aa11af0fda96\" class=\"ms-block ms-accordion-item ms-animated\" data-ms-component=\"accordion-item\">\n\t<button class=\"ms-accordion-item__header\" aria-expanded=\"false\">\n\t\t<h3 class=\"ms-accordion-item__title\">Aus\u00eancia de garantias<\/h3>\n\t\t<span class=\"ms-accordion-item__icon\"><svg class=\"ms-icon icon-angle-up\"><use xlink:href=\"#icon-angle-up\"><\/use><\/svg><\/span>\n\t<\/button>\n\t<div class=\"ms-accordion-item__content\">\n\t\t<div class=\"ms-accordion-item__content-inner\"><div class=\"ms-content ms-text-body-sm ms-accordion-item__copy\"> <p class=\"p1\">Todo o conte\u00fado deste site \u00e9-lhe fornecido &#8220;tal como est\u00e1&#8221; e &#8220;conforme dispon\u00edvel&#8221;. Pelo presente, a Medtronic isenta-se de todas as garantias de qualquer tipo, expressas ou impl\u00edcitas, legais ou outras, incluindo, entre outras, as garantias impl\u00edcitas de comercializa\u00e7\u00e3o, adequa\u00e7\u00e3o a um fim espec\u00edfico e n\u00e3o viola\u00e7\u00e3o. A Medtronic n\u00e3o concede qualquer garantia quanto \u00e0 exatid\u00e3o, integridade, atualidade ou fiabilidade de qualquer conte\u00fado dispon\u00edvel neste site.<\/p>\n<p class=\"p1\">A Medtronic n\u00e3o faz nenhuma alega\u00e7\u00e3o nem oferece nenhuma garantia de que a utiliza\u00e7\u00e3o deste site ser\u00e1 ininterrupta ou livre de erros. \u00c9 da sua responsabilidade tomar todas as precau\u00e7\u00f5es necess\u00e1rias para garantir que qualquer conte\u00fado obtido neste site est\u00e1 livre de v\u00edrus e de qualquer outro c\u00f3digo inform\u00e1tico potencialmente destrutivo.<\/p>\n<p class=\"p1\">Alguns estados n\u00e3o permitem limita\u00e7\u00f5es sobre garantias impl\u00edcitas. Por conseguinte, uma ou mais das limita\u00e7\u00f5es acima podem n\u00e3o se aplicar a si.<\/p>\n <\/div><\/div>\n\t<\/div>\n<\/div>\n\n\n<div id=\"ms-accordion-item-block_17a1c3094acf01dd1ca7c0f038eb8421\" class=\"ms-block ms-accordion-item ms-animated\" data-ms-component=\"accordion-item\">\n\t<button class=\"ms-accordion-item__header\" aria-expanded=\"false\">\n\t\t<h3 class=\"ms-accordion-item__title\">Limita\u00e7\u00e3o de responsabilidade<\/h3>\n\t\t<span class=\"ms-accordion-item__icon\"><svg class=\"ms-icon icon-angle-up\"><use xlink:href=\"#icon-angle-up\"><\/use><\/svg><\/span>\n\t<\/button>\n\t<div class=\"ms-accordion-item__content\">\n\t\t<div class=\"ms-accordion-item__content-inner\"><div class=\"ms-content ms-text-body-sm ms-accordion-item__copy\"> <p class=\"p1\">Concorda que nem a Medtronic nem qualquer pessoa ou empresa associada \u00e0 Medtronic ser\u00e1 respons\u00e1vel por quaisquer danos resultantes da sua utiliza\u00e7\u00e3o ou incapacidade para utilizar este site ou os materiais contidos neste. Esta prote\u00e7\u00e3o abrange reivindica\u00e7\u00f5es baseadas na garantia, contrato, ato il\u00edcito, responsabilidade objetiva e qualquer outra teoria jur\u00eddica. Esta prote\u00e7\u00e3o abrange a Medtronic, os seus respons\u00e1veis, diretores, funcion\u00e1rios, agentes e fornecedores mencionados neste site. Esta prote\u00e7\u00e3o abrange todas as perdas, incluindo, sem limita\u00e7\u00e3o, danos diretos ou indiretos, especiais, incidentais, consequenciais, exemplares e punitivos, les\u00f5es pessoais\/morte por neglig\u00eancia, lucros cessantes ou danos resultantes da perda de dados ou interrup\u00e7\u00e3o dos neg\u00f3cios.<\/p>\n<p class=\"p1\">A responsabilidade total da Medtronic, dos seus respons\u00e1veis, diretores, funcion\u00e1rios, agentes e fornecedores, se existente, por perdas ou danos ser\u00e1 limitada ao valor dos seus danos reais, n\u00e3o excedendo 100,00 d\u00f3lares americanos. O limite de responsabilidade pode n\u00e3o ser v\u00e1lido em alguns estados. Em circunst\u00e2ncia alguma a Medtronic, os seus respons\u00e1veis, diretores, funcion\u00e1rios, agentes ou fornecedores ser\u00e3o respons\u00e1veis por quaisquer perdas ou danos al\u00e9m do valor descrito acima. Todos os outros danos, diretos ou indiretos, especiais, incidentais, consequenciais, exemplares ou punitivos, resultantes de qualquer utiliza\u00e7\u00e3o do site ou dos materiais, est\u00e3o exclu\u00eddos, mesmo que a Medtronic tenha sido avisada da possibilidade de tais danos.<\/p>\n <\/div><\/div>\n\t<\/div>\n<\/div>\n\n\n<div id=\"ms-accordion-item-block_66e2938a657e5a588dd402e79dfdbcd1\" class=\"ms-block ms-accordion-item ms-animated\" data-ms-component=\"accordion-item\">\n\t<button class=\"ms-accordion-item__header\" aria-expanded=\"false\">\n\t\t<h3 class=\"ms-accordion-item__title\">Outras regras relativas a este site<\/h3>\n\t\t<span class=\"ms-accordion-item__icon\"><svg class=\"ms-icon icon-angle-up\"><use xlink:href=\"#icon-angle-up\"><\/use><\/svg><\/span>\n\t<\/button>\n\t<div class=\"ms-accordion-item__content\">\n\t\t<div class=\"ms-accordion-item__content-inner\"><div class=\"ms-content ms-text-body-sm ms-accordion-item__copy\"> <p class=\"p1\">Al\u00e9m das regras contidas nos presentes termos de utiliza\u00e7\u00e3o e no aviso de privacidade, poder\u00e1 estar sujeito a termos adicionais que se poder\u00e3o aplicar quando acede a servi\u00e7os ou materiais espec\u00edficos em determinadas \u00e1reas deste site, como por exemplo, quando adquire servi\u00e7os melhorados ou ao seguir uma liga\u00e7\u00e3o a partir deste site. Leia o nosso aviso de privacidade para saber como protegemos e utilizamos as informa\u00e7\u00f5es que recolhemos atrav\u00e9s deste site.<\/p>\n<p class=\"p1\">As suas obriga\u00e7\u00f5es nos termos desta sec\u00e7\u00e3o e das sec\u00e7\u00f5es intituladas &#8220;O seu feedback, coment\u00e1rios e ideias&#8221;, &#8220;Aus\u00eancia de garantias&#8221; e &#8220;Limita\u00e7\u00e3o de responsabilidade&#8221; permanecer\u00e3o em vigor ap\u00f3s a rescis\u00e3o dos presentes termos de utiliza\u00e7\u00e3o.<\/p>\n<p class=\"p1\">Se qualquer disposi\u00e7\u00e3o dos presentes termos de utiliza\u00e7\u00e3o for considerada inv\u00e1lida por qualquer tribunal com jurisdi\u00e7\u00e3o competente, a nulidade dessa disposi\u00e7\u00e3o n\u00e3o ir\u00e1 afetar a validade das restantes disposi\u00e7\u00f5es dos presentes termos de utiliza\u00e7\u00e3o, os quais permanecer\u00e3o em pleno vigor e efeito. A ren\u00fancia a qualquer um destes termos de utiliza\u00e7\u00e3o n\u00e3o ser\u00e1 considerada uma ren\u00fancia adicional ou cont\u00ednua a tal termo ou condi\u00e7\u00e3o ou a qualquer outro termo ou condi\u00e7\u00e3o.<\/p>\n<p class=\"p1\">Se violar os presentes termos de utiliza\u00e7\u00e3o ou o aviso de privacidade de forma que cause danos a terceiros, concorda em isentar a Medtronic de qualquer responsabilidade por tais danos.<\/p>\n<p class=\"p1\">Ao utilizar este site, concorda que a \u00fanica jurisdi\u00e7\u00e3o e foro adequados para qualquer lit\u00edgio com a Medtronic, ou de alguma forma relacionado com a sua utiliza\u00e7\u00e3o deste site, s\u00e3o os tribunais estatais e federais do Estado do Minnesota, Estados Unidos. Concorda ainda e consente com o exerc\u00edcio da jurisdi\u00e7\u00e3o pessoal nestes tribunais em rela\u00e7\u00e3o a qualquer lit\u00edgio que envolva a Medtronic ou as suas afiliadas, funcion\u00e1rios, respons\u00e1veis, diretores, agentes ou fornecedores.<\/p>\n<p class=\"p1\">Os presentes termos de utiliza\u00e7\u00e3o s\u00e3o regidos pelas leis normativas internas do Estado do Minnesota, sem considera\u00e7\u00e3o pelos seus princ\u00edpios de conflito de leis, e pelas leis federais dos Estados Unidos.<\/p>\n <\/div><\/div>\n\t<\/div>\n<\/div>\n\n\n<div id=\"ms-accordion-item-block_5ae2a1cbbd4f782f2c519a589d826d92\" class=\"ms-block ms-accordion-item ms-animated\" data-ms-component=\"accordion-item\">\n\t<button class=\"ms-accordion-item__header\" aria-expanded=\"false\">\n\t\t<h3 class=\"ms-accordion-item__title\">Avisos<\/h3>\n\t\t<span class=\"ms-accordion-item__icon\"><svg class=\"ms-icon icon-angle-up\"><use xlink:href=\"#icon-angle-up\"><\/use><\/svg><\/span>\n\t<\/button>\n\t<div class=\"ms-accordion-item__content\">\n\t\t<div class=\"ms-accordion-item__content-inner\"><div class=\"ms-content ms-text-body-sm ms-accordion-item__copy\"> <p class=\"p1\">A Medtronic poder\u00e1 enviar-lhe avisos por e-mail ou atrav\u00e9s de um aviso geral neste site.<\/p>\n <\/div><\/div>\n\t<\/div>\n<\/div>\n\n\t\t<\/div>\n\t<\/div>\n<\/div>","protected":false},"excerpt":{"rendered":"","protected":false},"author":4,"featured_media":0,"parent":0,"menu_order":0,"comment_status":"closed","ping_status":"closed","template":"template-legal.php","meta":{"_acf_changed":true,"footnotes":""},"class_list":["post-1345","page","type-page","status-publish","hentry"],"acf":[],"featured_image_src":null,"featured_image_src_square":null,"_links":{"self":[{"href":"https:\/\/www.medtronicspark.com\/pt-br\/wp-json\/wp\/v2\/pages\/1345","targetHints":{"allow":["GET"]}}],"collection":[{"href":"https:\/\/www.medtronicspark.com\/pt-br\/wp-json\/wp\/v2\/pages"}],"about":[{"href":"https:\/\/www.medtronicspark.com\/pt-br\/wp-json\/wp\/v2\/types\/page"}],"author":[{"embeddable":true,"href":"https:\/\/www.medtronicspark.com\/pt-br\/wp-json\/wp\/v2\/users\/4"}],"replies":[{"embeddable":true,"href":"https:\/\/www.medtronicspark.com\/pt-br\/wp-json\/wp\/v2\/comments?post=1345"}],"version-history":[{"count":0,"href":"https:\/\/www.medtronicspark.com\/pt-br\/wp-json\/wp\/v2\/pages\/1345\/revisions"}],"wp:attachment":[{"href":"https:\/\/www.medtronicspark.com\/pt-br\/wp-json\/wp\/v2\/media?parent=1345"}],"curies":[{"name":"wp","href":"https:\/\/api.w.org\/{rel}","templated":true}]}}