{"id":1334,"date":"2026-03-19T15:40:11","date_gmt":"2026-03-19T15:40:11","guid":{"rendered":"https:\/\/staging.medtronicspark.com\/?page_id=1334"},"modified":"2026-03-19T17:38:16","modified_gmt":"2026-03-19T17:38:16","slug":"terms-of-use","status":"publish","type":"page","link":"https:\/\/www.medtronicspark.com\/it\/terms-of-use\/","title":{"rendered":"Condizioni d&#8217;uso"},"content":{"rendered":"<section id=\"ms-hero-block_9325951040c7fc7d680f5a15a1c843e5\"  class=\"ms-block ms-hero ms-hero--theme-dark ms-hero--center-align ms-hero--decoration-style1 ms-hero--with-column-images\" data-ms-component=\"hero\">\n\t\n\t<!-- Hero Background -->\n\t<picture class=\"ms-hero__background-picture\"><img decoding=\"async\" src=\"https:\/\/www.medtronicspark.com\/wp-content\/themes\/medtronic_spark\/assets\/images\/hero-image-bg-fallback.webp?v=0.6.11\" alt=\"\"><\/picture>\t \n\t<div class=\"ms-hero__container\">\n\t\t<div class=\"ms-hero__column ms-hero__column--left\">\n\t\t\t\n\t\t\t<div class=\"ms-hero__content\" data-ms-entry-animate=\"fade-up\" data-ms-entry-animate-stagger=\"0.2\">\n\n\t\t\t\t<h1 class=\"ms-title ms-heading-h1 ms-hero__title ms-animated\"><span class=\"ms-title-line ms-animated ms-font-primary ms-title-line--accent-light-blue\">Medtronic<\/span><span class=\"ms-title-line ms-animated ms-font-primary\">Condizioni d&#039;uso<\/span><\/h1>\n\t\t\t\t\t\t\t<\/div>\n\t\t<\/div>\n\n\t\t<div class=\"ms-hero__column ms-hero__column--right\">\n\t\t\t<div class=\"ms-hero__hero-image-wrapper\">\n\t\t\t\t<div class=\"ms-hero__picture-wrapper\">\n\t\t\t\t\t\n\t\t\t\t\t\t\t\t\t\t\n\t\t\t\t\t<div class=\"ms-hero__image-decoration-wrapper\">\n\t\t\t\t\t\t<div class=\"ms-animated-icon ms-animated-icon--icon-brand-arrow\"><div class=\"ms-animated-icon__entry ms-animated-icon__entry--icon-brand-arrow\" data-ms-entry-animate=\"icon-fade-up\" data-ms-entry-animate-delay=\"0.5\"><div class=\"ms-animated-icon__parallax ms-animated-icon__parallax--icon-brand-arrow\" data-ms-parallax data-ms-parallax-amount=\"100\" data-ms-parallax-start=\"top 15%\" data-ms-parallax-end=\"+=200\"><svg class=\"ms-icon icon-brand-arrow\"class=\"ms-animated-icon__svg\"><use xlink:href=\"#icon-brand-arrow\"><\/use><\/svg><\/div><\/div><\/div><div class=\"ms-animated-icon ms-animated-icon--icon-brand-divided-asterisk\"><div class=\"ms-animated-icon__entry ms-animated-icon__entry--icon-brand-divided-asterisk\" data-ms-entry-animate=\"icon-zoom-in-bounced\" data-ms-entry-animate-delay=\"0.5\"><div class=\"ms-animated-icon__parallax ms-animated-icon__parallax--icon-brand-divided-asterisk\" data-ms-parallax data-ms-parallax-amount=\"-15\" data-ms-parallax-start=\"top 30%\" data-ms-parallax-end=\"+=150\"><svg class=\"ms-icon icon-brand-divided-asterisk\"class=\"ms-animated-icon__svg\"><use xlink:href=\"#icon-brand-divided-asterisk\"><\/use><\/svg><\/div><\/div><\/div>\t\t\t\t\t\t<picture  data-ms-entry-animate=\"large-fade-up\" data-ms-entry-animate-delay=\"0.5\" class=\"ms-picture ms-hero__hero-image\"><img loading=\"lazy\" decoding=\"async\" width=\"780\" height=\"780\" src=\"https:\/\/www.medtronicspark.com\/wp-content\/uploads\/2026\/01\/page-not-found-bubble-fallback.webp\" class=\"attachment-full size-full\" alt=\"\" srcset=\"https:\/\/www.medtronicspark.com\/wp-content\/uploads\/2026\/01\/page-not-found-bubble-fallback.webp 780w, https:\/\/www.medtronicspark.com\/wp-content\/uploads\/2026\/01\/page-not-found-bubble-fallback-300x300.webp 300w, https:\/\/www.medtronicspark.com\/wp-content\/uploads\/2026\/01\/page-not-found-bubble-fallback-150x150.webp 150w, https:\/\/www.medtronicspark.com\/wp-content\/uploads\/2026\/01\/page-not-found-bubble-fallback-768x768.webp 768w, https:\/\/www.medtronicspark.com\/wp-content\/uploads\/2026\/01\/page-not-found-bubble-fallback-600x600.webp 600w\" sizes=\"auto, (max-width: 780px) 100vw, 780px\" \/><\/picture>\t\t\t\t\t<\/div>\n\t\t\t\t<\/div>\n\t\t\t<\/div>\n\t\t<\/div>\n\t<\/div>\n<\/section>\n\n\n<div class=\"ms-container-section container\" data-ms-entry-animate=\"fade-up\"> \n\t\n\n<p class=\"p2\"><b>Si prega di leggere attentamente le presenti condizioni d&#8217;uso. <\/b>Le presenti condizioni d&#8217;uso descrivono le regole per i visitatori del sito Web di Medtronic. Questo sito Web \u00e8 di propriet\u00e0 e gestito da Medtronic Communities Foundation, una societ\u00e0 interamente controllata da Medtronic plc (la \u201cFondazione\u201d). Medtronic \u00e8 il nome che utilizziamo per riferirci alla nostra intera attivit\u00e0, compresa Medtronic plc e tutte le societ\u00e0 da essa controllate, incluse le controllate e le affiliate, come la Fondazione. Quando utilizziamo le parole \u201cnoi\u201d o \u201cnostro\u201d, ci riferiamo a Medtronic. Medtronic gestisce anche altri siti Web. Le presenti condizioni d&#8217;uso non si applicano agli altri siti Web di nostra propriet\u00e0. Si raccomanda di consultare le condizioni d&#8217;uso pubblicate su questi siti Web di Medtronic quando vengono visitati.<\/p>\n<p class=\"p2\">Le presenti condizioni d&#8217;uso sono state aggiornate l&#8217;ultima volta il 23 febbraio 2026. Ci riserviamo il diritto di modificare le presenti condizioni d&#8217;uso in qualsiasi momento. Si prega di rivedere le condizioni d&#8217;uso ogniqualvolta si visita il sito Web. Utilizzando questo sito Web, accetti la versione pi\u00f9 recente delle condizioni d&#8217;uso.<\/p>\n<\/p>\n\n  \n<\/div>\n\n\n\n<div id=\"ms-legal-accordion-block_2032f4fd27ed5ebde1b877d3b91d0960\" class=\"ms-block ms-legal-accordion\" \n\tdata-ms-entry-animate=\"fade-up\"\n\tdata-ms-entry-animate-delay=\"0.2\"\n\tdata-ms-entry-animate-stagger=\"0.1\"\n>\n\t<div class=\"container container\">\n\t\t<div class=\"ms-accordion-list__items\">\n\t\t\t\t\n\n<div id=\"ms-accordion-item-block_3fcb7d3b607fa0d711c027dd8addf009\" class=\"ms-block ms-accordion-item ms-animated\" data-ms-component=\"accordion-item\">\n\t<button class=\"ms-accordion-item__header\" aria-expanded=\"false\">\n\t\t<h3 class=\"ms-accordion-item__title\">Informazioni relative a questo sito Web<\/h3>\n\t\t<span class=\"ms-accordion-item__icon\"><svg class=\"ms-icon icon-angle-up\"><use xlink:href=\"#icon-angle-up\"><\/use><\/svg><\/span>\n\t<\/button>\n\t<div class=\"ms-accordion-item__content\">\n\t\t<div class=\"ms-accordion-item__content-inner\"><div class=\"ms-content ms-text-body-sm ms-accordion-item__copy\"> <p class=\"p2\">Gran parte delle informazioni presenti su questo sito Web riguardano i prodotti e i servizi offerti dalla Fondazione. I materiali presenti su questo sito Web sono forniti esclusivamente a scopo informativo e didattico. Su questo sito Web potresti trovare informazioni su prodotti o servizi che non sono venduti o disponibili nel tuo Paese.<\/p>\n <\/div><\/div>\n\t<\/div>\n<\/div>\n\n\n<div id=\"ms-accordion-item-block_57697bf705d296d6ea089cb2ec861564\" class=\"ms-block ms-accordion-item ms-animated\" data-ms-component=\"accordion-item\">\n\t<button class=\"ms-accordion-item__header\" aria-expanded=\"false\">\n\t\t<h3 class=\"ms-accordion-item__title\">I nostri diritti d&#039;autore e marchi registrati<\/h3>\n\t\t<span class=\"ms-accordion-item__icon\"><svg class=\"ms-icon icon-angle-up\"><use xlink:href=\"#icon-angle-up\"><\/use><\/svg><\/span>\n\t<\/button>\n\t<div class=\"ms-accordion-item__content\">\n\t\t<div class=\"ms-accordion-item__content-inner\"><div class=\"ms-content ms-text-body-sm ms-accordion-item__copy\"> <p class=\"p2\">I materiali presenti su questo sito Web sono di nostra propriet\u00e0 o sono concessi in licenza alla nostra azienda. I materiali sono protetti dalle leggi sui diritti d&#8217;autore degli Stati Uniti e di altri Paesi. Ci sono alcune regole importanti da seguire quando si copiano questi materiali. Puoi mandare via e-mail, scaricare o stampare copie dei materiali presenti su questo sito Web, ma solo per uso personale e non commerciale. Quando invii un&#8217;e-mail, scarichi o stampi una copia dei materiali presenti su questo sito Web, devi includere anche tutti i diritti d&#8217;autore e le altre note presenti nei materiali, compresa la nota sui diritti d&#8217;autore in fondo alla pagina.<\/p>\n<p class=\"p1\">Siamo anche proprietari dei nomi che utilizziamo per i nostri prodotti e servizi su questo sito Web, e tali nomi sono protetti dalle leggi statunitensi e straniere sui marchi commerciali. Tutti i marchi registrati, compresi quelli di terzi, sono di propriet\u00e0 dei rispettivi titolari.<br \/>\nPotrebbero essere previste regole particolari per l&#8217;uso dei materiali forniti in alcune parti di questo sito Web. Tali regole saranno pubblicate insieme ai materiali.<\/p>\n<p class=\"p1\">Se utilizzi i materiali o i marchi registrati presenti su questo sito Web in modalit\u00e0 non chiaramente consentite dalle presenti condizioni d&#8217;uso, violerai il contratto stipulato con noi e potresti violare le leggi in materia di diritti d&#8217;autore, marchi registrati e altre leggi. In questo caso, revocheremo automaticamente l&#8217;autorizzazione all&#8217;utilizzo di questo sito Web. La propriet\u00e0 dei materiali rimane di nostra competenza o degli autori dei materiali contenuti in questo sito Web. Tutti i diritti non espressamente concessi sono riservati.<\/p>\n <\/div><\/div>\n\t<\/div>\n<\/div>\n\n\n<div id=\"ms-accordion-item-block_bc154e9ccd929a655581d77a940207fd\" class=\"ms-block ms-accordion-item ms-animated\" data-ms-component=\"accordion-item\">\n\t<button class=\"ms-accordion-item__header\" aria-expanded=\"false\">\n\t\t<h3 class=\"ms-accordion-item__title\">Licenze grafiche<\/h3>\n\t\t<span class=\"ms-accordion-item__icon\"><svg class=\"ms-icon icon-angle-up\"><use xlink:href=\"#icon-angle-up\"><\/use><\/svg><\/span>\n\t<\/button>\n\t<div class=\"ms-accordion-item__content\">\n\t\t<div class=\"ms-accordion-item__content-inner\"><div class=\"ms-content ms-text-body-sm ms-accordion-item__copy\"> <p class=\"p1\">Le comunicazioni di Medtronic disponibili su questo sito e condivise tramite altri canali digitali utilizzano le famiglie di icone Google Material e IBM Carbon. Licenza Apache, versione 2.0 (la \u201cLicenza\u201d); non puoi usare questo file se non in conformit\u00e0 alla Licenza. Potrai ricevere una <a href=\"https:\/\/www.apache.org\/licenses\/LICENSE-2.0\" target=\"_blank\" rel=\"noopener\">copia della Licenza<\/a>.<\/p>\n<p class=\"p1\">A meno che non sia richiesto dalla legge o concordato per iscritto, il software distribuito con questa Licenza viene fornito nello stato attuale, senza garanzie o condizioni di alcun tipo, esplicite o implicite. Si prega di consultare la Licenza per conoscere le autorizzazioni e le limitazioni specifiche previste dalla stessa.<\/p>\n <\/div><\/div>\n\t<\/div>\n<\/div>\n\n\n<div id=\"ms-accordion-item-block_b1ed212afd170354e6e7a6507b915b7e\" class=\"ms-block ms-accordion-item ms-animated\" data-ms-component=\"accordion-item\">\n\t<button class=\"ms-accordion-item__header\" aria-expanded=\"false\">\n\t\t<h3 class=\"ms-accordion-item__title\">Collegamenti a questo sito Web e utilizzo dei marchi Medtronic<\/h3>\n\t\t<span class=\"ms-accordion-item__icon\"><svg class=\"ms-icon icon-angle-up\"><use xlink:href=\"#icon-angle-up\"><\/use><\/svg><\/span>\n\t<\/button>\n\t<div class=\"ms-accordion-item__content\">\n\t\t<div class=\"ms-accordion-item__content-inner\"><div class=\"ms-content ms-text-body-sm ms-accordion-item__copy\"> <p class=\"p1\">Con la presente ti viene concessa una licenza non esclusiva, limitata e revocabile per collegarti a questo sito Web. Medtronic si riserva il diritto di revocare la presente licenza in generale, o il tuo diritto di utilizzare collegamenti specifici, in qualsiasi momento. Nel caso in cui Medtronic revochi tale licenza, accetti di rimuovere e disattivare immediatamente tutti i tuoi collegamenti a questo sito Web.<\/p>\n<p class=\"p1\">Accetti inoltre di non utilizzare il suddetto collegamento in modo tale da associarlo a pubblicit\u00e0 o da farlo apparire come un&#8217;approvazione di qualsiasi organizzazione, prodotto o servizio. Accetti anche che il collegamento non possa essere visualizzato su un sito Web che un individuo ragionevole potrebbe considerare osceno, diffamatorio, molesto, gravemente offensivo o dannoso. In nessun caso \u00e8 consentito riprodurre questo sito Web o qualsiasi suo contenuto o copiare parti di esso su un server. Acconsenti a non visualizzare o utilizzare il logo o il marchio Medtronic in alcun modo senza la nostra previa autorizzazione scritta.<\/p>\n <\/div><\/div>\n\t<\/div>\n<\/div>\n\n\n<div id=\"ms-accordion-item-block_93025e0c8aa4321010e9aaca9c88b8c8\" class=\"ms-block ms-accordion-item ms-animated\" data-ms-component=\"accordion-item\">\n\t<button class=\"ms-accordion-item__header\" aria-expanded=\"false\">\n\t\t<h3 class=\"ms-accordion-item__title\">Collegamenti ad altri siti Web<\/h3>\n\t\t<span class=\"ms-accordion-item__icon\"><svg class=\"ms-icon icon-angle-up\"><use xlink:href=\"#icon-angle-up\"><\/use><\/svg><\/span>\n\t<\/button>\n\t<div class=\"ms-accordion-item__content\">\n\t\t<div class=\"ms-accordion-item__content-inner\"><div class=\"ms-content ms-text-body-sm ms-accordion-item__copy\"> <p class=\"p1\">Questo sito Web potrebbe contenere collegamenti a siti Web non gestiti da Medtronic. Forniamo questi collegamenti per tua comodit\u00e0, ma non esaminiamo, controlliamo o monitoriamo i materiali presenti su altri siti Web. Questi siti Web potrebbero contenere informazioni sull&#8217;uso di prodotti o terapie Medtronic che non sono stati approvati negli Stati Uniti. Non controlliamo n\u00e9 promuoviamo questo tipo di informazioni. Non siamo responsabili delle prestazioni di tali siti Web n\u00e9 dei tuoi rapporti commerciali con essi. L&#8217;utilizzo di altri siti Web \u00e8 soggetto alle condizioni d&#8217;uso di tali siti, comprese le politiche sulla privacy degli stessi.<\/p>\n <\/div><\/div>\n\t<\/div>\n<\/div>\n\n\n<div id=\"ms-accordion-item-block_bb98ca0ead1f59233dbe13a3f769db42\" class=\"ms-block ms-accordion-item ms-animated\" data-ms-component=\"accordion-item\">\n\t<button class=\"ms-accordion-item__header\" aria-expanded=\"false\">\n\t\t<h3 class=\"ms-accordion-item__title\">Il tuo feedback, i tuoi commenti e le tue idee<\/h3>\n\t\t<span class=\"ms-accordion-item__icon\"><svg class=\"ms-icon icon-angle-up\"><use xlink:href=\"#icon-angle-up\"><\/use><\/svg><\/span>\n\t<\/button>\n\t<div class=\"ms-accordion-item__content\">\n\t\t<div class=\"ms-accordion-item__content-inner\"><div class=\"ms-content ms-text-body-sm ms-accordion-item__copy\"> <p class=\"p1\">Sebbene siamo lieti di ricevere feedback, commenti e suggerimenti dai visitatori di questo sito Web, desideriamo che gli utenti comprendano che qualsiasi informazione inviata tramite questo sito Web sar\u00e0 considerata non personale, non riservata e non proprietaria (fatta eccezione per le informazioni personali, come definite nella nostra informativa sulla privacy). Se trasmetti idee, informazioni, concetti, know-how, tecniche o materiali tramite questo sito Web, concedi a Medtronic una licenza illimitata, esente da royalty e irrevocabile per l&#8217;utilizzo, la riproduzione, la visualizzazione, l&#8217;esecuzione, la modifica, la trasmissione e la distribuzione degli stessi su qualsiasi supporto e accetti che Medtronic sia libera di utilizzarli per qualsiasi scopo.<\/p>\n <\/div><\/div>\n\t<\/div>\n<\/div>\n\n\n<div id=\"ms-accordion-item-block_7820fbd7cf343e0ab0ef98ef50c865eb\" class=\"ms-block ms-accordion-item ms-animated\" data-ms-component=\"accordion-item\">\n\t<button class=\"ms-accordion-item__header\" aria-expanded=\"false\">\n\t\t<h3 class=\"ms-accordion-item__title\">Assenza di garanzie<\/h3>\n\t\t<span class=\"ms-accordion-item__icon\"><svg class=\"ms-icon icon-angle-up\"><use xlink:href=\"#icon-angle-up\"><\/use><\/svg><\/span>\n\t<\/button>\n\t<div class=\"ms-accordion-item__content\">\n\t\t<div class=\"ms-accordion-item__content-inner\"><div class=\"ms-content ms-text-body-sm ms-accordion-item__copy\"> <p class=\"p1\">Tutti i contenuti di questo sito Web vengono forniti allo stato attuale e secondo disponibilit\u00e0. Medtronic declina ogni responsabilit\u00e0 in merito a garanzie di qualsiasi tipo, esplicite o implicite, previste dalla legge o di altro tipo, incluse, a titolo esemplificativo ma non esaustivo, le garanzie implicite di commerciabilit\u00e0, idoneit\u00e0 per uno scopo particolare e non violazione.<\/p>\n<p class=\"p1\">Medtronic non garantisce l&#8217;accuratezza, la completezza, l&#8217;attualit\u00e0 o l&#8217;affidabilit\u00e0 dei contenuti disponibili su questo sito Web.<\/p>\n<p class=\"p1\">Medtronic non garantisce che l&#8217;utilizzo di questo sito Web sia ininterrotto o privo di errori. \u00c8 tua responsabilit\u00e0 adottare tutte le precauzioni necessarie per garantire che qualsiasi contenuto ottenuto da questo sito Web sia privo di virus e di qualsiasi altro codice informatico potenzialmente distruttivo.<\/p>\n<p class=\"p1\">Alcuni Stati non consentono limitazioni alle garanzie implicite, pertanto una o pi\u00f9 delle limitazioni di cui sopra potrebbero non essere applicabili al tuo caso.<\/p>\n <\/div><\/div>\n\t<\/div>\n<\/div>\n\n\n<div id=\"ms-accordion-item-block_cb1844a7b1250b577414a00cf37e12f2\" class=\"ms-block ms-accordion-item ms-animated\" data-ms-component=\"accordion-item\">\n\t<button class=\"ms-accordion-item__header\" aria-expanded=\"false\">\n\t\t<h3 class=\"ms-accordion-item__title\">Limitazione di responsabilit\u00e0<\/h3>\n\t\t<span class=\"ms-accordion-item__icon\"><svg class=\"ms-icon icon-angle-up\"><use xlink:href=\"#icon-angle-up\"><\/use><\/svg><\/span>\n\t<\/button>\n\t<div class=\"ms-accordion-item__content\">\n\t\t<div class=\"ms-accordion-item__content-inner\"><div class=\"ms-content ms-text-body-sm ms-accordion-item__copy\"> <p class=\"p1\">Accetti che n\u00e9 Medtronic n\u00e9 altre persone o aziende legate a Medtronic possano essere ritenute responsabili per eventuali danni causati dall&#8217;uso o dall&#8217;impossibilit\u00e0 di usare questo sito Web o i materiali in esso contenuti. Tale protezione include richieste di risarcimento basate su garanzia, contratto, illecito civile, responsabilit\u00e0 oggettiva e qualsiasi altra teoria giuridica. Questa protezione \u00e8 valida per Medtronic, i suoi dirigenti, amministratori, dipendenti, agenti e fornitori menzionati su questo sito Web. Questa protezione comprende tutte le perdite, incluse, senza limitazioni, danni diretti o indiretti, speciali, incidentali, consequenziali, esemplari e punitivi, lesioni personali\/morte causata da negligenza, perdita di profitti o danni derivanti dalla perdita di dati o dall&#8217;interruzione dell&#8217;attivit\u00e0.<\/p>\n<p class=\"p1\">La responsabilit\u00e0 totale di Medtronic, dei suoi funzionari, direttori, dipendenti, agenti e fornitori, se applicabile, per perdite o danni sar\u00e0 limitata all&#8217;importo dei danni effettivi subiti, senza superare i 100,00 dollari statunitensi. Il limite di responsabilit\u00e0 potrebbe non essere valido in alcuni Stati. In nessun caso, Medtronic, i suoi funzionari, direttori, dipendenti, agenti o fornitori saranno responsabili nei tuoi confronti per eventuali perdite o danni diversi dall&#8217;importo sopra indicato. Sono esclusi tutti gli altri danni, diretti o indiretti, speciali, incidentali, consequenziali, esemplari o punitivi, derivanti dall&#8217;uso del sito Web o dei materiali, anche nel caso in cui Medtronic sia stata informata della possibilit\u00e0 di tali danni.<\/p>\n <\/div><\/div>\n\t<\/div>\n<\/div>\n\n\n<div id=\"ms-accordion-item-block_a2b08e7754d70ecf48ea481be976734f\" class=\"ms-block ms-accordion-item ms-animated\" data-ms-component=\"accordion-item\">\n\t<button class=\"ms-accordion-item__header\" aria-expanded=\"false\">\n\t\t<h3 class=\"ms-accordion-item__title\">Altre regole su questo sito<\/h3>\n\t\t<span class=\"ms-accordion-item__icon\"><svg class=\"ms-icon icon-angle-up\"><use xlink:href=\"#icon-angle-up\"><\/use><\/svg><\/span>\n\t<\/button>\n\t<div class=\"ms-accordion-item__content\">\n\t\t<div class=\"ms-accordion-item__content-inner\"><div class=\"ms-content ms-text-body-sm ms-accordion-item__copy\"> <p class=\"p1\">Oltre alle regole riportate nelle presenti condizioni d&#8217;uso e nell&#8217;informativa sulla privacy, potresti essere soggetto\/a a condizioni aggiuntive che potrebbero essere applicabili al momento dell&#8217;accesso a particolari servizi o materiali in determinate aree di questo sito Web, ad esempio quando acquisti servizi avanzati o segui un collegamento da questo sito Web. Ti invitiamo a leggere la nostra informativa sulla privacy per capire come proteggiamo e utilizziamo le informazioni raccolte attraverso questo sito Web.<\/p>\n<p class=\"p1\">I tuoi obblighi in base a questa sezione e alle sezioni intitolate \u201cIl tuo feedback, i tuoi commenti e le tue idee\u201d, \u201cAssenza di garanzie\u201d e \u201cLimitazione di responsabilit\u00e0\u201d continueranno a essere validi anche dopo la risoluzione delle presenti condizioni d&#8217;uso.<\/p>\n<p class=\"p1\">Se una qualsiasi clausola di queste condizioni d&#8217;uso viene ritenuta non valida da un tribunale competente, la non validit\u00e0 di tale clausola non influir\u00e0 in alcun modo sulla validit\u00e0 delle restanti clausole delle presenti condizioni d&#8217;uso, che rimarranno pienamente valide ed efficaci. Nessuna deroga a una qualsiasi delle presenti condizioni d&#8217;uso potr\u00e0 essere considerata come una deroga ulteriore o continuativa a tale condizione o a qualsiasi altra condizione.<\/p>\n<p class=\"p1\">Se non rispetti queste condizioni d&#8217;uso o l&#8217;informativa sulla privacy in un modo che danneggia altri individui, accetti di sollevare Medtronic da qualsiasi responsabilit\u00e0 per tale danno.<\/p>\n<p class=\"p1\">Utilizzando questo sito web, accetti che l&#8217;unica giurisdizione e sede competente per qualsiasi controversia riguardante Medtronic o in qualsiasi modo correlata al tuo utilizzo di questo sito Web sia quella dei tribunali statali e federali dello Stato del Minnesota, Stati Uniti. Acconsenti inoltre all&#8217;esercizio della giurisdizione personale in tali tribunali in relazione a qualsiasi controversia che coinvolga Medtronic o le sue affiliate, i suoi dipendenti, funzionari, amministratori, agenti o fornitori.<\/p>\n<p class=\"p1\">Le presenti condizioni d&#8217;uso sono regolate dalle leggi sostanziali interne dello Stato del Minnesota, indipendentemente dai principi di conflitto di leggi, e dalle leggi federali degli Stati Uniti.<\/p>\n <\/div><\/div>\n\t<\/div>\n<\/div>\n\n\n<div id=\"ms-accordion-item-block_1b894df2bc3b9c9a0a9aebeb2fbe0e2e\" class=\"ms-block ms-accordion-item ms-animated\" data-ms-component=\"accordion-item\">\n\t<button class=\"ms-accordion-item__header\" aria-expanded=\"false\">\n\t\t<h3 class=\"ms-accordion-item__title\">Avvisi<\/h3>\n\t\t<span class=\"ms-accordion-item__icon\"><svg class=\"ms-icon icon-angle-up\"><use xlink:href=\"#icon-angle-up\"><\/use><\/svg><\/span>\n\t<\/button>\n\t<div class=\"ms-accordion-item__content\">\n\t\t<div class=\"ms-accordion-item__content-inner\"><div class=\"ms-content ms-text-body-sm ms-accordion-item__copy\"> <p class=\"p1\">Medtronic potr\u00e0 inviare comunicazioni tramite posta elettronica o tramite un avviso generale pubblicato su questo sito Web.<\/p>\n <\/div><\/div>\n\t<\/div>\n<\/div>\n\n\t\t<\/div>\n\t<\/div>\n<\/div>","protected":false},"excerpt":{"rendered":"","protected":false},"author":4,"featured_media":0,"parent":0,"menu_order":0,"comment_status":"closed","ping_status":"closed","template":"template-legal.php","meta":{"_acf_changed":true,"footnotes":""},"class_list":["post-1334","page","type-page","status-publish","hentry"],"acf":[],"featured_image_src":null,"featured_image_src_square":null,"_links":{"self":[{"href":"https:\/\/www.medtronicspark.com\/it\/wp-json\/wp\/v2\/pages\/1334","targetHints":{"allow":["GET"]}}],"collection":[{"href":"https:\/\/www.medtronicspark.com\/it\/wp-json\/wp\/v2\/pages"}],"about":[{"href":"https:\/\/www.medtronicspark.com\/it\/wp-json\/wp\/v2\/types\/page"}],"author":[{"embeddable":true,"href":"https:\/\/www.medtronicspark.com\/it\/wp-json\/wp\/v2\/users\/4"}],"replies":[{"embeddable":true,"href":"https:\/\/www.medtronicspark.com\/it\/wp-json\/wp\/v2\/comments?post=1334"}],"version-history":[{"count":0,"href":"https:\/\/www.medtronicspark.com\/it\/wp-json\/wp\/v2\/pages\/1334\/revisions"}],"wp:attachment":[{"href":"https:\/\/www.medtronicspark.com\/it\/wp-json\/wp\/v2\/media?parent=1334"}],"curies":[{"name":"wp","href":"https:\/\/api.w.org\/{rel}","templated":true}]}}