{"id":803,"date":"2026-01-12T17:53:20","date_gmt":"2026-01-12T17:53:20","guid":{"rendered":"https:\/\/staging.medtronicspark.com\/connect\/"},"modified":"2026-04-24T15:32:45","modified_gmt":"2026-04-24T15:32:45","slug":"connect","status":"publish","type":"page","link":"https:\/\/www.medtronicspark.com\/fr\/connect\/","title":{"rendered":"Se connecter\u00a0"},"content":{"rendered":"<section id=\"ms-hero-block_461fd5837e2e923ff7b9cefdb389636f\"  class=\"ms-block ms-hero ms-hero--theme-dark ms-hero--start-align ms-hero--decoration-style4 ms-hero--without-column-images\" data-ms-component=\"hero\">\n\t\n\t<!-- Hero Background -->\n\t<picture  class=\"ms-picture ms-hero__background-picture\"><source srcset=\"https:\/\/www.medtronicspark.com\/wp-content\/uploads\/2026\/01\/connect-hero-bg-mobile-v4.webp\" media=\"(max-width: 767px)\"><img loading=\"lazy\" decoding=\"async\" width=\"2160\" height=\"1230\" src=\"https:\/\/www.medtronicspark.com\/wp-content\/uploads\/2026\/03\/connect-hero-bg-with-gradient.webp\" class=\"attachment-full size-full\" alt=\"\" srcset=\"https:\/\/www.medtronicspark.com\/wp-content\/uploads\/2026\/03\/connect-hero-bg-with-gradient.webp 2160w, https:\/\/www.medtronicspark.com\/wp-content\/uploads\/2026\/03\/connect-hero-bg-with-gradient-300x171.webp 300w, https:\/\/www.medtronicspark.com\/wp-content\/uploads\/2026\/03\/connect-hero-bg-with-gradient-1024x583.webp 1024w, https:\/\/www.medtronicspark.com\/wp-content\/uploads\/2026\/03\/connect-hero-bg-with-gradient-768x437.webp 768w, https:\/\/www.medtronicspark.com\/wp-content\/uploads\/2026\/03\/connect-hero-bg-with-gradient-1536x875.webp 1536w, https:\/\/www.medtronicspark.com\/wp-content\/uploads\/2026\/03\/connect-hero-bg-with-gradient-2048x1166.webp 2048w\" sizes=\"auto, (max-width: 2160px) 100vw, 2160px\" \/><\/picture>\t \n\t<div class=\"ms-hero__container\">\n\t\t<div class=\"ms-hero__column ms-hero__column--left\">\n\t\t\t\n\t\t\t<div class=\"ms-hero__content\" data-ms-entry-animate=\"fade-up\" data-ms-entry-animate-stagger=\"0.2\">\n\n\t\t\t\t<h1 class=\"ms-title ms-heading-h1 ms-hero__title ms-animated\"><span class=\"ms-title-line ms-animated ms-font-secondary ms-title-line--accent-light-blue\">\u00c9clairer la<\/span><span class=\"ms-title-line ms-animated ms-font-primary\">voie \u00e0 suivre.<\/span><\/h1>\n\t\t\t\t\t\t\t\t<div class=\"ms-hero__text-content\" style=\"max-width:400px;\">\n\t\t\t\t\t\n\t\t\t\t\t<div class=\"ms-content ms-text-body-md ms-hero__copy ms-animated\"> <p>D\u00e9couvrez comment le programme Medtronic Spark soutient les \u00e9tudiants gr\u00e2ce \u00e0 un apprentissage pratique, une formation ax\u00e9e sur le monde r\u00e9el et un acc\u00e8s financier.<\/p>\n <\/div>\n\t\t\t\t\t\t\t\t\t<\/div>\n\t\t\t\t\t\t\t<\/div>\n\t\t<\/div>\n\n\t\t<div class=\"ms-hero__column ms-hero__column--right\">\n\t\t\t<div class=\"ms-hero__hero-image-wrapper\">\n\t\t\t\t<div class=\"ms-hero__picture-wrapper\">\n\t\t\t\t\t\n\t\t\t\t\t<div class=\"ms-animated-icon ms-animated-icon--icon-brand-divided-asterisk\"><div class=\"ms-animated-icon__entry ms-animated-icon__entry--icon-brand-divided-asterisk\" data-ms-entry-animate=\"icon-zoom-in-bounced\" data-ms-entry-animate-delay=\"0.5\"><div class=\"ms-animated-icon__parallax ms-animated-icon__parallax--icon-brand-divided-asterisk\" data-ms-parallax data-ms-parallax-amount=\"-15\" data-ms-parallax-start=\"top 30%\" data-ms-parallax-end=\"+=150\"><svg class=\"ms-icon icon-brand-divided-asterisk\"class=\"ms-animated-icon__svg\"><use xlink:href=\"#icon-brand-divided-asterisk\"><\/use><\/svg><\/div><\/div><\/div>\t\t\t\t\t\n\t\t\t\t\t<div class=\"ms-hero__image-decoration-wrapper\">\n\t\t\t\t\t\t\t\t\t\t\t\t\t\t\t\t\t<\/div>\n\t\t\t\t<\/div>\n\t\t\t<\/div>\n\t\t<\/div>\n\t<\/div>\n<\/section>\n\n\n\n<div id=\"ms-hero-callout-block_06ecd3816ac40ca10418a0c2c51ce590\" \n\tclass=\"ms-block ms-hero-callout ms-hero-callout--overlap-mode\"\n\tdata-ms-component=\"hero-callout\"\n\tdata-ms-option-overlap-mode=\"true\"\n\tdata-ms-entry-animate=\"fade-up\"\n\tdata-ms-entry-animate-delay=\"0.2\"\n\tdata-ms-entry-animate-stagger=\"0.25\"\n\t>\n\n\t<div class=\"container-narrow ms-hero-callout__container\">\n\t\t<div class=\"ms-hero-callout__card\">\n\t\t\t<div class=\"ms-hero-callout__content\">\n\t\t\t\t\t\t\t\t<h2 class=\"ms-hero-callout__title ms-animated ms-font-secondary\">Votre avenir commence aujourd\u2019hui.<\/h2>\n\t\t\t\t\t\t\t\t<div class=\"ms-content ms-text-body-md ms-hero-callout__copy ms-animated\"> <p>Inscrivez-vous pour rester inform\u00e9(e) des possibilit\u00e9s d\u2019apprentissage pratique, de certifications et de bourses d\u2019\u00e9tudes.<\/p>\n <\/div>\t\t\t<\/div>\n\n\t\t\t<a href=\"#sign-up\" class=\"ms-button ms-animated\">S\u2019inscrire<svg class=\"ms-icon icon-arrow-right\"><use xlink:href=\"#icon-arrow-right\"><\/use><\/svg><\/a>\t\t<\/div>\n\t<\/div>\n<\/div>\n\n\n<div id=\"ms-hero-quote-block_e27da51117b5cd6fb865d4e9e3355519\" class=\"ms-block ms-hero-quote ms-hero-quote--theme-dark ms-hero-quote--align-right\">\n\t<picture  class=\"ms-picture ms-hero-quote__background-picture\"><source srcset=\"https:\/\/www.medtronicspark.com\/wp-content\/uploads\/2026\/01\/connect-quote-mobile.webp\" media=\"(max-width: 767px)\"><img loading=\"lazy\" decoding=\"async\" width=\"2160\" height=\"1200\" src=\"https:\/\/www.medtronicspark.com\/wp-content\/uploads\/2026\/01\/connect-quote.webp\" class=\"attachment-full size-full\" alt=\"\" srcset=\"https:\/\/www.medtronicspark.com\/wp-content\/uploads\/2026\/01\/connect-quote.webp 2160w, https:\/\/www.medtronicspark.com\/wp-content\/uploads\/2026\/01\/connect-quote-300x167.webp 300w, https:\/\/www.medtronicspark.com\/wp-content\/uploads\/2026\/01\/connect-quote-1024x569.webp 1024w, https:\/\/www.medtronicspark.com\/wp-content\/uploads\/2026\/01\/connect-quote-768x427.webp 768w, https:\/\/www.medtronicspark.com\/wp-content\/uploads\/2026\/01\/connect-quote-1536x853.webp 1536w, https:\/\/www.medtronicspark.com\/wp-content\/uploads\/2026\/01\/connect-quote-2048x1138.webp 2048w\" sizes=\"auto, (max-width: 2160px) 100vw, 2160px\" \/><\/picture>\n\t<div class=\"container\">\n\t\t<figure class=\"ms-hero-quote__figure\" data-ms-entry-animate=\"fade-up\" data-ms-entry-animate-delay=\"0.2\" data-ms-entry-animate-stagger=\"0.25\">\n\t\t\t<div class=\"ms-animated ms-hero-quote__blockquote-wrapper\">\n\t\t\t\t<svg class=\"ms-icon icon-quotes\"><use xlink:href=\"#icon-quotes\"><\/use><\/svg>\t\t\t\t<blockquote class=\"ms-hero-quote__blockquote\">\n\t\t\t\t\t<div class=\"ms-content ms-text-body-lg ms-split-section__copy\"> <p>Nous voulons nous assurer que nous ne nous contentons pas d\u2019influencer la vie des jeunes, mais que nous changeons v\u00e9ritablement le cours de leur vie en leur offrant des opportunit\u00e9s futures dans le domaine des technologies de la sant\u00e9, sources d\u2019un impact durable sur plusieurs g\u00e9n\u00e9rations.\u201d<\/p>\n <\/div>\t\t\t\t<\/blockquote>\n\t\t\t<\/div>\n\n\t\t\t\t\t\t<figcaption class=\"ms-hero-quote__figcaption\">\n\t\t\t\t\t\t\t\t\t\t\t<span class=\"ms-animated ms-hero-quote__author-name ms-font-secondary\">Dr Sally Saba<\/span>\n\t\t\t\t\t\n\t\t\t\t\t\t\t\t\t\t\t<span class=\"ms-animated ms-hero-quote__author-title\">President of Medtronic Foundation<\/span>\n\t\t\t\t\t\t\t\t<\/figcaption>\n\t\t\t\t\t<\/figure>\n\t<\/div>\n<\/div>\n\n\n<div class=\"ms-cards-section ms-cards-section--white\" data-ms-component=\"cards\">\n\t\n\t\t\t<div class=\"container ms-cards-section__description-container\" data-ms-entry-animate=\"fade-up\" data-ms-entry-animate-delay=\"0.2\">\n\t\t\t<div class=\"ms-cards-section__description\">\n\t\t\t\tLe programme Medtronic Spark investit dans les talents de demain, afin qu\u2019ils soient pr\u00eats pour des carri\u00e8res florissantes dans les technologies de la sant\u00e9.\t\t\t<\/div>\n\t\t<\/div>\n\t\t\n\t<div class=\"ms-cards-section__grid\">\n\t\t<div class=\"ms-cards-section__cards container ms-cards-section--columns-3\" data-ms-entry-animate=\"fade-up\" data-ms-entry-animate-delay=\"0.4\">\n\t\t\t\n\t\t\t\t\n\t\t\t\t\t\t\t\t\t\t<a href=\"https:\/\/www.medtronicspark.com\/fr\/scholarship\/\" target=\"\" class=\"ms-cards-section__card ms-cards-section__card--primary initial\">\n\t\t\t\t\t\t\t\t\t\t\t<div class=\"ms-card__image\">\n\t\t\t\t\t\t\t\t\t\t\t\t\t\t\t<img decoding=\"async\" src=\"https:\/\/www.medtronicspark.com\/wp-content\/uploads\/2026\/02\/french_connectpage_scholarship_desktop-768x511.webp\" alt=\"\" \/>\n\t\t\t\t\t\t\t\t\t\t\t\t\t<\/div>\n\t\t\t\t\t\t\t\t\t\t\t\t<div class=\"ms-card__content ms-card__content--align-center ms-card__content--bg-onix ms-card__content--color-white\">\n\t\t\t\t\t\t\t\t\t\t\t\t\t\t\n\t\t\t\t\t\t\t\t\t\t\t\t\t\t\t<h3 class=\"ms-card__content-title\">Medtronic Spark Scholarship<\/h3>\n\t\t\t\t\t\t\t\t\t\t\t\t\t\t\n\t\t\t\t\t\t\t\t\t\t\t\t\t\t\t<div class=\"ms-card__content-body\">\n\t\t\t\t\t\t\t\tBien plus qu\u2019un soutien ponctuel, le programme Medtronic Spark Scholarship accompagne les \u00e9tudiants tout au long de leur parcours de formation.\t\t\t\t\t\t\t\t<\/div>\n\t\t\t\t\t\t\t\t\t\t\t\t\t<\/div>\n\n\t\t\t\t\t\t\t\t\t\t\t\t\t\t\t\t\t\t\t\t<div class=\"ms-card__icon-decorator ms-card__icon-decorator--left ms-card__icon-decorator--light-blue ms-card__icon-decorator--cards-up-arrow\">\n\t\t\t\t\t\t\t\t<div class=\"ms-animated-icon ms-animated-icon--cards-up-arrow\"><div class=\"ms-animated-icon__entry ms-animated-icon__entry--cards-up-arrow\" data-ms-entry-animate=\"icon-fade-up\" data-ms-entry-animate-delay=\"0.75\"><svg class=\"ms-icon cards-up-arrow\"class=\"ms-animated-icon__svg\"><use xlink:href=\"#cards-up-arrow\"><\/use><\/svg><\/div><\/div>\t\t\t\t\t\t\t<\/div>\n\t\t\t\t\t\t\t\t\t\t\t\n\t\t\t\t\t\t\t\t\t\t<\/a>\n\t\t\t\t\t\t\t\t\t\n\t\t\t\t\t\t\t\t\t\t<a href=\"https:\/\/www.medtronicspark.com\/fr\/credentials\/\" target=\"\" class=\"ms-cards-section__card ms-cards-section__card--primary\">\n\t\t\t\t\t\t\t\t\t\t\t<div class=\"ms-card__image\">\n\t\t\t\t\t\t\t\t\t\t\t\t\t\t\t<img decoding=\"async\" src=\"https:\/\/www.medtronicspark.com\/wp-content\/uploads\/2026\/02\/french_connectpage_credentials_desktop-768x511.webp\" alt=\"\" \/>\n\t\t\t\t\t\t\t\t\t\t\t\t\t<\/div>\n\t\t\t\t\t\t\t\t\t\t\t\t<div class=\"ms-card__content ms-card__content--align-center ms-card__content--bg-blue ms-card__content--color-dark-blue\">\n\t\t\t\t\t\t\t\t\t\t\t\t\t\t\n\t\t\t\t\t\t\t\t\t\t\t\t\t\t\t<h3 class=\"ms-card__content-title\">Medtronic Spark Credentials<\/h3>\n\t\t\t\t\t\t\t\t\t\t\t\t\t\t\n\t\t\t\t\t\t\t\t\t\t\t\t\t\t\t<div class=\"ms-card__content-body\">\n\t\t\t\t\t\t\t\tLes cours en ligne et les programmes de formation offrent aux \u00e9tudiants des comp\u00e9tences pr\u00eates \u00e0 l&#039;emploi pour des carri\u00e8res en technologies de la sant\u00e9, sans n\u00e9cessiter de dipl\u00f4me universitaire.\t\t\t\t\t\t\t\t<\/div>\n\t\t\t\t\t\t\t\t\t\t\t\t\t<\/div>\n\n\t\t\t\t\t\t\t\t\t\t\t\t\t\t\t\t\t\t\t\t<div class=\"ms-card__icon-decorator ms-card__icon-decorator--top-right ms-card__icon-decorator--fuschia ms-card__icon-decorator--cards-asterisk\">\n\t\t\t\t\t\t\t\t<div class=\"ms-animated-icon ms-animated-icon--cards-asterisk\"><div class=\"ms-animated-icon__entry ms-animated-icon__entry--cards-asterisk\" data-ms-entry-animate=\"icon-zoom-in-bounced\" data-ms-entry-animate-delay=\"0.75\"><svg class=\"ms-icon cards-asterisk\"class=\"ms-animated-icon__svg\"><use xlink:href=\"#cards-asterisk\"><\/use><\/svg><\/div><\/div>\t\t\t\t\t\t\t<\/div>\n\t\t\t\t\t\t\t\t\t\t\t\n\t\t\t\t\t\t\t\t\t\t<\/a>\n\t\t\t\t\t\t\t\t\t\n\t\t\t\t\t\t\t\t\t\t<a href=\"https:\/\/www.medtronicspark.com\/fr\/explore\/\" target=\"\" class=\"ms-cards-section__card ms-cards-section__card--primary\">\n\t\t\t\t\t\t\t\t\t\t\t<div class=\"ms-card__image\">\n\t\t\t\t\t\t\t\t\t\t\t\t\t\t\t<img decoding=\"async\" src=\"https:\/\/www.medtronicspark.com\/wp-content\/uploads\/2026\/02\/portuguese_connectpage_explore_desktop-1-768x511.webp\" alt=\"\" \/>\n\t\t\t\t\t\t\t\t\t\t\t\t\t<\/div>\n\t\t\t\t\t\t\t\t\t\t\t\t<div class=\"ms-card__content ms-card__content--align-center ms-card__content--bg-iris ms-card__content--color-white\">\n\t\t\t\t\t\t\t\t\t\t\t\t\t\t\n\t\t\t\t\t\t\t\t\t\t\t\t\t\t\t<h3 class=\"ms-card__content-title\">Medtronic Spark Explore<\/h3>\n\t\t\t\t\t\t\t\t\t\t\t\t\t\t\n\t\t\t\t\t\t\t\t\t\t\t\t\t\t\t<div class=\"ms-card__content-body\">\n\t\t\t\t\t\t\t\tLes \u00e9tudiants acqui\u00e8rent une exp\u00e9rience pratique et concr\u00e8te des technologies de la sant\u00e9, en explorant les syst\u00e8mes du corps humain et les concepts d\u2019innovation.\t\t\t\t\t\t\t\t<\/div>\n\t\t\t\t\t\t\t\t\t\t\t\t\t<\/div>\n\n\t\t\t\t\t\t\t\t\t\t\t\t\t\t\t\t\t\t\t\t<div class=\"ms-card__icon-decorator ms-card__icon-decorator--right ms-card__icon-decorator--dark-blue ms-card__icon-decorator--cards-up-arrow\">\n\t\t\t\t\t\t\t\t<div class=\"ms-animated-icon ms-animated-icon--cards-up-arrow\"><div class=\"ms-animated-icon__entry ms-animated-icon__entry--cards-up-arrow\" data-ms-entry-animate=\"icon-fade-up\" data-ms-entry-animate-delay=\"0.75\"><svg class=\"ms-icon cards-up-arrow\"class=\"ms-animated-icon__svg\"><use xlink:href=\"#cards-up-arrow\"><\/use><\/svg><\/div><\/div>\t\t\t\t\t\t\t<\/div>\n\t\t\t\t\t\t\t\t\t\t\t\n\t\t\t\t\t\t\t\t\t\t<\/a>\n\t\t\t\t\t\t\t\t\t\t<\/div>\n\t\t\t<\/div>\n<\/div>\n\n\n<div id=\"sign-up\" class=\"ms-block ms-split-form\">\n\t<picture class=\"ms-picture ms-picture--background-image ms-card-section__background-picture\">\n\t\t<source srcset=\"\" media=\"(max-width: 768px)\" type=\"image\/webp\">\n\t\t<img decoding=\"async\" src=\"https:\/\/www.medtronicspark.com\/wp-content\/themes\/medtronic_spark\/assets\/images\/connect-sign-up-form.webp\" alt=\"\" class=\"ms-picture__background-image\">\n\t<\/picture>\n\t<div class=\"container ms-split-form__container\">\n\t\t<div class=\"ms-split-form__content\">\n\t\t\t<div class=\"ms-form ms-form--glass\" \n\tdata-ms-component=\"form\" \n\tdata-ms-entry-animate=\"fade-up\" data-ms-entry-animate-delay=\"0.2\" data-ms-entry-animate-stagger=\"0.25\">\n\t<div id=\"ms-reuse-69f43acdc1068\" class=\"ms-block ms-section-title ms-section-title--large\"\n\t data-ms-entry-animate=\"fade-up\" data-ms-entry-animate-delay=\"0.2\" data-ms-entry-animate-stagger=\"0.25\">\n\t<div class=\"container ms-section-title__container\">\n\t\t<h2 class=\"ms-section-title__heading ms-section-title--has-icon\"><span class=\"ms-section-title__heading-line ms-animated ms-font-secondary ms-section-title__heading-line--primary\">Inscrivez-vous pour recevoir les mises \u00e0 jour sur<\/span><span class=\"ms-section-title__heading-line ms-animated ms-font-primary\">le programme Medtronic Spark<\/span><\/h2>\t<\/div>\n<\/div>\n\n\n\t<div class=\"ms-form__container ms-animated\">\n\t\t<form \n\t\t\tid=\"ms-form-1\" \n\t\t\tclass=\"ms-form__form\" \n\t\t\tmethod=\"post\" \n\t\t\taction=\"https:\/\/www.medtronicspark.com\/wp-admin\/admin-ajax.php\" \n\t\t>\n\t\t\t<input type=\"hidden\" id=\"ms_form_nonce\" name=\"ms_form_nonce\" value=\"6c1d7dbc42\" \/><input type=\"hidden\" name=\"_wp_http_referer\" value=\"\/fr\/wp-json\/wp\/v2\/pages\/803\" \/>\t\t\t<input type=\"hidden\" name=\"action\" value=\"ms_submit_form\" \/>\n\t\t\t<input type=\"hidden\" name=\"language\" value=\"fr\" \/>\n\t\t\t<input type=\"hidden\" name=\"form_id\" value=\"connect\" \/>\n\t\t\t\n\t\t\t\t\t\t<div style=\"position: absolute; left: -9999px; width: 1px; height: 1px; overflow: hidden;\" aria-hidden=\"true\">\n\t\t\t\t\t<input type=\"text\" name=\"ms_website\" tabindex=\"-1\" autocomplete=\"off\" \/>\n\t\t\t<\/div>\n\n\t\t\t<div class=\"ms-form__row\">\n\t\t\t\t<div class=\"ms-form__inner-row\">\n\t\t\t\t\t<div class=\"ms-form__field\">\n\t\t\t\t\t\t<input \n\t\t\t\t\t\t\ttype=\"text\" \n\t\t\t\t\t\t\tname=\"first_name\" \n\t\t\t\t\t\t\tclass=\"ms-form__input\" \n\t\t\t\t\t\t\trequired\n\t\t\t\t\t\t\tmaxlength=\"100\"\n\t\t\t\t\t\t\tautoComplete=\"given-name\"\n\t\t\t\t\t\t\tplaceholder=\"Pr\u00e9nom*\"\n\t\t\t\t\t\t\/>\n\t\t\t\t\t<\/div>\n\t\t\t\t\t\n\t\t\t\t\t<div class=\"ms-form__field\">\n\t\t\t\t\t\t<input \n\t\t\t\t\t\t\ttype=\"text\" \n\t\t\t\t\t\t\tname=\"last_name\" \n\t\t\t\t\t\t\tclass=\"ms-form__input\" \n\t\t\t\t\t\t\tautoComplete=\"family-name\"\n\t\t\t\t\t\t\trequired\n\t\t\t\t\t\t\tmaxlength=\"150\"\n\t\t\t\t\t\t\tplaceholder=\"Nom*\"\n\t\t\t\t\t\t\/>\n\t\t\t\t\t<\/div>\n\t\t\t\t<\/div>\n\n\t\t\t\t<div class=\"ms-form__field\">\n\t\t\t\t\t<input \n\t\t\t\t\t\ttype=\"email\" \n\t\t\t\t\t\tname=\"email\" \n\t\t\t\t\t\tclass=\"ms-form__input\" \n\t\t\t\t\t\trequired\n\t\t\t\t\t\tautoComplete=\"email\"\n\t\t\t\t\t\tmaxlength=\"254\"\n\t\t\t\t\t\tplaceholder=\"Adresse e-mail*\"\n\t\t\t\t\t\/>\n\t\t\t\t<\/div>\n\t\t\t<\/div>\n\n\t\t\t<div class=\"ms-form__row\">\n\t\t\t\t<div class=\"ms-form__field ms-form__field--select\">\n\t\t\t\t\t<input type=\"hidden\" name=\"country_code\" id=\"ms-form-country-code\" \/>\n\t\t\t\t\t<select \n\t\t\t\t\t\tid=\"ms-form-country-select\" \n\t\t\t\t\t\tname=\"country\" \n\t\t\t\t\t\tclass=\"ms-form__select ms-form__select--country\" \n\t\t\t\t\t\tautoComplete=\"country\"\n\t\t\t\t\t\tdata-country-codes=\"[&quot;AF&quot;,&quot;AX&quot;,&quot;AL&quot;,&quot;DZ&quot;,&quot;AS&quot;,&quot;AD&quot;,&quot;AO&quot;,&quot;AI&quot;,&quot;AQ&quot;,&quot;AG&quot;,&quot;AR&quot;,&quot;AM&quot;,&quot;AW&quot;,&quot;AU&quot;,&quot;AT&quot;,&quot;AZ&quot;,&quot;BS&quot;,&quot;BH&quot;,&quot;BD&quot;,&quot;BB&quot;,&quot;BY&quot;,&quot;BE&quot;,&quot;BZ&quot;,&quot;BJ&quot;,&quot;BM&quot;,&quot;BT&quot;,&quot;BO&quot;,&quot;BA&quot;,&quot;BW&quot;,&quot;BV&quot;,&quot;BR&quot;,&quot;IO&quot;,&quot;BN&quot;,&quot;BG&quot;,&quot;BF&quot;,&quot;BI&quot;,&quot;KH&quot;,&quot;CM&quot;,&quot;CA&quot;,&quot;CV&quot;,&quot;KY&quot;,&quot;CF&quot;,&quot;TD&quot;,&quot;CL&quot;,&quot;CN&quot;,&quot;CX&quot;,&quot;CC&quot;,&quot;CO&quot;,&quot;KM&quot;,&quot;CG&quot;,&quot;CD&quot;,&quot;CK&quot;,&quot;CR&quot;,&quot;CI&quot;,&quot;HR&quot;,&quot;CU&quot;,&quot;CW&quot;,&quot;CY&quot;,&quot;CZ&quot;,&quot;DK&quot;,&quot;DJ&quot;,&quot;DM&quot;,&quot;DO&quot;,&quot;EC&quot;,&quot;EG&quot;,&quot;SV&quot;,&quot;GQ&quot;,&quot;ER&quot;,&quot;EE&quot;,&quot;ET&quot;,&quot;FK&quot;,&quot;FO&quot;,&quot;FJ&quot;,&quot;FI&quot;,&quot;FR&quot;,&quot;GF&quot;,&quot;PF&quot;,&quot;TF&quot;,&quot;GA&quot;,&quot;GM&quot;,&quot;GE&quot;,&quot;DE&quot;,&quot;GH&quot;,&quot;GI&quot;,&quot;GR&quot;,&quot;GL&quot;,&quot;GD&quot;,&quot;GP&quot;,&quot;GU&quot;,&quot;GT&quot;,&quot;GG&quot;,&quot;GN&quot;,&quot;GW&quot;,&quot;GY&quot;,&quot;HT&quot;,&quot;HM&quot;,&quot;VA&quot;,&quot;HN&quot;,&quot;HK&quot;,&quot;HU&quot;,&quot;IS&quot;,&quot;IN&quot;,&quot;ID&quot;,&quot;IR&quot;,&quot;IQ&quot;,&quot;IE&quot;,&quot;IM&quot;,&quot;IL&quot;,&quot;IT&quot;,&quot;JM&quot;,&quot;JP&quot;,&quot;JE&quot;,&quot;JO&quot;,&quot;KZ&quot;,&quot;KE&quot;,&quot;KI&quot;,&quot;KP&quot;,&quot;KR&quot;,&quot;KW&quot;,&quot;KG&quot;,&quot;LA&quot;,&quot;LV&quot;,&quot;LB&quot;,&quot;LS&quot;,&quot;LR&quot;,&quot;LY&quot;,&quot;LI&quot;,&quot;LT&quot;,&quot;LU&quot;,&quot;MO&quot;,&quot;MK&quot;,&quot;MG&quot;,&quot;MW&quot;,&quot;MY&quot;,&quot;MV&quot;,&quot;ML&quot;,&quot;MT&quot;,&quot;MH&quot;,&quot;MQ&quot;,&quot;MR&quot;,&quot;MU&quot;,&quot;YT&quot;,&quot;MX&quot;,&quot;FM&quot;,&quot;MD&quot;,&quot;MC&quot;,&quot;MN&quot;,&quot;ME&quot;,&quot;MS&quot;,&quot;MA&quot;,&quot;MZ&quot;,&quot;MM&quot;,&quot;NA&quot;,&quot;NR&quot;,&quot;NP&quot;,&quot;NL&quot;,&quot;NC&quot;,&quot;NZ&quot;,&quot;NI&quot;,&quot;NE&quot;,&quot;NG&quot;,&quot;NU&quot;,&quot;NF&quot;,&quot;MP&quot;,&quot;NO&quot;,&quot;OM&quot;,&quot;PK&quot;,&quot;PW&quot;,&quot;PS&quot;,&quot;PA&quot;,&quot;PG&quot;,&quot;PY&quot;,&quot;PE&quot;,&quot;PH&quot;,&quot;PN&quot;,&quot;PL&quot;,&quot;PT&quot;,&quot;PR&quot;,&quot;QA&quot;,&quot;RE&quot;,&quot;RO&quot;,&quot;RU&quot;,&quot;RW&quot;,&quot;BL&quot;,&quot;SH&quot;,&quot;KN&quot;,&quot;LC&quot;,&quot;MF&quot;,&quot;PM&quot;,&quot;VC&quot;,&quot;WS&quot;,&quot;SM&quot;,&quot;ST&quot;,&quot;SA&quot;,&quot;SN&quot;,&quot;RS&quot;,&quot;SC&quot;,&quot;SL&quot;,&quot;SG&quot;,&quot;SX&quot;,&quot;SK&quot;,&quot;SI&quot;,&quot;SB&quot;,&quot;SO&quot;,&quot;ZA&quot;,&quot;GS&quot;,&quot;SS&quot;,&quot;ES&quot;,&quot;LK&quot;,&quot;SD&quot;,&quot;SR&quot;,&quot;SJ&quot;,&quot;SZ&quot;,&quot;SE&quot;,&quot;CH&quot;,&quot;SY&quot;,&quot;TW&quot;,&quot;TJ&quot;,&quot;TZ&quot;,&quot;TH&quot;,&quot;TL&quot;,&quot;TG&quot;,&quot;TK&quot;,&quot;TO&quot;,&quot;TT&quot;,&quot;TN&quot;,&quot;TR&quot;,&quot;TM&quot;,&quot;TC&quot;,&quot;TV&quot;,&quot;UG&quot;,&quot;UA&quot;,&quot;AE&quot;,&quot;GB&quot;,&quot;US&quot;,&quot;UM&quot;,&quot;UY&quot;,&quot;UZ&quot;,&quot;VU&quot;,&quot;VE&quot;,&quot;VN&quot;,&quot;VG&quot;,&quot;VI&quot;,&quot;WF&quot;,&quot;EH&quot;,&quot;YE&quot;,&quot;ZM&quot;,&quot;ZW&quot;]\"\n\t\t\t\t\t\tdata-placeholder=\"Pays\"\n\t\t\t\t\t>\n\t\t\t\t\t\t<option value=\"\">Pays<\/option>\n\t\t\t\t\t\t\t\t\t\t\t<\/select>\n\t\t\t\t\t<span class=\"ms-form__select-arrow\">\n\t\t\t\t\t\t<svg class=\"ms-icon select-arrow\"><use xlink:href=\"#select-arrow\"><\/use><\/svg>\t\t\t\t\t<\/span>\n\t\t\t\t<\/div>\n\n\t\t\t\t<div class=\"ms-form__field ms-form__field--select\">\n\t\t\t\t\t<select \n\t\t\t\t\t\tid=\"ms-form-select\" \n\t\t\t\t\t\tname=\"role\" \n\t\t\t\t\t\tclass=\"ms-form__select\" \n\t\t\t\t\t>\n\t\t\t\t\t\t<option value=\"\">Je suis<\/option>\n\t\t\t\t\t\t\t\t\t\t\t\t\t\t\t\t\t\t\t\t\t\t\t\t\t\t\t\t\t\t\t\t\t\t\t\t\t\t\t\t\t\t\t\t\t\t<option value=\"student\">\n\t\t\t\t\t\t\t\t\t\t\u00c9tudiant(e)\t\t\t\t\t\t\t\t\t<\/option>\n\t\t\t\t\t\t\t\t\t\t\t\t\t\t\t\t\t\t\t\t\t\t\t\t\t\t\t\t\t\t\t\t\t\t\t\t\t\t\t\t\t\t\t\t\t\t\t\t<option value=\"parent\">\n\t\t\t\t\t\t\t\t\t\tParent\t\t\t\t\t\t\t\t\t<\/option>\n\t\t\t\t\t\t\t\t\t\t\t\t\t\t\t\t\t\t\t\t\t\t\t\t\t\t\t\t\t\t\t\t\t\t\t\t\t\t\t\t\t\t\t\t\t\t\t\t<option value=\"teacher\">\n\t\t\t\t\t\t\t\t\t\tEnseignant\t\t\t\t\t\t\t\t\t<\/option>\n\t\t\t\t\t\t\t\t\t\t\t\t\t\t\t\t\t\t\t\t\t\t\t\t\t\t\t\t\t\t\t\t\t\t\t\t\t\t\t\t\t\t\t\t\t\t\t\t<option value=\"professor\">\n\t\t\t\t\t\t\t\t\t\tProfesseur\t\t\t\t\t\t\t\t\t<\/option>\n\t\t\t\t\t\t\t\t\t\t\t\t\t\t\t\t\t\t\t\t\t\t\t\t\t\t\t\t\t\t\t\t\t\t\t\t\t\t\t\t\t\t\t\t\t\t\t\t<option value=\"credential-seeker\">\n\t\t\t\t\t\t\t\t\t\tChercheur de r\u00e9f\u00e9rences\t\t\t\t\t\t\t\t\t<\/option>\n\t\t\t\t\t\t\t\t\t\t\t\t\t\t\t\t\t\t\t\t\t\t\t\t\t\t\t\t\t\t\t\t\t\t\t\t\t\t\t\t\t\t\t\t\t\t\t\t<option value=\"other\">\n\t\t\t\t\t\t\t\t\t\tAutre\t\t\t\t\t\t\t\t\t<\/option>\n\t\t\t\t\t\t\t\t\t\t\t\t\t\t\t\t\t\t\t\t\t\t\t\t\t\t\t\t\t\t\t\t\t\t\t\t\t\t\t\t\t\t\t\t\t\t\t\t<option value=\"prefer-not-to-say\">\n\t\t\t\t\t\t\t\t\t\tJe pr\u00e9f\u00e8re ne pas r\u00e9pondre\t\t\t\t\t\t\t\t\t<\/option>\n\t\t\t\t\t\t\t\t\t\t\t\t\t\t\t\t\t\t\t\t\t\t\t\t\t\t<\/select>\n\t\t\t\t\t<span class=\"ms-form__select-arrow\">\n\t\t\t\t\t\t<svg class=\"ms-icon select-arrow\"><use xlink:href=\"#select-arrow\"><\/use><\/svg>\t\t\t\t\t<\/span>\n\t\t\t\t<\/div>\n\n\t\t\t<\/div>\n\n\t\t\t\t\t\t<div class=\"ms-form__row\">\n\t\t\t\t<div class=\"ms-form__field ms-form__field--radio\">\n\t\t\t\t\t<label class=\"ms-form__radio-label\">Je suis int\u00e9ress\u00e9(e) par :<\/label>\n\t\t\t\t\t<div class=\"ms-form__radio-group\">\n\t\t\t\t\t\t\t\t\t\t\t\t\t\t<label class=\"ms-form__radio-option\">\n\t\t\t\t\t\t\t\t\t<input type=\"checkbox\" name=\"interest[]\" value=\"scholarship\" class=\"ms-form__radio-input\" \/>\n\t\t\t\t\t\t\t\t\t<span class=\"ms-form__radio-custom\"><\/span>\n\t\t\t\t\t\t\t\t\t<span class=\"ms-form__radio-text\">Bourse d\u2019\u00e9tudes<\/span>\n\t\t\t\t\t\t\t\t<\/label>\n\t\t\t\t\t\t\t\t\t\t\t\t\t\t\t\t\t\t\t\t\t<label class=\"ms-form__radio-option\">\n\t\t\t\t\t\t\t\t\t<input type=\"checkbox\" name=\"interest[]\" value=\"credentials\" class=\"ms-form__radio-input\" \/>\n\t\t\t\t\t\t\t\t\t<span class=\"ms-form__radio-custom\"><\/span>\n\t\t\t\t\t\t\t\t\t<span class=\"ms-form__radio-text\">Certificats<\/span>\n\t\t\t\t\t\t\t\t<\/label>\n\t\t\t\t\t\t\t\t\t\t\t\t\t\t\t\t\t\t\t\t\t<label class=\"ms-form__radio-option\">\n\t\t\t\t\t\t\t\t\t<input type=\"checkbox\" name=\"interest[]\" value=\"explore\" class=\"ms-form__radio-input\" \/>\n\t\t\t\t\t\t\t\t\t<span class=\"ms-form__radio-custom\"><\/span>\n\t\t\t\t\t\t\t\t\t<span class=\"ms-form__radio-text\">Explorer<\/span>\n\t\t\t\t\t\t\t\t<\/label>\n\t\t\t\t\t\t\t\t\t\t\t\t\t\t\t\t\t\t<\/div>\n\t\t\t\t<\/div>\n\t\t\t<\/div>\n\t\t\t\n\t\t\t<div class=\"ms-form__row\">\n\t\t\t\t<div class=\"ms-form__field ms-form__field--checkbox\">\n\t\t\t\t\t<label class=\"ms-form__checkbox-option\">\n\t\t\t\t\t\t\t\t\t\t\t\t<span class=\"ms-form__checkbox-text\">\n\t\t\t\t\t\t\t<a href=\"https:\/\/www.medtronicspark.com\/privacy-notice\/\" target=\"_blank\" rel=\"noopener\" class=\"ms-form__checkbox-link\">Avis de confidentialit\u00e9<\/a>\n\t\t\t\t\t\t<\/span>\n\t\t\t\t\t\t\t\t\t\t\t<\/label>\n\t\t\t\t<\/div>\n\t\t\t<\/div>\n\n\t\t\t\t\t\t<div class=\"ms-form__row\">\n\t\t\t\t<div class=\"ms-form__field ms-form__field--recaptcha\">\n\t\t\t\t\t<div id=\"ms-form-1-recaptcha\" class=\"ms-form__recaptcha\" data-sitekey=\"6Lfuml4sAAAAAGnh_Tn3dnypPtasKTnRj_HDfzlM\" data-recaptcha=\"checkbox\"><\/div>\t\t\t\t<\/div>\n\t\t\t<\/div>\n\t\t\t\n\t\t\t<div class=\"ms-form__submit\">\n\t\t\t\t<button type=\"submit\" class=\"ms-button ms-form__button\">\n\t\t\t\t\tEnvoyer\t\t\t\t\t<svg class=\"ms-icon icon-arrow-right\"><use xlink:href=\"#icon-arrow-right\"><\/use><\/svg>\t\t\t\t<\/button>\n\t\t\t<\/div>\n\n\t\t\t<div class=\"ms-form__messages\" role=\"alert\" aria-live=\"polite\"><\/div>\n\t\t<\/form>\n\t<\/div>\n<\/div>\t\t<\/div>\n\t<\/div>\n<\/div>","protected":false},"excerpt":{"rendered":"","protected":false},"author":3,"featured_media":0,"parent":0,"menu_order":0,"comment_status":"closed","ping_status":"closed","template":"","meta":{"_acf_changed":true,"footnotes":""},"class_list":["post-803","page","type-page","status-publish","hentry"],"acf":[],"featured_image_src":null,"featured_image_src_square":null,"_links":{"self":[{"href":"https:\/\/www.medtronicspark.com\/fr\/wp-json\/wp\/v2\/pages\/803","targetHints":{"allow":["GET"]}}],"collection":[{"href":"https:\/\/www.medtronicspark.com\/fr\/wp-json\/wp\/v2\/pages"}],"about":[{"href":"https:\/\/www.medtronicspark.com\/fr\/wp-json\/wp\/v2\/types\/page"}],"author":[{"embeddable":true,"href":"https:\/\/www.medtronicspark.com\/fr\/wp-json\/wp\/v2\/users\/3"}],"replies":[{"embeddable":true,"href":"https:\/\/www.medtronicspark.com\/fr\/wp-json\/wp\/v2\/comments?post=803"}],"version-history":[{"count":0,"href":"https:\/\/www.medtronicspark.com\/fr\/wp-json\/wp\/v2\/pages\/803\/revisions"}],"wp:attachment":[{"href":"https:\/\/www.medtronicspark.com\/fr\/wp-json\/wp\/v2\/media?parent=803"}],"curies":[{"name":"wp","href":"https:\/\/api.w.org\/{rel}","templated":true}]}}