{"id":1325,"date":"2026-03-19T15:40:11","date_gmt":"2026-03-19T15:40:11","guid":{"rendered":"https:\/\/staging.medtronicspark.com\/?page_id=1325"},"modified":"2026-03-19T16:20:09","modified_gmt":"2026-03-19T16:20:09","slug":"terms-of-use","status":"publish","type":"page","link":"https:\/\/www.medtronicspark.com\/fr\/terms-of-use\/","title":{"rendered":"Conditions d\u2019utilisation"},"content":{"rendered":"<section id=\"ms-hero-block_d937b12169017c4705a0af908ba32129\"  class=\"ms-block ms-hero ms-hero--theme-dark ms-hero--center-align ms-hero--decoration-style1 ms-hero--with-column-images\" data-ms-component=\"hero\">\n\t\n\t<!-- Hero Background -->\n\t<picture class=\"ms-hero__background-picture\"><img decoding=\"async\" src=\"https:\/\/www.medtronicspark.com\/wp-content\/themes\/medtronic_spark\/assets\/images\/hero-image-bg-fallback.webp?v=0.6.11\" alt=\"\"><\/picture>\t \n\t<div class=\"ms-hero__container\">\n\t\t<div class=\"ms-hero__column ms-hero__column--left\">\n\t\t\t\n\t\t\t<div class=\"ms-hero__content\" data-ms-entry-animate=\"fade-up\" data-ms-entry-animate-stagger=\"0.2\">\n\n\t\t\t\t<h1 class=\"ms-title ms-heading-h1 ms-hero__title ms-animated\"><span class=\"ms-title-line ms-animated ms-font-primary ms-title-line--accent-light-blue\">Medtronic<\/span><span class=\"ms-title-line ms-animated ms-font-primary\">Conditions d\u2019utilisation<\/span><\/h1>\n\t\t\t\t\t\t\t<\/div>\n\t\t<\/div>\n\n\t\t<div class=\"ms-hero__column ms-hero__column--right\">\n\t\t\t<div class=\"ms-hero__hero-image-wrapper\">\n\t\t\t\t<div class=\"ms-hero__picture-wrapper\">\n\t\t\t\t\t\n\t\t\t\t\t\t\t\t\t\t\n\t\t\t\t\t<div class=\"ms-hero__image-decoration-wrapper\">\n\t\t\t\t\t\t<div class=\"ms-animated-icon ms-animated-icon--icon-brand-arrow\"><div class=\"ms-animated-icon__entry ms-animated-icon__entry--icon-brand-arrow\" data-ms-entry-animate=\"icon-fade-up\" data-ms-entry-animate-delay=\"0.5\"><div class=\"ms-animated-icon__parallax ms-animated-icon__parallax--icon-brand-arrow\" data-ms-parallax data-ms-parallax-amount=\"100\" data-ms-parallax-start=\"top 15%\" data-ms-parallax-end=\"+=200\"><svg class=\"ms-icon icon-brand-arrow\"class=\"ms-animated-icon__svg\"><use xlink:href=\"#icon-brand-arrow\"><\/use><\/svg><\/div><\/div><\/div><div class=\"ms-animated-icon ms-animated-icon--icon-brand-divided-asterisk\"><div class=\"ms-animated-icon__entry ms-animated-icon__entry--icon-brand-divided-asterisk\" data-ms-entry-animate=\"icon-zoom-in-bounced\" data-ms-entry-animate-delay=\"0.5\"><div class=\"ms-animated-icon__parallax ms-animated-icon__parallax--icon-brand-divided-asterisk\" data-ms-parallax data-ms-parallax-amount=\"-15\" data-ms-parallax-start=\"top 30%\" data-ms-parallax-end=\"+=150\"><svg class=\"ms-icon icon-brand-divided-asterisk\"class=\"ms-animated-icon__svg\"><use xlink:href=\"#icon-brand-divided-asterisk\"><\/use><\/svg><\/div><\/div><\/div>\t\t\t\t\t\t<picture  data-ms-entry-animate=\"large-fade-up\" data-ms-entry-animate-delay=\"0.5\" class=\"ms-picture ms-hero__hero-image\"><img loading=\"lazy\" decoding=\"async\" width=\"780\" height=\"780\" src=\"https:\/\/www.medtronicspark.com\/wp-content\/uploads\/2026\/01\/page-not-found-bubble-fallback.webp\" class=\"attachment-full size-full\" alt=\"\" srcset=\"https:\/\/www.medtronicspark.com\/wp-content\/uploads\/2026\/01\/page-not-found-bubble-fallback.webp 780w, https:\/\/www.medtronicspark.com\/wp-content\/uploads\/2026\/01\/page-not-found-bubble-fallback-300x300.webp 300w, https:\/\/www.medtronicspark.com\/wp-content\/uploads\/2026\/01\/page-not-found-bubble-fallback-150x150.webp 150w, https:\/\/www.medtronicspark.com\/wp-content\/uploads\/2026\/01\/page-not-found-bubble-fallback-768x768.webp 768w, https:\/\/www.medtronicspark.com\/wp-content\/uploads\/2026\/01\/page-not-found-bubble-fallback-600x600.webp 600w\" sizes=\"auto, (max-width: 780px) 100vw, 780px\" \/><\/picture>\t\t\t\t\t<\/div>\n\t\t\t\t<\/div>\n\t\t\t<\/div>\n\t\t<\/div>\n\t<\/div>\n<\/section>\n\n\n<div class=\"ms-container-section container\" data-ms-entry-animate=\"fade-up\"> \n\t\n\n<p class=\"p2\"><b>Veuillez lire attentivement ces conditions d\u2019utilisation. <\/b>Ces conditions d\u2019utilisation d\u00e9crivent les r\u00e8gles applicables aux visiteurs de ce site Web Medtronic. Ce site Web est la propri\u00e9t\u00e9 de la fontaine Medtronic Communities Foundation, une filiale en propri\u00e9t\u00e9 exclusive de Medtronic plc (la \u00ab Fondation \u00bb). Medtronic est le nom que nous utilisons pour d\u00e9signer l\u2019ensemble de notre entreprise, y compris Medtronic plc et toutes les soci\u00e9t\u00e9s qu\u2019elle contr\u00f4le, y compris ses filiales et soci\u00e9t\u00e9s affili\u00e9es, telles que la Fondation. Les termes \u00ab nous \u00bb et \u00ab notre \u00bb d\u00e9signent Medtronic. Medtronic g\u00e8re aussi d\u2019autres sites Web. Ces conditions d\u2019utilisation ne s\u2019appliquent pas \u00e0 nos autres sites Web. Nous vous invitons \u00e0 consulter les conditions d\u2019utilisation publi\u00e9es sur ces sites Web Medtronic lors de votre visite.<\/p>\n<p class=\"p2\">Ces conditions d\u2019utilisation ont \u00e9t\u00e9 mises \u00e0 jour pour la derni\u00e8re fois le 23 f\u00e9vrier 2026. Nous pouvons modifier ces conditions d\u2019utilisation \u00e0 tout moment. Consultez les conditions d\u2019utilisation \u00e0 chaque visite du site Web. En utilisant ce site Web, vous acceptez la version la plus r\u00e9cente des conditions d\u2019utilisation.<\/p>\n\n  \n<\/div>\n\n\n\n<div id=\"ms-legal-accordion-block_810759d775c5756c7407dc4a46cb9599\" class=\"ms-block ms-legal-accordion\" \n\tdata-ms-entry-animate=\"fade-up\"\n\tdata-ms-entry-animate-delay=\"0.2\"\n\tdata-ms-entry-animate-stagger=\"0.1\"\n>\n\t<div class=\"container container\">\n\t\t<div class=\"ms-accordion-list__items\">\n\t\t\t\t\n\n<div id=\"ms-accordion-item-block_2d589a3938c1914f8c64f112dad5ee9b\" class=\"ms-block ms-accordion-item ms-animated\" data-ms-component=\"accordion-item\">\n\t<button class=\"ms-accordion-item__header\" aria-expanded=\"false\">\n\t\t<h3 class=\"ms-accordion-item__title\">\u00c0 propos des informations sur ce site Web<\/h3>\n\t\t<span class=\"ms-accordion-item__icon\"><svg class=\"ms-icon icon-angle-up\"><use xlink:href=\"#icon-angle-up\"><\/use><\/svg><\/span>\n\t<\/button>\n\t<div class=\"ms-accordion-item__content\">\n\t\t<div class=\"ms-accordion-item__content-inner\"><div class=\"ms-content ms-text-body-sm ms-accordion-item__copy\"> <p class=\"p2\">La majorit\u00e9 des informations pr\u00e9sentes sur ce site Web porte sur les produits et services propos\u00e9s par la Fondation. Les contenus de ce site Web ont uniquement pour but de vous fournir des informations g\u00e9n\u00e9rales \u00e0 titre \u00e9ducatif. Vous pouvez trouver sur ce site Web des informations concernant des produits ou services qui ne sont pas commercialis\u00e9s ou disponibles dans votre pays.<\/p>\n <\/div><\/div>\n\t<\/div>\n<\/div>\n\n\n<div id=\"ms-accordion-item-block_ee164c6709a1f08b2bca292be9ba93f0\" class=\"ms-block ms-accordion-item ms-animated\" data-ms-component=\"accordion-item\">\n\t<button class=\"ms-accordion-item__header\" aria-expanded=\"false\">\n\t\t<h3 class=\"ms-accordion-item__title\">Nos droits d\u2019auteur et marques d\u00e9pos\u00e9es<\/h3>\n\t\t<span class=\"ms-accordion-item__icon\"><svg class=\"ms-icon icon-angle-up\"><use xlink:href=\"#icon-angle-up\"><\/use><\/svg><\/span>\n\t<\/button>\n\t<div class=\"ms-accordion-item__content\">\n\t\t<div class=\"ms-accordion-item__content-inner\"><div class=\"ms-content ms-text-body-sm ms-accordion-item__copy\"> <p class=\"p2\">Les contenus de ce site Web nous appartiennent ou nous sont conc\u00e9d\u00e9s sous licence. Les contenus sont prot\u00e9g\u00e9s par les lois sur le droit d\u2019auteur des \u00c9tats-Unis et par celles d\u2019autres pays. Des r\u00e8gles importantes s\u2019appliquent \u00e0 la reproduction de ces contenus. Vous pouvez envoyer par e-mail, t\u00e9l\u00e9charger ou imprimer des copies des contenus de ce site Web, mais uniquement pour votre usage personnel et non commercial. Lorsque vous envoyez par e-mail, t\u00e9l\u00e9chargez ou imprimez une copie des contenus de ce site Web, vous devez \u00e9galement inclure tous les avis de droit d\u2019auteur et autres mentions pr\u00e9sents dans les contenus, y compris l\u2019avis de droit d\u2019auteur figurant en bas de page.<\/p>\n<p class=\"p1\">Les noms utilis\u00e9s pour nos produits et services sur ce site Web sont \u00e9galement notre propri\u00e9t\u00e9 et sont prot\u00e9g\u00e9s par les lois am\u00e9ricaines et \u00e9trang\u00e8res sur les marques d\u00e9pos\u00e9es. Toutes les marques d\u00e9pos\u00e9es, y compris celles appartenant \u00e0 des tiers, sont la propri\u00e9t\u00e9 de leurs propri\u00e9taires respectifs.<\/p>\n<p class=\"p1\">Des r\u00e8gles particuli\u00e8res peuvent s\u2019appliquer \u00e0 l\u2019utilisation des contenus fournis dans certaines sections du site Web. Ces r\u00e8gles particuli\u00e8res seront affich\u00e9es avec les contenus.<\/p>\n<p class=\"p1\">L\u2019utilisation des contenus ou des marques d\u00e9pos\u00e9es de ce site Web d\u2019une mani\u00e8re non autoris\u00e9e par ces conditions d\u2019utilisation constitue une violation de votre accord avec nous et peut enfreindre le droit d\u2019auteur, les marques d\u00e9pos\u00e9es et d\u2019autres lois. Dans ce cas, nous r\u00e9voquons automatiquement votre autorisation d\u2019utiliser ce site Web. Les contenus de ce site Web restent la propri\u00e9t\u00e9 de notre soci\u00e9t\u00e9 ou de leurs auteurs. Tous les droits non express\u00e9ment accord\u00e9s sont r\u00e9serv\u00e9s.<\/p>\n <\/div><\/div>\n\t<\/div>\n<\/div>\n\n\n<div id=\"ms-accordion-item-block_cb317639c7db2404ef58db5ea59ae252\" class=\"ms-block ms-accordion-item ms-animated\" data-ms-component=\"accordion-item\">\n\t<button class=\"ms-accordion-item__header\" aria-expanded=\"false\">\n\t\t<h3 class=\"ms-accordion-item__title\">Licence des \u00e9l\u00e9ments graphiques<\/h3>\n\t\t<span class=\"ms-accordion-item__icon\"><svg class=\"ms-icon icon-angle-up\"><use xlink:href=\"#icon-angle-up\"><\/use><\/svg><\/span>\n\t<\/button>\n\t<div class=\"ms-accordion-item__content\">\n\t\t<div class=\"ms-accordion-item__content-inner\"><div class=\"ms-content ms-text-body-sm ms-accordion-item__copy\"> <p class=\"p1\">Les communications de Medtronic pr\u00e9sentes sur ce site et partag\u00e9es via d\u2019autres canaux num\u00e9riques utilisent les familles d\u2019ic\u00f4nes Google Material et IBM Carbon. Ces ic\u00f4nes sont sous licence Apache, version 2.0 (la \u00ab Licence \u00bb) et ne peuvent \u00eatre utilis\u00e9es que conform\u00e9ment \u00e0 celle-ci. Vous pouvez obtenir une <a href=\"https:\/\/www.apache.org\/licenses\/LICENSE-2.0\" target=\"_blank\" rel=\"noopener\">copie de la Licence<\/a>.<\/p>\n<p class=\"p1\">\nSauf si la loi applicable l\u2019exige ou qu\u2019un accord \u00e9crit en dispose autrement, les logiciels distribu\u00e9s sous la Licence sont fournis \u00ab tels quels \u00bb, sans garanties ou conditions de quelque nature que ce soit, explicites ou implicites. Consultez la Licence pour la r\u00e9daction exacte r\u00e9gissant les droits et limitations qu\u2019elle pr\u00e9voit.<\/p>\n <\/div><\/div>\n\t<\/div>\n<\/div>\n\n\n<div id=\"ms-accordion-item-block_e578a40c5c2efa26d3d74107c9db7fa4\" class=\"ms-block ms-accordion-item ms-animated\" data-ms-component=\"accordion-item\">\n\t<button class=\"ms-accordion-item__header\" aria-expanded=\"false\">\n\t\t<h3 class=\"ms-accordion-item__title\">Liens vers ce site Web et utilisation des marques Medtronic<\/h3>\n\t\t<span class=\"ms-accordion-item__icon\"><svg class=\"ms-icon icon-angle-up\"><use xlink:href=\"#icon-angle-up\"><\/use><\/svg><\/span>\n\t<\/button>\n\t<div class=\"ms-accordion-item__content\">\n\t\t<div class=\"ms-accordion-item__content-inner\"><div class=\"ms-content ms-text-body-sm ms-accordion-item__copy\"> <p class=\"p1\">Il vous est accord\u00e9 par la pr\u00e9sente une licence non exclusive, limit\u00e9e et r\u00e9vocable pour cr\u00e9er un lien vers ce site. Medtronic se r\u00e9serve le droit de r\u00e9voquer cette licence de mani\u00e8re g\u00e9n\u00e9rale, ou votre droit d\u2019utiliser certains liens sp\u00e9cifiques, \u00e0 tout moment. Dans l\u2019hypoth\u00e8se o\u00f9 Medtronic r\u00e9voquerait cette licence, vous vous engagez \u00e0 supprimer et \u00e0 d\u00e9sactiver sans d\u00e9lai l\u2019ensemble de vos liens vers ce site.<\/p>\n<p class=\"p1\">Vous vous engagez \u00e0 ne pas pr\u00e9senter le lien vers ce site Web de fa\u00e7on \u00e0 ce qu\u2019il soit associ\u00e9 \u00e0 de la publicit\u00e9 ou interpr\u00e9t\u00e9 comme un soutien ou un aval \u00e0 quelque organisation, produit ou service que ce soit. Vous vous engagez \u00e0 ce que le lien ne figure pas sur un site Web susceptible, aux yeux d\u2019une personne raisonnable, d\u2019\u00eatre jug\u00e9 obsc\u00e8ne, diffamatoire, harcelant, gravement offensant ou malveillant. En aucun cas, vous ne pouvez \u00ab int\u00e9grer \u00bb ce site Web ou l\u2019un de ses contenus dans un autre site, ni copier des parties de ce site Web vers un serveur. Vous vous engagez \u00e0 ne pas afficher ou utiliser le logo ou la marque d\u00e9pos\u00e9e Medtronic de quelque mani\u00e8re que ce soit sans notre autorisation \u00e9crite pr\u00e9alable.<\/p>\n <\/div><\/div>\n\t<\/div>\n<\/div>\n\n\n<div id=\"ms-accordion-item-block_3ad4a1dea4607a0beae2789911e0124f\" class=\"ms-block ms-accordion-item ms-animated\" data-ms-component=\"accordion-item\">\n\t<button class=\"ms-accordion-item__header\" aria-expanded=\"false\">\n\t\t<h3 class=\"ms-accordion-item__title\">Liens vers d\u2019autres sites Web<\/h3>\n\t\t<span class=\"ms-accordion-item__icon\"><svg class=\"ms-icon icon-angle-up\"><use xlink:href=\"#icon-angle-up\"><\/use><\/svg><\/span>\n\t<\/button>\n\t<div class=\"ms-accordion-item__content\">\n\t\t<div class=\"ms-accordion-item__content-inner\"><div class=\"ms-content ms-text-body-sm ms-accordion-item__copy\"> <p class=\"p1\">Ce site peut comporter des liens vers des sites Web qui ne sont pas exploit\u00e9s par Medtronic. Nous mettons ces liens \u00e0 votre disposition pour votre commodit\u00e9, mais nous n\u2019examinons, ne contr\u00f4lons ni ne surveillons en aucun cas les contenus des autres sites Web. Ces sites Web peuvent comporter des informations sur l\u2019utilisation de produits ou de th\u00e9rapies Medtronic qui n\u2019ont pas \u00e9t\u00e9 approuv\u00e9s aux \u00c9tats-Unis. Nous ne contr\u00f4lons pas et n\u2019approuvons pas ce type d\u2019informations. Nous ne sommes pas responsables du fonctionnement de ces sites Web ni de vos transactions avec eux. Votre utilisation de ces autres sites Web est soumise aux conditions d\u2019utilisation de ces sites, y compris \u00e0 leurs politiques de confidentialit\u00e9.<\/p>\n <\/div><\/div>\n\t<\/div>\n<\/div>\n\n\n<div id=\"ms-accordion-item-block_93b35cd2d362b2b49303d5fea3ef241d\" class=\"ms-block ms-accordion-item ms-animated\" data-ms-component=\"accordion-item\">\n\t<button class=\"ms-accordion-item__header\" aria-expanded=\"false\">\n\t\t<h3 class=\"ms-accordion-item__title\">Vos retours, commentaires et id\u00e9es<\/h3>\n\t\t<span class=\"ms-accordion-item__icon\"><svg class=\"ms-icon icon-angle-up\"><use xlink:href=\"#icon-angle-up\"><\/use><\/svg><\/span>\n\t<\/button>\n\t<div class=\"ms-accordion-item__content\">\n\t\t<div class=\"ms-accordion-item__content-inner\"><div class=\"ms-content ms-text-body-sm ms-accordion-item__copy\"> <p class=\"p1\">Nous appr\u00e9cions les retours, commentaires et id\u00e9es des visiteurs du site Web, mais nous tenons \u00e0 pr\u00e9ciser que toute information que vous soumettez via ce site sera consid\u00e9r\u00e9e comme non personnelle, non confidentielle et non propri\u00e9taire (\u00e0 l\u2019exception des informations personnelles, telles que d\u00e9finies dans notre avis de confidentialit\u00e9). En nous transmettant des id\u00e9es, informations, concepts, savoir-faire, techniques ou documents via ce site Web, vous accordez par la pr\u00e9sente \u00e0 Medtronic une licence sans restriction, libre de redevance et irr\u00e9vocable pour les utiliser, reproduire, afficher, mettre en oeuvre, modifier, transmettre ou diffuser sur tout support, et acceptez que Medtronic puisse les exploiter \u00e0 toute fin.<\/p>\n <\/div><\/div>\n\t<\/div>\n<\/div>\n\n\n<div id=\"ms-accordion-item-block_f73d399955a96f6c54293c82fc14019c\" class=\"ms-block ms-accordion-item ms-animated\" data-ms-component=\"accordion-item\">\n\t<button class=\"ms-accordion-item__header\" aria-expanded=\"false\">\n\t\t<h3 class=\"ms-accordion-item__title\">Absence de garanties<\/h3>\n\t\t<span class=\"ms-accordion-item__icon\"><svg class=\"ms-icon icon-angle-up\"><use xlink:href=\"#icon-angle-up\"><\/use><\/svg><\/span>\n\t<\/button>\n\t<div class=\"ms-accordion-item__content\">\n\t\t<div class=\"ms-accordion-item__content-inner\"><div class=\"ms-content ms-text-body-sm ms-accordion-item__copy\"> <p class=\"p1\">Tout le contenu de ce site est mis \u00e0 votre disposition \u00ab tel quel \u00bb et \u00ab selon sa disponibilit\u00e9 \u00bb. Medtronic d\u00e9cline par la pr\u00e9sente toutes garanties de quelque nature que ce soit, qu\u2019elles soient expresses ou implicites, l\u00e9gales ou autres, y compris, mais sans s\u2019y limiter, les garanties implicites de qualit\u00e9 marchande, d\u2019adaptation \u00e0 un usage particulier et de non-contrefa\u00e7on. Medtronic ne garantit en aucun cas l\u2019exactitude, l\u2019exhaustivit\u00e9, l\u2019actualit\u00e9 ou la fiabilit\u00e9 du contenu disponible sur ce site Web.<\/p>\n<p class=\"p1\">Medtronic ne fait aucune d\u00e9claration ni garantie concernant l\u2019utilisation de ce site, qui pourrait \u00eatre interrompue ou comporter des erreurs. Il vous incombe de prendre toutes les pr\u00e9cautions n\u00e9cessaires afin de vous assurer que tout contenu que vous pourriez obtenir sur ce site est exempt de virus et de tout autre code informatique potentiellement destructeur.<\/p>\n<p class=\"p1\">Certains \u00c9tats n\u2019autorisent pas les limitations des garanties implicites. Par cons\u00e9quent, une ou plusieurs des limitations mentionn\u00e9es ci-dessus peuvent ne pas s\u2019appliquer \u00e0 vous.<\/p>\n <\/div><\/div>\n\t<\/div>\n<\/div>\n\n\n<div id=\"ms-accordion-item-block_ee0099177059103db432253d46d00bbb\" class=\"ms-block ms-accordion-item ms-animated\" data-ms-component=\"accordion-item\">\n\t<button class=\"ms-accordion-item__header\" aria-expanded=\"false\">\n\t\t<h3 class=\"ms-accordion-item__title\">Limitation de responsabilit\u00e9<\/h3>\n\t\t<span class=\"ms-accordion-item__icon\"><svg class=\"ms-icon icon-angle-up\"><use xlink:href=\"#icon-angle-up\"><\/use><\/svg><\/span>\n\t<\/button>\n\t<div class=\"ms-accordion-item__content\">\n\t\t<div class=\"ms-accordion-item__content-inner\"><div class=\"ms-content ms-text-body-sm ms-accordion-item__copy\"> <p class=\"p1\">Vous acceptez que ni Medtronic ni aucune personne ou soci\u00e9t\u00e9 associ\u00e9e \u00e0 Medtronic ne puisse \u00eatre tenue responsable de tout dommage li\u00e9 \u00e0 votre utilisation ou \u00e0 votre impossibilit\u00e9 d\u2019utiliser ce site Web ou ses contenus. Cette protection s\u2019applique aux r\u00e9clamations fond\u00e9es sur la garantie, le contrat, le d\u00e9lit civil, la responsabilit\u00e9 objective ou toute autre base juridique. Cette protection couvre Medtronic, ses dirigeants, administrateurs, employ\u00e9s, agents et fournisseurs mentionn\u00e9s sur ce site Web. Cette protection s\u2019applique \u00e0 toutes les pertes, y compris, sans limitation, les dommages directs ou indirects, sp\u00e9ciaux, accessoires, cons\u00e9cutifs, exemplaires et punitifs, les blessures corporelles ou d\u00e9c\u00e8s injustifi\u00e9s, les pertes de b\u00e9n\u00e9fices ou les dommages r\u00e9sultant de la perte de donn\u00e9es ou d\u2019une interruption d\u2019activit\u00e9.<\/p>\n<p class=\"p1\">La responsabilit\u00e9 totale de Medtronic, de ses dirigeants, administrateurs, employ\u00e9s, agents et fournisseurs, le cas \u00e9ch\u00e9ant, pour toute perte ou tout dommage, est limit\u00e9e au montant de vos dommages r\u00e9els, dans la limite de 100,00 $ US. La limitation de responsabilit\u00e9 peut ne pas s\u2019appliquer dans certains \u00c9tats. Medtronic, ses dirigeants, administrateurs, employ\u00e9s, agents ou fournisseurs ne pourront en aucun cas \u00eatre tenus responsables envers vous de pertes ou dommages d\u00e9passant le montant indiqu\u00e9 ci-dessus. Tous les autres dommages, directs ou indirects, sp\u00e9ciaux, accessoires, cons\u00e9cutifs, exemplaires ou punitifs, r\u00e9sultant de toute utilisation du site Web ou de ses contenus, sont exclus, m\u00eame si Medtronic a \u00e9t\u00e9 inform\u00e9e de la possibilit\u00e9 de tels dommages.<\/p>\n <\/div><\/div>\n\t<\/div>\n<\/div>\n\n\n<div id=\"ms-accordion-item-block_8f91eff4809281d85ccf28e244f1498f\" class=\"ms-block ms-accordion-item ms-animated\" data-ms-component=\"accordion-item\">\n\t<button class=\"ms-accordion-item__header\" aria-expanded=\"false\">\n\t\t<h3 class=\"ms-accordion-item__title\">Autres r\u00e8gles concernant ce site<\/h3>\n\t\t<span class=\"ms-accordion-item__icon\"><svg class=\"ms-icon icon-angle-up\"><use xlink:href=\"#icon-angle-up\"><\/use><\/svg><\/span>\n\t<\/button>\n\t<div class=\"ms-accordion-item__content\">\n\t\t<div class=\"ms-accordion-item__content-inner\"><div class=\"ms-content ms-text-body-sm ms-accordion-item__copy\"> <p class=\"p1\">En plus des r\u00e8gles pr\u00e9vues dans ces conditions d\u2019utilisation et la notice de confidentialit\u00e9, des services ou contenus propos\u00e9s dans certaines sections de ce site Web imposent des conditions suppl\u00e9mentaires, par exemple lors de l\u2019achat de services am\u00e9lior\u00e9s ou en suivant un lien depuis ce site. Veuillez consulter notre avis de confidentialit\u00e9 pour savoir comment nous prot\u00e9geons et utilisons les informations que nous recueillons via ce site Web.<\/p>\n<p class=\"p1\">Vos obligations au titre de la pr\u00e9sente section et des sections intitul\u00e9es \u00ab Vos retours, commentaires et id\u00e9es \u00bb, \u00ab Absence de garanties \u00bb et \u00ab Limitation de responsabilit\u00e9 \u00bb restent en vigueur apr\u00e8s la r\u00e9siliation des pr\u00e9sentes conditions d\u2019utilisation.<br \/>\nSi une disposition des pr\u00e9sentes conditions d\u2019utilisation est jug\u00e9e invalide par un tribunal comp\u00e9tent, cette invalidit\u00e9 n\u2019affectera pas la validit\u00e9 des autres dispositions des pr\u00e9sentes conditions d\u2019utilisation, qui resteront pleinement en vigueur. Aucune renonciation \u00e0 l\u2019une des pr\u00e9sentes conditions d\u2019utilisation ne sera r\u00e9put\u00e9e constituer une renonciation ult\u00e9rieure ou continue \u00e0 cette condition ni \u00e0 toute autre des pr\u00e9sentes conditions d\u2019utilisation.<\/p>\n<p class=\"p1\">Si le non-respect des pr\u00e9sentes conditions d\u2019utilisation ou de l\u2019avis de confidentialit\u00e9 entra\u00eene un pr\u00e9judice \u00e0 des tiers, vous vous engagez \u00e0 tenir Medtronic indemne de toute responsabilit\u00e9 \u00e0 l\u2019\u00e9gard de ce pr\u00e9judice.<\/p>\n<p class=\"p1\">En utilisant ce site Web, vous acceptez que la seule comp\u00e9tence juridictionnelle et le seul lieu appropri\u00e9 pour tout litige impliquant Medtronic, ou en lien avec votre utilisation de ce site Web, soient les tribunaux d\u2019\u00c9tat et f\u00e9d\u00e9raux du Minnesota, \u00c9tats-Unis. Vous acceptez en outre et consentez \u00e0 ce que ces tribunaux exercent leur comp\u00e9tence personnelle \u00e0 l\u2019\u00e9gard de tout litige impliquant Medtronic ou ses soci\u00e9t\u00e9s affili\u00e9es, employ\u00e9s, dirigeants, administrateurs, agents ou fournisseurs.<\/p>\n<p class=\"p1\">Les pr\u00e9sentes conditions d\u2019utilisation sont r\u00e9gies par le droit interne substantiel de l\u2019\u00c9tat du Minnesota, sans tenir compte de ses r\u00e8gles de conflit de lois, ainsi que par le droit f\u00e9d\u00e9ral des \u00c9tats-Unis.<\/p>\n <\/div><\/div>\n\t<\/div>\n<\/div>\n\n\n<div id=\"ms-accordion-item-block_07ec0b28326a1784abed6c7b513ac994\" class=\"ms-block ms-accordion-item ms-animated\" data-ms-component=\"accordion-item\">\n\t<button class=\"ms-accordion-item__header\" aria-expanded=\"false\">\n\t\t<h3 class=\"ms-accordion-item__title\">Notifications<\/h3>\n\t\t<span class=\"ms-accordion-item__icon\"><svg class=\"ms-icon icon-angle-up\"><use xlink:href=\"#icon-angle-up\"><\/use><\/svg><\/span>\n\t<\/button>\n\t<div class=\"ms-accordion-item__content\">\n\t\t<div class=\"ms-accordion-item__content-inner\"><div class=\"ms-content ms-text-body-sm ms-accordion-item__copy\"> <p class=\"p1\">Medtronic peut vous notifier par courrier \u00e9lectronique ou par une notification g\u00e9n\u00e9rale publi\u00e9e sur ce site Web.<\/p>\n <\/div><\/div>\n\t<\/div>\n<\/div>\n\n\t\t<\/div>\n\t<\/div>\n<\/div>","protected":false},"excerpt":{"rendered":"","protected":false},"author":4,"featured_media":0,"parent":0,"menu_order":0,"comment_status":"closed","ping_status":"closed","template":"template-legal.php","meta":{"_acf_changed":true,"footnotes":""},"class_list":["post-1325","page","type-page","status-publish","hentry"],"acf":[],"featured_image_src":null,"featured_image_src_square":null,"_links":{"self":[{"href":"https:\/\/www.medtronicspark.com\/fr\/wp-json\/wp\/v2\/pages\/1325","targetHints":{"allow":["GET"]}}],"collection":[{"href":"https:\/\/www.medtronicspark.com\/fr\/wp-json\/wp\/v2\/pages"}],"about":[{"href":"https:\/\/www.medtronicspark.com\/fr\/wp-json\/wp\/v2\/types\/page"}],"author":[{"embeddable":true,"href":"https:\/\/www.medtronicspark.com\/fr\/wp-json\/wp\/v2\/users\/4"}],"replies":[{"embeddable":true,"href":"https:\/\/www.medtronicspark.com\/fr\/wp-json\/wp\/v2\/comments?post=1325"}],"version-history":[{"count":0,"href":"https:\/\/www.medtronicspark.com\/fr\/wp-json\/wp\/v2\/pages\/1325\/revisions"}],"wp:attachment":[{"href":"https:\/\/www.medtronicspark.com\/fr\/wp-json\/wp\/v2\/media?parent=1325"}],"curies":[{"name":"wp","href":"https:\/\/api.w.org\/{rel}","templated":true}]}}