{"id":1347,"date":"2026-03-19T15:40:11","date_gmt":"2026-03-19T15:40:11","guid":{"rendered":"https:\/\/staging.medtronicspark.com\/?page_id=1347"},"modified":"2026-03-19T17:31:20","modified_gmt":"2026-03-19T17:31:20","slug":"terms-of-use","status":"publish","type":"page","link":"https:\/\/www.medtronicspark.com\/es\/terms-of-use\/","title":{"rendered":"Condiciones de uso"},"content":{"rendered":"<section id=\"ms-hero-block_5402f4ade01dc78454e3f3138c4254f3\"  class=\"ms-block ms-hero ms-hero--theme-dark ms-hero--center-align ms-hero--decoration-style1 ms-hero--with-column-images\" data-ms-component=\"hero\">\n\t\n\t<!-- Hero Background -->\n\t<picture class=\"ms-hero__background-picture\"><img decoding=\"async\" src=\"https:\/\/www.medtronicspark.com\/wp-content\/themes\/medtronic_spark\/assets\/images\/hero-image-bg-fallback.webp?v=0.6.11\" alt=\"\"><\/picture>\t \n\t<div class=\"ms-hero__container\">\n\t\t<div class=\"ms-hero__column ms-hero__column--left\">\n\t\t\t\n\t\t\t<div class=\"ms-hero__content\" data-ms-entry-animate=\"fade-up\" data-ms-entry-animate-stagger=\"0.2\">\n\n\t\t\t\t<h1 class=\"ms-title ms-heading-h1 ms-hero__title ms-animated\"><span class=\"ms-title-line ms-animated ms-font-primary ms-title-line--accent-light-blue\">Medtronic<\/span><span class=\"ms-title-line ms-animated ms-font-primary\">Condiciones de uso<\/span><\/h1>\n\t\t\t\t\t\t\t<\/div>\n\t\t<\/div>\n\n\t\t<div class=\"ms-hero__column ms-hero__column--right\">\n\t\t\t<div class=\"ms-hero__hero-image-wrapper\">\n\t\t\t\t<div class=\"ms-hero__picture-wrapper\">\n\t\t\t\t\t\n\t\t\t\t\t\t\t\t\t\t\n\t\t\t\t\t<div class=\"ms-hero__image-decoration-wrapper\">\n\t\t\t\t\t\t<div class=\"ms-animated-icon ms-animated-icon--icon-brand-arrow\"><div class=\"ms-animated-icon__entry ms-animated-icon__entry--icon-brand-arrow\" data-ms-entry-animate=\"icon-fade-up\" data-ms-entry-animate-delay=\"0.5\"><div class=\"ms-animated-icon__parallax ms-animated-icon__parallax--icon-brand-arrow\" data-ms-parallax data-ms-parallax-amount=\"100\" data-ms-parallax-start=\"top 15%\" data-ms-parallax-end=\"+=200\"><svg class=\"ms-icon icon-brand-arrow\"class=\"ms-animated-icon__svg\"><use xlink:href=\"#icon-brand-arrow\"><\/use><\/svg><\/div><\/div><\/div><div class=\"ms-animated-icon ms-animated-icon--icon-brand-divided-asterisk\"><div class=\"ms-animated-icon__entry ms-animated-icon__entry--icon-brand-divided-asterisk\" data-ms-entry-animate=\"icon-zoom-in-bounced\" data-ms-entry-animate-delay=\"0.5\"><div class=\"ms-animated-icon__parallax ms-animated-icon__parallax--icon-brand-divided-asterisk\" data-ms-parallax data-ms-parallax-amount=\"-15\" data-ms-parallax-start=\"top 30%\" data-ms-parallax-end=\"+=150\"><svg class=\"ms-icon icon-brand-divided-asterisk\"class=\"ms-animated-icon__svg\"><use xlink:href=\"#icon-brand-divided-asterisk\"><\/use><\/svg><\/div><\/div><\/div>\t\t\t\t\t\t<picture  data-ms-entry-animate=\"large-fade-up\" data-ms-entry-animate-delay=\"0.5\" class=\"ms-picture ms-hero__hero-image\"><img loading=\"lazy\" decoding=\"async\" width=\"780\" height=\"780\" src=\"https:\/\/www.medtronicspark.com\/wp-content\/uploads\/2026\/01\/page-not-found-bubble-fallback.webp\" class=\"attachment-full size-full\" alt=\"\" srcset=\"https:\/\/www.medtronicspark.com\/wp-content\/uploads\/2026\/01\/page-not-found-bubble-fallback.webp 780w, https:\/\/www.medtronicspark.com\/wp-content\/uploads\/2026\/01\/page-not-found-bubble-fallback-300x300.webp 300w, https:\/\/www.medtronicspark.com\/wp-content\/uploads\/2026\/01\/page-not-found-bubble-fallback-150x150.webp 150w, https:\/\/www.medtronicspark.com\/wp-content\/uploads\/2026\/01\/page-not-found-bubble-fallback-768x768.webp 768w, https:\/\/www.medtronicspark.com\/wp-content\/uploads\/2026\/01\/page-not-found-bubble-fallback-600x600.webp 600w\" sizes=\"auto, (max-width: 780px) 100vw, 780px\" \/><\/picture>\t\t\t\t\t<\/div>\n\t\t\t\t<\/div>\n\t\t\t<\/div>\n\t\t<\/div>\n\t<\/div>\n<\/section>\n\n\n<div class=\"ms-container-section container\" data-ms-entry-animate=\"fade-up\"> \n\t\n\n<p class=\"p2\"><b>Lea atentamente estas condiciones de uso. Estas Condiciones de uso describen las <\/b>disposiciones para los visitantes de este sitio web de Medtronic. Este sitio web pertenece a Medtronic y lo administra Medtronic Communities Foundation, una filial de propiedad absoluta de Medtronic plc (la \u201dFundaci\u00f3n\u201d). Empleamos el t\u00e9rmino Medtronic para referirnos a nuestra empresa en conjunto, incluida Medtronic plc y todas las empresas que controla, incluidas filiales y sociedades vinculadas, como la Fundaci\u00f3n. Al emplear los t\u00e9rminos \u201cnosotros o nuestro(a)\u201d, nos referimos a Medtronic. Medtronic tambi\u00e9n administra otros sitios web. Estas Condiciones de uso no se aplican a nuestros otros sitios web. Cuando los visite, le recomendamos revisar las Condiciones de uso publicadas en dichos sitios de Medtronic.<\/p>\n<p class=\"p2\">Estas Condiciones de uso se actualizaron por \u00faltima vez el 23 de febrero de 2026. Nos reservamos el derecho de modificar estas Condiciones de uso en cualquier momento. Consulte las Condiciones de uso cada vez que visite este sitio web. Al utilizar este sitio web, acepta la versi\u00f3n m\u00e1s reciente de estas Condiciones de uso.<\/p>\n\n  \n<\/div>\n\n\n\n<div id=\"ms-legal-accordion-block_8e44bc1da49f13d66f5df341878a8502\" class=\"ms-block ms-legal-accordion\" \n\tdata-ms-entry-animate=\"fade-up\"\n\tdata-ms-entry-animate-delay=\"0.2\"\n\tdata-ms-entry-animate-stagger=\"0.1\"\n>\n\t<div class=\"container container\">\n\t\t<div class=\"ms-accordion-list__items\">\n\t\t\t\t\n\n<div id=\"ms-accordion-item-block_4ed76c24f80e7eaa220f9376136affe2\" class=\"ms-block ms-accordion-item ms-animated\" data-ms-component=\"accordion-item\">\n\t<button class=\"ms-accordion-item__header\" aria-expanded=\"false\">\n\t\t<h3 class=\"ms-accordion-item__title\">Acerca de la informaci\u00f3n de este sitio web<\/h3>\n\t\t<span class=\"ms-accordion-item__icon\"><svg class=\"ms-icon icon-angle-up\"><use xlink:href=\"#icon-angle-up\"><\/use><\/svg><\/span>\n\t<\/button>\n\t<div class=\"ms-accordion-item__content\">\n\t\t<div class=\"ms-accordion-item__content-inner\"><div class=\"ms-content ms-text-body-sm ms-accordion-item__copy\"> <p class=\"p2\">Gran parte de la informaci\u00f3n publicada en este sitio web se relaciona con los productos y servicios que ofrece la Fundaci\u00f3n. Los materiales de este sitio web se ofrecen \u00fanicamente con fines de informaci\u00f3n educativa general. Es posible que en este sitio web vea informaci\u00f3n sobre productos o servicios que no se comercializan o que no est\u00e1n disponibles en su pa\u00eds.<\/p>\n <\/div><\/div>\n\t<\/div>\n<\/div>\n\n\n<div id=\"ms-accordion-item-block_244010acfb982536f21817db5186412d\" class=\"ms-block ms-accordion-item ms-animated\" data-ms-component=\"accordion-item\">\n\t<button class=\"ms-accordion-item__header\" aria-expanded=\"false\">\n\t\t<h3 class=\"ms-accordion-item__title\">Nuestros derechos de autor y marcas comerciales<\/h3>\n\t\t<span class=\"ms-accordion-item__icon\"><svg class=\"ms-icon icon-angle-up\"><use xlink:href=\"#icon-angle-up\"><\/use><\/svg><\/span>\n\t<\/button>\n\t<div class=\"ms-accordion-item__content\">\n\t\t<div class=\"ms-accordion-item__content-inner\"><div class=\"ms-content ms-text-body-sm ms-accordion-item__copy\"> <p class=\"p2\">Los materiales de este sitio web son de nuestra propiedad, o se utilizan bajo licencia. Est\u00e1n protegidos por la legislaci\u00f3n de Estados Unidos y por legislaci\u00f3n extranjera sobre derechos de autor. Existen disposiciones en vigor importantes sobre la copia de estos materiales. Puede enviar por correo electr\u00f3nico, descargar o imprimir copias de los materiales de este sitio web, pero solo para su uso personal, no comercial. Cuando env\u00ede por correo electr\u00f3nico, descargue o imprima una copia de los materiales de este sitio web, tambi\u00e9n deber\u00e1 incluir todos los avisos de derechos de autor y otros avisos legales que figuren en dichos materiales, incluido el aviso de derechos de autor que aparece en la parte inferior de la p\u00e1gina.<\/p>\n<p class=\"p1\">Los nombres de nuestros productos y servicios en este sitio web tambi\u00e9n son de nuestra propiedad y est\u00e1n protegidos por las leyes de marcas comerciales de los Estados Unidos y de otros pa\u00edses. Todas las marcas comerciales, incluidas las de terceros, son propiedad de sus titulares respectivos.<\/p>\n<p class=\"p1\">Pueden aplicarse disposiciones especiales al uso de materiales disponibles en determinadas secciones de este sitio web. Dichas disposiciones especiales se publicar\u00e1n junto a los materiales correspondientes.<\/p>\n<p class=\"p1\">Si utiliza los materiales o las marcas comerciales de este sitio web de una manera que no est\u00e9 claramente permitida por estas Condiciones de uso, estar\u00e1 incumpliendo su acuerdo con nosotros y podr\u00eda estar infringiendo la legislaci\u00f3n en materia de propiedad intelectual, marcas comerciales u otras leyes aplicables. En ese caso, su permiso para utilizar este sito web quedar\u00e1 autom\u00e1ticamente revocado. La titularidad de los materiales continuar\u00e1 siendo nuestra o de sus respectivos autores. Quedan reservados todos los derechos no concedidos expresamente.<\/p>\n <\/div><\/div>\n\t<\/div>\n<\/div>\n\n\n<div id=\"ms-accordion-item-block_9121d2c7ba2435fe36bf167f70e52218\" class=\"ms-block ms-accordion-item ms-animated\" data-ms-component=\"accordion-item\">\n\t<button class=\"ms-accordion-item__header\" aria-expanded=\"false\">\n\t\t<h3 class=\"ms-accordion-item__title\">Licencias de gr\u00e1ficos<\/h3>\n\t\t<span class=\"ms-accordion-item__icon\"><svg class=\"ms-icon icon-angle-up\"><use xlink:href=\"#icon-angle-up\"><\/use><\/svg><\/span>\n\t<\/button>\n\t<div class=\"ms-accordion-item__content\">\n\t\t<div class=\"ms-accordion-item__content-inner\"><div class=\"ms-content ms-text-body-sm ms-accordion-item__copy\"> <p class=\"p1\">Las comunicaciones de Medtronic disponibles en este sitio y compartidas a trav\u00e9s de otros canales digitales utilizan las familias de \u00edconos de Google Material e IBM Carbon. Con licencia Apache, versi\u00f3n 2.0 (la \u201cLicencia\u201d), no puede utilizar este archivo excepto de conformidad con la Licencia. Puede obtener una <a href=\"https:\/\/www.apache.org\/licenses\/LICENSE-2.0\" target=\"_blank\" rel=\"noopener\">copia de la Licencia<\/a>.<\/p>\n<p class=\"p1\">A menos que lo exija la ley aplicable o se acuerde por escrito, el software distribuido bajo la Licencia se distribuye \u201ctal cual\u201d, sin garant\u00edas ni condiciones de ning\u00fan tipo, ya sean expresas o impl\u00edcitas. Consulte la Licencia para conocer el idioma espec\u00edfico que rige los permisos y limitaciones bajo la Licencia.<\/p>\n <\/div><\/div>\n\t<\/div>\n<\/div>\n\n\n<div id=\"ms-accordion-item-block_b8df6fb1013dd603c88ca48cd1dad5c4\" class=\"ms-block ms-accordion-item ms-animated\" data-ms-component=\"accordion-item\">\n\t<button class=\"ms-accordion-item__header\" aria-expanded=\"false\">\n\t\t<h3 class=\"ms-accordion-item__title\">Enlaces a este sitio web y uso de las marcas de Medtronic<\/h3>\n\t\t<span class=\"ms-accordion-item__icon\"><svg class=\"ms-icon icon-angle-up\"><use xlink:href=\"#icon-angle-up\"><\/use><\/svg><\/span>\n\t<\/button>\n\t<div class=\"ms-accordion-item__content\">\n\t\t<div class=\"ms-accordion-item__content-inner\"><div class=\"ms-content ms-text-body-sm ms-accordion-item__copy\"> <p class=\"p1\">Por el presente, se le concede una licencia no exclusiva, limitada y revocable para utilizar enlaces hacia este sitio web. Medtronic se reserva el derecho de revocar esta licencia en su totalidad o su derecho a utilizar enlaces espec\u00edficos en cualquier momento. En caso de revocaci\u00f3n de esta licencia por parte de Medtronic, usted deber\u00e1 eliminar y desactivar inmediatamente todos los enlaces hacia este sitio web.<\/p>\n<p class=\"p1\">Se compromete a no utilizar el enlace a este sitio web de forma que se asocie con publicidad o que parezca promocionar una organizaci\u00f3n, producto o servicio. Asimismo, se compromete a no mostrar el enlace en ning\u00fan sitio web que una persona razonable pudiera considerar obsceno, difamatorio, abusivo, extremadamente ofensivo o malicioso. En ninguna circunstancia podr\u00e1 enmarcar esta p\u00e1gina o su contenido ni copiar partes de este sitio web en un servidor. Se compromete a no mostrar ni utilizar el logotipo o la marca Medtronic sin nuestra autorizaci\u00f3n previa por escrito.<\/p>\n <\/div><\/div>\n\t<\/div>\n<\/div>\n\n\n<div id=\"ms-accordion-item-block_653945b465369309d55300821640cbdb\" class=\"ms-block ms-accordion-item ms-animated\" data-ms-component=\"accordion-item\">\n\t<button class=\"ms-accordion-item__header\" aria-expanded=\"false\">\n\t\t<h3 class=\"ms-accordion-item__title\">Enlaces a otros sitios web<\/h3>\n\t\t<span class=\"ms-accordion-item__icon\"><svg class=\"ms-icon icon-angle-up\"><use xlink:href=\"#icon-angle-up\"><\/use><\/svg><\/span>\n\t<\/button>\n\t<div class=\"ms-accordion-item__content\">\n\t\t<div class=\"ms-accordion-item__content-inner\"><div class=\"ms-content ms-text-body-sm ms-accordion-item__copy\"> <p class=\"p1\">Este sitio web puede contener enlaces a otros sitios no administrados por Medtronic. Facilitamos estos enlaces para su comodidad, pero no revisamos, controlamos ni monitoreamos las pr\u00e1cticas de privacidad de los sitios web operados por otros. Estos pueden contener informaci\u00f3n acerca de usos de productos o terapias de Medtronic que no est\u00e9n aprobados en los Estados Unidos. No controlamos ni avalamos este tipo de informaci\u00f3n. No nos hacemos responsables del funcionamiento de esos sitios web ni de las transacciones comerciales que usted realice con ellos. El uso que usted haga de otros sitios web est\u00e1 sujeto a las Condiciones de uso de dichos sitios, incluidas sus pol\u00edticas de privacidad.<\/p>\n <\/div><\/div>\n\t<\/div>\n<\/div>\n\n\n<div id=\"ms-accordion-item-block_95b57f3a2e765d383fa529e416b81e6f\" class=\"ms-block ms-accordion-item ms-animated\" data-ms-component=\"accordion-item\">\n\t<button class=\"ms-accordion-item__header\" aria-expanded=\"false\">\n\t\t<h3 class=\"ms-accordion-item__title\">Sus opiniones, comentarios e ideas<\/h3>\n\t\t<span class=\"ms-accordion-item__icon\"><svg class=\"ms-icon icon-angle-up\"><use xlink:href=\"#icon-angle-up\"><\/use><\/svg><\/span>\n\t<\/button>\n\t<div class=\"ms-accordion-item__content\">\n\t\t<div class=\"ms-accordion-item__content-inner\"><div class=\"ms-content ms-text-body-sm ms-accordion-item__copy\"> <p class=\"p1\">Aunque nos complace recibir opiniones, comentarios e ideas de los visitantes de este sitio web, debe tener en cuenta que toda la informaci\u00f3n que nos env\u00ede a trav\u00e9s de este sitio web se considerar\u00e1 no personal, no confidencial y no reservada (con excepci\u00f3n de la informaci\u00f3n personal, seg\u00fan se define en nuestro Aviso de privacidad). Si nos comunica ideas, informaci\u00f3n, conceptos, conocimientos t\u00e9cnicos o comerciales, t\u00e9cnicas o materiales a trav\u00e9s de este sitio web, por la presente concede a Medtronic una licencia sin restricciones, irrevocable y libre de regal\u00edas para utilizar, reproducir, mostrar, ejecutar, modificar, transmitir y distribuir estos materiales en cualquier medio, y acepta que Medtronic los utilice para cualquier fin.<\/p>\n <\/div><\/div>\n\t<\/div>\n<\/div>\n\n\n<div id=\"ms-accordion-item-block_ff6f4f1999b7419f64d60a6bbbda27ae\" class=\"ms-block ms-accordion-item ms-animated\" data-ms-component=\"accordion-item\">\n\t<button class=\"ms-accordion-item__header\" aria-expanded=\"false\">\n\t\t<h3 class=\"ms-accordion-item__title\">Ausencia de garant\u00edas<\/h3>\n\t\t<span class=\"ms-accordion-item__icon\"><svg class=\"ms-icon icon-angle-up\"><use xlink:href=\"#icon-angle-up\"><\/use><\/svg><\/span>\n\t<\/button>\n\t<div class=\"ms-accordion-item__content\">\n\t\t<div class=\"ms-accordion-item__content-inner\"><div class=\"ms-content ms-text-body-sm ms-accordion-item__copy\"> <p class=\"p1\">Todos los contenidos de este sitio web se proporcionan \u201ctal cual\u201d y \u201cseg\u00fan disponibilidad\u201d. Por el presente, Medtronic excluye toda garant\u00eda de cualquier tipo, expresa o t\u00e1cita, legal o de otro tipo, entre otras, las garant\u00edas impl\u00edcitas de comerciabilidad, aptitud para un fin espec\u00edfico o no infracci\u00f3n. Medtronic no garantiza la exactitud, exhaustividad, vigencia ni confiabilidad de ning\u00fan contenido disponible en este sitio web.<\/p>\n<p class=\"p1\">Medtronic no declara ni garantiza que el uso de este sitio web sea ininterrumpido o est\u00e9 libre de errores. Usted es responsable de tomar todas las precauciones necesarias para asegurarse de que cualquier contenido que obtenga de este sitio web no contenga virus ni ning\u00fan otro c\u00f3digo inform\u00e1tico potencialmente da\u00f1ino.<\/p>\n<p class=\"p1\">Algunos estados no permiten limitaciones a las garant\u00edas impl\u00edcitas; por lo tanto, es posible que las limitaciones anteriores no se apliquen en su caso.<\/p>\n <\/div><\/div>\n\t<\/div>\n<\/div>\n\n\n<div id=\"ms-accordion-item-block_5f0906894e7ada5182d6efc215afa4d5\" class=\"ms-block ms-accordion-item ms-animated\" data-ms-component=\"accordion-item\">\n\t<button class=\"ms-accordion-item__header\" aria-expanded=\"false\">\n\t\t<h3 class=\"ms-accordion-item__title\">Limitaci\u00f3n de responsabilidad<\/h3>\n\t\t<span class=\"ms-accordion-item__icon\"><svg class=\"ms-icon icon-angle-up\"><use xlink:href=\"#icon-angle-up\"><\/use><\/svg><\/span>\n\t<\/button>\n\t<div class=\"ms-accordion-item__content\">\n\t\t<div class=\"ms-accordion-item__content-inner\"><div class=\"ms-content ms-text-body-sm ms-accordion-item__copy\"> <p class=\"p1\">Por la presente, usted acepta que ni Medtronic ni ninguna persona o entidad asociada a Medtronic ser\u00e1n responsables de ning\u00fan da\u00f1o o perjuicio derivado de su uso o de su imposibilidad de usar este sitio web o los materiales contenidos en \u00e9l. Esta disposici\u00f3n se aplica a reclamaciones basadas en garant\u00edas, contratos, responsabilidad extracontractual, responsabilidad objetiva o cualquier otro fundamento jur\u00eddico. Esta protecci\u00f3n se extiende a Medtronic, sus ejecutivos, directores, empleados, agentes y proveedores mencionados en este sitio web. Asimismo, se aplica a todas las p\u00e9rdidas, incluidos, entre otros, los da\u00f1os y perjuicios directos o indirectos, especiales, incidentales, consecuenciales, ejemplares o punitivos, lesiones personales o muerte por negligencia, lucro cesante, y da\u00f1os y perjuicios derivados de la p\u00e9rdida de datos o de la interrupci\u00f3n de las actividades empresariales.<\/p>\n<p class=\"p1\">La responsabilidad total de Medtronic, sus ejecutivos, directores, empleados, agentes y proveedores, si los hubiera, por cualquier p\u00e9rdida o da\u00f1o, no exceder\u00e1 del monto de sus da\u00f1os reales ni de USD 100,00. la cantidad que resulte menor. Es posible que la limitaci\u00f3n de responsabilidad no sea aplicable en algunos estados. En ning\u00fan caso Medtronic, sus ejecutivos, directores, empleados, agentes y proveedores ser\u00e1n responsables ante usted por p\u00e9rdidas o da\u00f1os que excedan de la cantidad indicada anteriormente. Quedan excluidos todos los dem\u00e1s da\u00f1os, ya sean directos o indirectos, especiales, incidentales, consecuenciales, ejemplares o punitivos, derivados del uso de este sitio web o de los materiales contenidos en \u00e9l, incluso si Medtronic ha sido informada de la posibilidad de tales da\u00f1os.<\/p>\n <\/div><\/div>\n\t<\/div>\n<\/div>\n\n\n<div id=\"ms-accordion-item-block_222de4f67e946fca95075018c89a6ba1\" class=\"ms-block ms-accordion-item ms-animated\" data-ms-component=\"accordion-item\">\n\t<button class=\"ms-accordion-item__header\" aria-expanded=\"false\">\n\t\t<h3 class=\"ms-accordion-item__title\">Otras disposiciones relativas a este sitio web<\/h3>\n\t\t<span class=\"ms-accordion-item__icon\"><svg class=\"ms-icon icon-angle-up\"><use xlink:href=\"#icon-angle-up\"><\/use><\/svg><\/span>\n\t<\/button>\n\t<div class=\"ms-accordion-item__content\">\n\t\t<div class=\"ms-accordion-item__content-inner\"><div class=\"ms-content ms-text-body-sm ms-accordion-item__copy\"> <p class=\"p1\">Adem\u00e1s de las disposiciones previstas en estas Condiciones de uso y en el Aviso de privacidad, es posible que est\u00e9 sujeto a otras condiciones al acceder a determinados servicios o materiales disponibles en secciones espec\u00edficas de este sitio web, por ejemplo, al realizar una compra de servicios adicionales o al acceder a un enlace desde este sitio web. Consulte nuestro Aviso de privacidad para conocer c\u00f3mo protegemos y utilizamos la informaci\u00f3n que obtenemos a trav\u00e9s de este sitio web.<\/p>\n<p class=\"p1\">Las obligaciones establecidas en esta secci\u00f3n y en las secciones \u201cSus opiniones, comentarios e ideas\u201d, \u201cAusencia de garant\u00edas\u201d y \u201cLimitaci\u00f3n de responsabilidad\u201d continuar\u00e1n vigentes tras la terminaci\u00f3n de estas Condiciones de uso.<\/p>\n<p class=\"p1\">Si un tribunal competente declara nula alguna disposici\u00f3n de estas Condiciones de uso, dicha nulidad no afectar\u00e1 la validez de las dem\u00e1s disposiciones, que continuar\u00e1n en pleno vigor y efecto. Ninguna renuncia a cualquiera de las disposiciones de estas Condiciones de uso se considerar\u00e1 una renuncia continua o permanente a dicha disposici\u00f3n ni a ninguna otra.<\/p>\n<p class=\"p1\">Si infringe estas Condiciones de uso o el Aviso de privacidad de manera que cause da\u00f1os o perjuicios a terceros, acepta indemnizar y mantener indemne a Medtronic frente a cualquier reclamaci\u00f3n o responsabilidad derivada de dicha infracci\u00f3n.<\/p>\n<p class=\"p1\">Al utilizar este sitio web, acepta que, para resolver cualquier controversia con Medtronic o relacionada de cualquier forma con su uso de este sitio web, se somete a la jurisdicci\u00f3n de los tribunales estatales y federales del Estado de Minnesota, EE. UU. Asimismo, acepta y consiente someterse a la jurisdicci\u00f3n personal en estos tribunales en relaci\u00f3n con cualquier controversia que afecte a Medtronic o a sus compa\u00f1\u00edas asociadas, empleados, ejecutivos, directores, agentes o proveedores.<\/p>\n<p class=\"p1\">Estas Condiciones de uso se rigen por las leyes sustantivas internas del Estado de Minnesota, sin tener en cuenta sus disposiciones sobre posibles conflictos de leyes ni las leyes federales de los Estados Unidos.<\/p>\n <\/div><\/div>\n\t<\/div>\n<\/div>\n\n\n<div id=\"ms-accordion-item-block_9129088afbfc6a1d700681b2d1884c9c\" class=\"ms-block ms-accordion-item ms-animated\" data-ms-component=\"accordion-item\">\n\t<button class=\"ms-accordion-item__header\" aria-expanded=\"false\">\n\t\t<h3 class=\"ms-accordion-item__title\">Notificaciones<\/h3>\n\t\t<span class=\"ms-accordion-item__icon\"><svg class=\"ms-icon icon-angle-up\"><use xlink:href=\"#icon-angle-up\"><\/use><\/svg><\/span>\n\t<\/button>\n\t<div class=\"ms-accordion-item__content\">\n\t\t<div class=\"ms-accordion-item__content-inner\"><div class=\"ms-content ms-text-body-sm ms-accordion-item__copy\"> <p class=\"p1\">Medtronic podr\u00e1 enviarle notificaciones por correo electr\u00f3nico o mediante un aviso general publicado en este sitio web.<\/p>\n <\/div><\/div>\n\t<\/div>\n<\/div>\n\n\t\t<\/div>\n\t<\/div>\n<\/div>","protected":false},"excerpt":{"rendered":"","protected":false},"author":4,"featured_media":0,"parent":0,"menu_order":0,"comment_status":"closed","ping_status":"closed","template":"template-legal.php","meta":{"_acf_changed":true,"footnotes":""},"class_list":["post-1347","page","type-page","status-publish","hentry"],"acf":[],"featured_image_src":null,"featured_image_src_square":null,"_links":{"self":[{"href":"https:\/\/www.medtronicspark.com\/es\/wp-json\/wp\/v2\/pages\/1347","targetHints":{"allow":["GET"]}}],"collection":[{"href":"https:\/\/www.medtronicspark.com\/es\/wp-json\/wp\/v2\/pages"}],"about":[{"href":"https:\/\/www.medtronicspark.com\/es\/wp-json\/wp\/v2\/types\/page"}],"author":[{"embeddable":true,"href":"https:\/\/www.medtronicspark.com\/es\/wp-json\/wp\/v2\/users\/4"}],"replies":[{"embeddable":true,"href":"https:\/\/www.medtronicspark.com\/es\/wp-json\/wp\/v2\/comments?post=1347"}],"version-history":[{"count":0,"href":"https:\/\/www.medtronicspark.com\/es\/wp-json\/wp\/v2\/pages\/1347\/revisions"}],"wp:attachment":[{"href":"https:\/\/www.medtronicspark.com\/es\/wp-json\/wp\/v2\/media?parent=1347"}],"curies":[{"name":"wp","href":"https:\/\/api.w.org\/{rel}","templated":true}]}}