{"id":1241,"date":"2026-03-17T04:05:58","date_gmt":"2026-03-17T04:05:58","guid":{"rendered":"https:\/\/staging.medtronicspark.com\/?page_id=1241"},"modified":"2026-04-30T19:05:02","modified_gmt":"2026-04-30T19:05:02","slug":"explore","status":"publish","type":"page","link":"https:\/\/www.medtronicspark.com\/es\/explore\/","title":{"rendered":"Explorar"},"content":{"rendered":"<section id=\"ms-hero-block_79ba122aa3e8df3a507ae5faed70cf6c\"  class=\"ms-block ms-hero ms-hero--theme-dark ms-hero--start-align ms-hero--decoration-style5 ms-hero--with-column-images ms-hero-negative-offset-split-image\" data-ms-component=\"hero\">\n\t\n\t<!-- Hero Background -->\n\t<picture  class=\"ms-picture ms-hero__background-picture\"><source srcset=\"https:\/\/www.medtronicspark.com\/wp-content\/uploads\/2026\/03\/explore-hero-bg-mobile.png\" media=\"(max-width: 767px)\"><img loading=\"lazy\" decoding=\"async\" width=\"2160\" height=\"1230\" src=\"https:\/\/www.medtronicspark.com\/wp-content\/uploads\/2026\/03\/explore-hero-bg.webp\" class=\"attachment-full size-full\" alt=\"\" srcset=\"https:\/\/www.medtronicspark.com\/wp-content\/uploads\/2026\/03\/explore-hero-bg.webp 2160w, https:\/\/www.medtronicspark.com\/wp-content\/uploads\/2026\/03\/explore-hero-bg-300x171.webp 300w, https:\/\/www.medtronicspark.com\/wp-content\/uploads\/2026\/03\/explore-hero-bg-1024x583.webp 1024w, https:\/\/www.medtronicspark.com\/wp-content\/uploads\/2026\/03\/explore-hero-bg-768x437.webp 768w, https:\/\/www.medtronicspark.com\/wp-content\/uploads\/2026\/03\/explore-hero-bg-1536x875.webp 1536w, https:\/\/www.medtronicspark.com\/wp-content\/uploads\/2026\/03\/explore-hero-bg-2048x1166.webp 2048w\" sizes=\"auto, (max-width: 2160px) 100vw, 2160px\" \/><\/picture>\t \n\t<div class=\"ms-hero__container\">\n\t\t<div class=\"ms-hero__column ms-hero__column--left\">\n\t\t\t\n\t\t\t<div class=\"ms-hero__content\" data-ms-entry-animate=\"fade-up\" data-ms-entry-animate-stagger=\"0.2\">\n\n\t\t\t\t<h1 class=\"ms-title ms-heading-h1 ms-hero__title ms-animated\"><span class=\"ms-title-line ms-animated ms-font-secondary\">Explora una<\/span><span class=\"ms-title-line ms-animated ms-font-primary\">identidad innovadora.<\/span><\/h1>\n\t\t\t\t\t\t\t\t<div class=\"ms-hero__text-content\" style=\"max-width:488px;\">\n\t\t\t\t\t\n\t\t\t\t\t<div class=\"ms-content ms-text-body-md ms-hero__copy ms-animated\"> <p>Los estudiantes acceden a experiencia pr\u00e1ctica en tecnolog\u00eda de la salud en el mundo real explorando los sistemas del cuerpo humano y conceptos innovadores a trav\u00e9s de Medtronic Spark Explore.<\/p>\n <\/div>\n\t\t\t\t\t\t\t\t\t<\/div>\n\t\t\t\t\t\t\t<\/div>\n\t\t<\/div>\n\n\t\t<div class=\"ms-hero__column ms-hero__column--right\">\n\t\t\t<div class=\"ms-hero__hero-image-wrapper\">\n\t\t\t\t<div class=\"ms-hero__picture-wrapper\">\n\t\t\t\t\t\n\t\t\t\t\t\t\t\t\t\t\n\t\t\t\t\t<div class=\"ms-hero__image-decoration-wrapper\">\n\t\t\t\t\t\t<div class=\"ms-animated-icon ms-animated-icon--icon-brand-arrow\"><div class=\"ms-animated-icon__entry ms-animated-icon__entry--icon-brand-arrow\" data-ms-entry-animate=\"icon-fade-up\" data-ms-entry-animate-delay=\"0.5\"><div class=\"ms-animated-icon__parallax ms-animated-icon__parallax--icon-brand-arrow\" data-ms-parallax data-ms-parallax-amount=\"100\" data-ms-parallax-start=\"top 15%\" data-ms-parallax-end=\"+=200\"><svg class=\"ms-icon icon-brand-arrow\"class=\"ms-animated-icon__svg\"><use xlink:href=\"#icon-brand-arrow\"><\/use><\/svg><\/div><\/div><\/div><div class=\"ms-animated-icon ms-animated-icon--icon-brand-asterisk\"><div class=\"ms-animated-icon__entry ms-animated-icon__entry--icon-brand-asterisk\" data-ms-entry-animate=\"icon-zoom-in-bounced\" data-ms-entry-animate-delay=\"0.5\"><div class=\"ms-animated-icon__parallax ms-animated-icon__parallax--icon-brand-asterisk\" data-ms-parallax data-ms-parallax-amount=\"-15\" data-ms-parallax-start=\"top 30%\" data-ms-parallax-end=\"+=150\"><svg class=\"ms-icon icon-brand-asterisk\"class=\"ms-animated-icon__svg\"><use xlink:href=\"#icon-brand-asterisk\"><\/use><\/svg><\/div><\/div><\/div>\t\t\t\t\t\t<picture  data-ms-entry-animate=\"large-fade-up\" data-ms-entry-animate-delay=\"0.5\" class=\"ms-picture ms-hero__hero-image\"><img loading=\"lazy\" decoding=\"async\" width=\"810\" height=\"872\" src=\"https:\/\/www.medtronicspark.com\/wp-content\/uploads\/2026\/03\/french_homepage_explore_desktop.webp\" class=\"attachment-full size-full\" alt=\"\" srcset=\"https:\/\/www.medtronicspark.com\/wp-content\/uploads\/2026\/03\/french_homepage_explore_desktop.webp 810w, https:\/\/www.medtronicspark.com\/wp-content\/uploads\/2026\/03\/french_homepage_explore_desktop-279x300.webp 279w, https:\/\/www.medtronicspark.com\/wp-content\/uploads\/2026\/03\/french_homepage_explore_desktop-768x827.webp 768w\" sizes=\"auto, (max-width: 810px) 100vw, 810px\" \/><\/picture>\t\t\t\t\t<\/div>\n\t\t\t\t<\/div>\n\t\t\t<\/div>\n\t\t<\/div>\n\t<\/div>\n<\/section>\n\n\n\n<div id=\"ms-hero-callout-block_6201b3ff39ccdd9a839c6c4c56ba1531\" \n\tclass=\"ms-block ms-hero-callout ms-hero-callout--overlap-mode\"\n\tdata-ms-component=\"hero-callout\"\n\tdata-ms-option-overlap-mode=\"true\"\n\tdata-ms-entry-animate=\"fade-up\"\n\tdata-ms-entry-animate-delay=\"0.2\"\n\tdata-ms-entry-animate-stagger=\"0.25\"\n\t>\n\n\t<div class=\"container-narrow ms-hero-callout__container\">\n\t\t<div class=\"ms-hero-callout__card\">\n\t\t\t<div class=\"ms-hero-callout__content\">\n\t\t\t\t\t\t\t\t<h2 class=\"ms-hero-callout__title ms-animated ms-font-secondary\">Tu futuro empieza hoy.<\/h2>\n\t\t\t\t\t\t\t\t<div class=\"ms-content ms-text-body-md ms-hero-callout__copy ms-animated\"> <p>Reg\u00edstrate para mantenerte conectado con oportunidades de aprendizaje pr\u00e1ctico, credenciales y becas.<\/p>\n <\/div>\t\t\t<\/div>\n\n\t\t\t<a href=\"\/es\/connect#sign-up\" class=\"ms-button ms-animated\">Reg\u00edstrate<svg class=\"ms-icon icon-arrow-right\"><use xlink:href=\"#icon-arrow-right\"><\/use><\/svg><\/a>\t\t<\/div>\n\t<\/div>\n<\/div>\n\n\n<div id=\"ms-split-section-block_cc074b6bedfc0622b664fa7cd53712e4\" class=\"ms-block ms-split-section ms-split-section--ltr ms-split-section--bg-white\" \n\tdata-ms-entry-animate=\"fade-in\"\n\t>\n\t<div class=\"container\">\n\t\t\t\t<div class=\"ms-split-section__column ms-split-section__column--image\">\n\t\t\t<div class=\"p-relative z-index-normal\" data-ms-entry-animate=\"fade-up\" data-ms-entry-animate-delay=\"0.2\">\n\t\t\t\t<img loading=\"lazy\" decoding=\"async\" width=\"810\" height=\"811\" src=\"https:\/\/www.medtronicspark.com\/wp-content\/uploads\/2026\/03\/japanese_homepage_explore_desktop.webp\" class=\"attachment-full size-full\" alt=\"\" srcset=\"https:\/\/www.medtronicspark.com\/wp-content\/uploads\/2026\/03\/japanese_homepage_explore_desktop.webp 810w, https:\/\/www.medtronicspark.com\/wp-content\/uploads\/2026\/03\/japanese_homepage_explore_desktop-300x300.webp 300w, https:\/\/www.medtronicspark.com\/wp-content\/uploads\/2026\/03\/japanese_homepage_explore_desktop-150x150.webp 150w, https:\/\/www.medtronicspark.com\/wp-content\/uploads\/2026\/03\/japanese_homepage_explore_desktop-768x769.webp 768w, https:\/\/www.medtronicspark.com\/wp-content\/uploads\/2026\/03\/japanese_homepage_explore_desktop-600x600.webp 600w\" sizes=\"auto, (max-width: 810px) 100vw, 810px\" \/>\t\t\t<\/div>\n\t\t\t\n\t\t\t<div class=\"ms-split-section__decoration ms-split-section__decoration--style3\">\n\t\t\t\t<div class=\"ms-animated-icon ms-animated-icon--icon-brand-asterisk\"><div class=\"ms-animated-icon__entry ms-animated-icon__entry--icon-brand-asterisk\" data-ms-entry-animate=\"icon-zoom-in-bounced\" data-ms-entry-animate-delay=\"0.6\"><div class=\"ms-animated-icon__parallax ms-animated-icon__parallax--icon-brand-asterisk\" data-ms-parallax data-ms-parallax-amount=\"10\" data-ms-parallax-start=\"top 30%\" data-ms-parallax-end=\"+=150\"><svg class=\"ms-icon icon-brand-asterisk\"class=\"ms-animated-icon__svg\"><use xlink:href=\"#icon-brand-asterisk\"><\/use><\/svg><\/div><\/div><\/div><div class=\"ms-animated-icon ms-animated-icon--icon-brand-arrow\"><div class=\"ms-animated-icon__entry ms-animated-icon__entry--icon-brand-arrow\" data-ms-entry-animate=\"icon-fade-up\" data-ms-entry-animate-delay=\"0.3\"><div class=\"ms-animated-icon__parallax ms-animated-icon__parallax--icon-brand-arrow\" data-ms-parallax data-ms-parallax-amount=\"-30\" data-ms-parallax-start=\"top 60%\" data-ms-parallax-end=\"+=300\"><svg class=\"ms-icon icon-brand-arrow\"class=\"ms-animated-icon__svg\"><use xlink:href=\"#icon-brand-arrow\"><\/use><\/svg><\/div><\/div><\/div>\t\t\t<\/div>\n\t\t<\/div>\n\t\t\n\t\t<div class=\"ms-split-section__column ms-split-section__column--content\">\n\t\t\t<div class=\"ms-split-section__content\" data-ms-entry-animate=\"fade-up\" data-ms-entry-animate-stagger=\"0.2\">\n\t\t\t\t\n\t\t\t\t<div class=\"ms-split-section__text-content\" style=\"\">\n\t\t\t\t\t<h3 class=\"ms-title ms-heading-h2 ms-split-section__title\"><span class=\"ms-title-line ms-animated ms-font-secondary ms-title-line--primary\">Acerca la llama de<\/span><span class=\"ms-title-line ms-animated ms-font-primary\">la innovaci\u00f3n a tu escuela<\/span><\/h3>\t\t\t\t\t<div class=\"ms-content ms-text-body-md ms-animated ms-split-section__copy\"> <p>Medtronic Spark ofrece una experiencia STEM (ciencia, tecnolog\u00eda, ingenier\u00eda, matem\u00e1ticas) inmersiva, vinculada con oportunidades profesionales, directamente en las escuelas intermedias.<\/p>\n<p>Como parte del lanzamiento de Medtronic Spark Explore, estamos presentando el programa en comunidades seleccionadas de Minnesota, California, Colorado, Connecticut y Massachusetts. Se invita a los educadores de estas localidades a sumarse a la Teacher Priority Network (bajo la operaci\u00f3n de <a href=\"https:\/\/www.learningundefeated.org\/lab\/medtronic-spark\/\" target=\"_blank\" rel=\"noopener\">Learning Undefeated<\/a>). <strong>Los docentes cuyos centros educativos se encuentren dentro del \u00e1mbito de aplicaci\u00f3n del programa recibir\u00e1n informaci\u00f3n adicional,<\/strong> incluido el acceso al calendario de actividades de nuestra unidad m\u00f3vil y a un plan de estudios pr\u00e1ctico, orientado a carreras profesionales y dise\u00f1ado para inspirar a la pr\u00f3xima generaci\u00f3n de innovadores.<\/p>\n<p>Los estudiantes pueden contribuir a que Medtronic Spark llegue a su colegio compartiendo esta oportunidad con un profesor.<\/p>\n <\/div>\n\t\t\t\t\t<a href=\"https:\/\/www.learningundefeated.org\/priority-network\/\" class=\"ms-animated ms-button\" target=\"_blank\">S\u00famate a Teacher Priority Network<svg class=\"ms-icon icon-arrow-right\"><use xlink:href=\"#icon-arrow-right\"><\/use><\/svg><\/a>\t\t\t\t<\/div>\n\t\t\t<\/div>\n\t\t<\/div>\n\t<\/div>\n<\/div>\n\n<div id=\"ms-form-section-block_86c15cd03388981e5991e7e92f11b8fc\"  class=\"ms-block ms-form-section\" data-ms-entry-animate=\"fade-in\">\n\t<div class=\"container ms-form-section__container\">\n\t\t\n\n<div id=\"ms-section-intro-block_9500e04647be9f994d756b1feab75b90\" class=\"ms-block ms-section-intro ms-animated\" \n\tdata-ms-entry-animate=\"fade-up\" \n\tdata-ms-entry-animate-stagger=\"0.2\">\n\n\t<div class=\"container ms-section-intro__container\">\n\t\t<h2 class=\"ms-title ms-heading-h2 ms-section-intro__section-title ms-animated\"><span class=\"ms-title-line ms-animated ms-font-primary\">\u00bfNo est\u00e1s en ninguno de los estados participantes?<\/span><\/h2>\t\t<div class=\"ms-content ms-text-body-md ms-section-intro__copy ms-animated\"> <p>Si est\u00e1s fuera de <strong>Minnesota, California, Colorado, Connecticut o Massachusetts<\/strong> pero quieres obtener m\u00e1s informaci\u00f3n y mantenerte al d\u00eda a medida que Medtronic Spark Explore se expande, inscr\u00edbete a continuaci\u00f3n en nuestro bolet\u00edn para recibir las \u00faltimas noticias y anuncios del programa.<\/p>\n <\/div>\t<\/div>\n<\/div>\n\n<div class=\"ms-form ms-form--solid\" \n\tdata-ms-component=\"form\" \n\tdata-ms-entry-animate=\"fade-up\" data-ms-entry-animate-delay=\"0.2\" data-ms-entry-animate-stagger=\"0.25\">\n\t<div id=\"ms-reuse-69f721e811f1a\" class=\"ms-block ms-section-title ms-section-title--large\"\n\t data-ms-entry-animate=\"fade-up\" data-ms-entry-animate-delay=\"0.2\" data-ms-entry-animate-stagger=\"0.25\">\n\t<div class=\"container ms-section-title__container\">\n\t\t<h2 class=\"ms-section-title__heading ms-section-title--has-icon\"><span class=\"ms-section-title__heading-line ms-animated ms-font-secondary ms-section-title__heading-line--primary\">Reg\u00edstrate para recibir<\/span><span class=\"ms-section-title__heading-line ms-animated ms-font-primary\">noticias sobre Medtronic Spark Explore<\/span><\/h2>\t<\/div>\n<\/div>\n\n\n\t<div class=\"ms-form__container ms-animated\">\n\t\t<form \n\t\t\tid=\"ms-form-1\" \n\t\t\tclass=\"ms-form__form\" \n\t\t\tmethod=\"post\" \n\t\t\taction=\"https:\/\/www.medtronicspark.com\/wp-admin\/admin-ajax.php\" \n\t\t>\n\t\t\t<input type=\"hidden\" id=\"ms_form_nonce\" name=\"ms_form_nonce\" value=\"62b8bb1f71\" \/><input type=\"hidden\" name=\"_wp_http_referer\" value=\"\/es\/wp-json\/wp\/v2\/pages\/1241\" \/>\t\t\t<input type=\"hidden\" name=\"action\" value=\"ms_submit_form\" \/>\n\t\t\t<input type=\"hidden\" name=\"language\" value=\"es\" \/>\n\t\t\t<input type=\"hidden\" name=\"form_id\" value=\"explore\" \/>\n\t\t\t\n\t\t\t\t\t\t<div style=\"position: absolute; left: -9999px; width: 1px; height: 1px; overflow: hidden;\" aria-hidden=\"true\">\n\t\t\t\t\t<input type=\"text\" name=\"ms_website\" tabindex=\"-1\" autocomplete=\"off\" \/>\n\t\t\t<\/div>\n\n\t\t\t<div class=\"ms-form__row\">\n\t\t\t\t<div class=\"ms-form__inner-row\">\n\t\t\t\t\t<div class=\"ms-form__field\">\n\t\t\t\t\t\t<input \n\t\t\t\t\t\t\ttype=\"text\" \n\t\t\t\t\t\t\tname=\"first_name\" \n\t\t\t\t\t\t\tclass=\"ms-form__input\" \n\t\t\t\t\t\t\trequired\n\t\t\t\t\t\t\tmaxlength=\"100\"\n\t\t\t\t\t\t\tautoComplete=\"given-name\"\n\t\t\t\t\t\t\tplaceholder=\"Nombre*\"\n\t\t\t\t\t\t\/>\n\t\t\t\t\t<\/div>\n\t\t\t\t\t\n\t\t\t\t\t<div class=\"ms-form__field\">\n\t\t\t\t\t\t<input \n\t\t\t\t\t\t\ttype=\"text\" \n\t\t\t\t\t\t\tname=\"last_name\" \n\t\t\t\t\t\t\tclass=\"ms-form__input\" \n\t\t\t\t\t\t\tautoComplete=\"family-name\"\n\t\t\t\t\t\t\trequired\n\t\t\t\t\t\t\tmaxlength=\"150\"\n\t\t\t\t\t\t\tplaceholder=\"Apellido*\"\n\t\t\t\t\t\t\/>\n\t\t\t\t\t<\/div>\n\t\t\t\t<\/div>\n\n\t\t\t\t<div class=\"ms-form__field\">\n\t\t\t\t\t<input \n\t\t\t\t\t\ttype=\"email\" \n\t\t\t\t\t\tname=\"email\" \n\t\t\t\t\t\tclass=\"ms-form__input\" \n\t\t\t\t\t\trequired\n\t\t\t\t\t\tautoComplete=\"email\"\n\t\t\t\t\t\tmaxlength=\"254\"\n\t\t\t\t\t\tplaceholder=\"Correo electr\u00f3nico*\"\n\t\t\t\t\t\/>\n\t\t\t\t<\/div>\n\t\t\t<\/div>\n\n\t\t\t<div class=\"ms-form__row\">\n\t\t\t\t<div class=\"ms-form__field ms-form__field--select\">\n\t\t\t\t\t<input type=\"hidden\" name=\"country_code\" id=\"ms-form-country-code\" \/>\n\t\t\t\t\t<select \n\t\t\t\t\t\tid=\"ms-form-country-select\" \n\t\t\t\t\t\tname=\"country\" \n\t\t\t\t\t\tclass=\"ms-form__select ms-form__select--country\" \n\t\t\t\t\t\tautoComplete=\"country\"\n\t\t\t\t\t\tdata-country-codes=\"[&quot;AF&quot;,&quot;AX&quot;,&quot;AL&quot;,&quot;DZ&quot;,&quot;AS&quot;,&quot;AD&quot;,&quot;AO&quot;,&quot;AI&quot;,&quot;AQ&quot;,&quot;AG&quot;,&quot;AR&quot;,&quot;AM&quot;,&quot;AW&quot;,&quot;AU&quot;,&quot;AT&quot;,&quot;AZ&quot;,&quot;BS&quot;,&quot;BH&quot;,&quot;BD&quot;,&quot;BB&quot;,&quot;BY&quot;,&quot;BE&quot;,&quot;BZ&quot;,&quot;BJ&quot;,&quot;BM&quot;,&quot;BT&quot;,&quot;BO&quot;,&quot;BA&quot;,&quot;BW&quot;,&quot;BV&quot;,&quot;BR&quot;,&quot;IO&quot;,&quot;BN&quot;,&quot;BG&quot;,&quot;BF&quot;,&quot;BI&quot;,&quot;KH&quot;,&quot;CM&quot;,&quot;CA&quot;,&quot;CV&quot;,&quot;KY&quot;,&quot;CF&quot;,&quot;TD&quot;,&quot;CL&quot;,&quot;CN&quot;,&quot;CX&quot;,&quot;CC&quot;,&quot;CO&quot;,&quot;KM&quot;,&quot;CG&quot;,&quot;CD&quot;,&quot;CK&quot;,&quot;CR&quot;,&quot;CI&quot;,&quot;HR&quot;,&quot;CU&quot;,&quot;CW&quot;,&quot;CY&quot;,&quot;CZ&quot;,&quot;DK&quot;,&quot;DJ&quot;,&quot;DM&quot;,&quot;DO&quot;,&quot;EC&quot;,&quot;EG&quot;,&quot;SV&quot;,&quot;GQ&quot;,&quot;ER&quot;,&quot;EE&quot;,&quot;ET&quot;,&quot;FK&quot;,&quot;FO&quot;,&quot;FJ&quot;,&quot;FI&quot;,&quot;FR&quot;,&quot;GF&quot;,&quot;PF&quot;,&quot;TF&quot;,&quot;GA&quot;,&quot;GM&quot;,&quot;GE&quot;,&quot;DE&quot;,&quot;GH&quot;,&quot;GI&quot;,&quot;GR&quot;,&quot;GL&quot;,&quot;GD&quot;,&quot;GP&quot;,&quot;GU&quot;,&quot;GT&quot;,&quot;GG&quot;,&quot;GN&quot;,&quot;GW&quot;,&quot;GY&quot;,&quot;HT&quot;,&quot;HM&quot;,&quot;VA&quot;,&quot;HN&quot;,&quot;HK&quot;,&quot;HU&quot;,&quot;IS&quot;,&quot;IN&quot;,&quot;ID&quot;,&quot;IR&quot;,&quot;IQ&quot;,&quot;IE&quot;,&quot;IM&quot;,&quot;IL&quot;,&quot;IT&quot;,&quot;JM&quot;,&quot;JP&quot;,&quot;JE&quot;,&quot;JO&quot;,&quot;KZ&quot;,&quot;KE&quot;,&quot;KI&quot;,&quot;KP&quot;,&quot;KR&quot;,&quot;KW&quot;,&quot;KG&quot;,&quot;LA&quot;,&quot;LV&quot;,&quot;LB&quot;,&quot;LS&quot;,&quot;LR&quot;,&quot;LY&quot;,&quot;LI&quot;,&quot;LT&quot;,&quot;LU&quot;,&quot;MO&quot;,&quot;MK&quot;,&quot;MG&quot;,&quot;MW&quot;,&quot;MY&quot;,&quot;MV&quot;,&quot;ML&quot;,&quot;MT&quot;,&quot;MH&quot;,&quot;MQ&quot;,&quot;MR&quot;,&quot;MU&quot;,&quot;YT&quot;,&quot;MX&quot;,&quot;FM&quot;,&quot;MD&quot;,&quot;MC&quot;,&quot;MN&quot;,&quot;ME&quot;,&quot;MS&quot;,&quot;MA&quot;,&quot;MZ&quot;,&quot;MM&quot;,&quot;NA&quot;,&quot;NR&quot;,&quot;NP&quot;,&quot;NL&quot;,&quot;NC&quot;,&quot;NZ&quot;,&quot;NI&quot;,&quot;NE&quot;,&quot;NG&quot;,&quot;NU&quot;,&quot;NF&quot;,&quot;MP&quot;,&quot;NO&quot;,&quot;OM&quot;,&quot;PK&quot;,&quot;PW&quot;,&quot;PS&quot;,&quot;PA&quot;,&quot;PG&quot;,&quot;PY&quot;,&quot;PE&quot;,&quot;PH&quot;,&quot;PN&quot;,&quot;PL&quot;,&quot;PT&quot;,&quot;PR&quot;,&quot;QA&quot;,&quot;RE&quot;,&quot;RO&quot;,&quot;RU&quot;,&quot;RW&quot;,&quot;BL&quot;,&quot;SH&quot;,&quot;KN&quot;,&quot;LC&quot;,&quot;MF&quot;,&quot;PM&quot;,&quot;VC&quot;,&quot;WS&quot;,&quot;SM&quot;,&quot;ST&quot;,&quot;SA&quot;,&quot;SN&quot;,&quot;RS&quot;,&quot;SC&quot;,&quot;SL&quot;,&quot;SG&quot;,&quot;SX&quot;,&quot;SK&quot;,&quot;SI&quot;,&quot;SB&quot;,&quot;SO&quot;,&quot;ZA&quot;,&quot;GS&quot;,&quot;SS&quot;,&quot;ES&quot;,&quot;LK&quot;,&quot;SD&quot;,&quot;SR&quot;,&quot;SJ&quot;,&quot;SZ&quot;,&quot;SE&quot;,&quot;CH&quot;,&quot;SY&quot;,&quot;TW&quot;,&quot;TJ&quot;,&quot;TZ&quot;,&quot;TH&quot;,&quot;TL&quot;,&quot;TG&quot;,&quot;TK&quot;,&quot;TO&quot;,&quot;TT&quot;,&quot;TN&quot;,&quot;TR&quot;,&quot;TM&quot;,&quot;TC&quot;,&quot;TV&quot;,&quot;UG&quot;,&quot;UA&quot;,&quot;AE&quot;,&quot;GB&quot;,&quot;US&quot;,&quot;UM&quot;,&quot;UY&quot;,&quot;UZ&quot;,&quot;VU&quot;,&quot;VE&quot;,&quot;VN&quot;,&quot;VG&quot;,&quot;VI&quot;,&quot;WF&quot;,&quot;EH&quot;,&quot;YE&quot;,&quot;ZM&quot;,&quot;ZW&quot;]\"\n\t\t\t\t\t\tdata-placeholder=\"Pa\u00eds\"\n\t\t\t\t\t>\n\t\t\t\t\t\t<option value=\"\">Pa\u00eds<\/option>\n\t\t\t\t\t\t\t\t\t\t\t<\/select>\n\t\t\t\t\t<span class=\"ms-form__select-arrow\">\n\t\t\t\t\t\t<svg class=\"ms-icon select-arrow\"><use xlink:href=\"#select-arrow\"><\/use><\/svg>\t\t\t\t\t<\/span>\n\t\t\t\t<\/div>\n\n\t\t\t\t<div class=\"ms-form__field ms-form__field--select\">\n\t\t\t\t\t<select \n\t\t\t\t\t\tid=\"ms-form-select\" \n\t\t\t\t\t\tname=\"role\" \n\t\t\t\t\t\tclass=\"ms-form__select\" \n\t\t\t\t\t>\n\t\t\t\t\t\t<option value=\"\">Soy<\/option>\n\t\t\t\t\t\t\t\t\t\t\t\t\t\t\t\t\t\t\t\t\t\t\t\t\t\t\t\t\t\t\t\t\t\t\t\t\t\t\t\t\t\t\t\t\t\t<option value=\"student\">\n\t\t\t\t\t\t\t\t\t\tEstudiante\t\t\t\t\t\t\t\t\t<\/option>\n\t\t\t\t\t\t\t\t\t\t\t\t\t\t\t\t\t\t\t\t\t\t\t\t\t\t\t\t\t\t\t\t\t\t\t\t\t\t\t\t\t\t\t\t\t\t\t\t<option value=\"parent\">\n\t\t\t\t\t\t\t\t\t\tPadre o madre\t\t\t\t\t\t\t\t\t<\/option>\n\t\t\t\t\t\t\t\t\t\t\t\t\t\t\t\t\t\t\t\t\t\t\t\t\t\t\t\t\t\t\t\t\t\t\t\t\t\t\t\t\t\t\t\t\t\t\t\t<option value=\"teacher\">\n\t\t\t\t\t\t\t\t\t\tDocente\t\t\t\t\t\t\t\t\t<\/option>\n\t\t\t\t\t\t\t\t\t\t\t\t\t\t\t\t\t\t\t\t\t\t\t\t\t\t\t\t\t\t\t\t\t\t\t\t\t\t\t\t\t\t\t\t\t\t\t\t<option value=\"professor\">\n\t\t\t\t\t\t\t\t\t\tProfesor\/a\t\t\t\t\t\t\t\t\t<\/option>\n\t\t\t\t\t\t\t\t\t\t\t\t\t\t\t\t\t\t\t\t\t\t\t\t\t\t\t\t\t\t\t\t\t\t\t\t\t\t\t\t\t\t\t\t\t\t\t\t<option value=\"credential-seeker\">\n\t\t\t\t\t\t\t\t\t\tSolicitante de credencial\t\t\t\t\t\t\t\t\t<\/option>\n\t\t\t\t\t\t\t\t\t\t\t\t\t\t\t\t\t\t\t\t\t\t\t\t\t\t\t\t\t\t\t\t\t\t\t\t\t\t\t\t\t\t\t\t\t\t\t\t<option value=\"other\">\n\t\t\t\t\t\t\t\t\t\tOtro\t\t\t\t\t\t\t\t\t<\/option>\n\t\t\t\t\t\t\t\t\t\t\t\t\t\t\t\t\t\t\t\t\t\t\t\t\t\t\t\t\t\t\t\t\t\t\t\t\t\t\t\t\t\t\t\t\t\t\t\t<option value=\"prefer-not-to-say\">\n\t\t\t\t\t\t\t\t\t\tPrefiero no decirlo\t\t\t\t\t\t\t\t\t<\/option>\n\t\t\t\t\t\t\t\t\t\t\t\t\t\t\t\t\t\t\t\t\t\t\t\t\t\t<\/select>\n\t\t\t\t\t<span class=\"ms-form__select-arrow\">\n\t\t\t\t\t\t<svg class=\"ms-icon select-arrow\"><use xlink:href=\"#select-arrow\"><\/use><\/svg>\t\t\t\t\t<\/span>\n\t\t\t\t<\/div>\n\n\t\t\t<\/div>\n\n\t\t\t\t\t\t<div class=\"ms-form__row\">\n\t\t\t\t<div class=\"ms-form__field ms-form__field--radio\">\n\t\t\t\t\t<label class=\"ms-form__radio-label\">Estoy interesado\/a en:<\/label>\n\t\t\t\t\t<div class=\"ms-form__radio-group\">\n\t\t\t\t\t\t\t\t\t\t\t\t\t\t<label class=\"ms-form__radio-option\">\n\t\t\t\t\t\t\t\t\t<input type=\"checkbox\" name=\"interest[]\" value=\"scholarship\" class=\"ms-form__radio-input\" \/>\n\t\t\t\t\t\t\t\t\t<span class=\"ms-form__radio-custom\"><\/span>\n\t\t\t\t\t\t\t\t\t<span class=\"ms-form__radio-text\">Beca<\/span>\n\t\t\t\t\t\t\t\t<\/label>\n\t\t\t\t\t\t\t\t\t\t\t\t\t\t\t\t\t\t\t\t\t<label class=\"ms-form__radio-option\">\n\t\t\t\t\t\t\t\t\t<input type=\"checkbox\" name=\"interest[]\" value=\"credentials\" class=\"ms-form__radio-input\" \/>\n\t\t\t\t\t\t\t\t\t<span class=\"ms-form__radio-custom\"><\/span>\n\t\t\t\t\t\t\t\t\t<span class=\"ms-form__radio-text\">Credenciales<\/span>\n\t\t\t\t\t\t\t\t<\/label>\n\t\t\t\t\t\t\t\t\t\t\t\t\t\t\t\t\t\t\t\t\t<label class=\"ms-form__radio-option\">\n\t\t\t\t\t\t\t\t\t<input type=\"checkbox\" name=\"interest[]\" value=\"explore\" class=\"ms-form__radio-input\" \/>\n\t\t\t\t\t\t\t\t\t<span class=\"ms-form__radio-custom\"><\/span>\n\t\t\t\t\t\t\t\t\t<span class=\"ms-form__radio-text\">Explorar<\/span>\n\t\t\t\t\t\t\t\t<\/label>\n\t\t\t\t\t\t\t\t\t\t\t\t\t\t\t\t\t\t<\/div>\n\t\t\t\t<\/div>\n\t\t\t<\/div>\n\t\t\t\n\t\t\t<div class=\"ms-form__row\">\n\t\t\t\t<div class=\"ms-form__field ms-form__field--checkbox\">\n\t\t\t\t\t<label class=\"ms-form__checkbox-option\">\n\t\t\t\t\t\t\t\t\t\t\t\t<span class=\"ms-form__checkbox-text\">\n\t\t\t\t\t\t\t<a href=\"https:\/\/www.medtronicspark.com\/privacy-notice\/\" target=\"_blank\" rel=\"noopener\" class=\"ms-form__checkbox-link\">Aviso de privacidad<\/a>\n\t\t\t\t\t\t<\/span>\n\t\t\t\t\t\t\t\t\t\t\t<\/label>\n\t\t\t\t<\/div>\n\t\t\t<\/div>\n\n\t\t\t\t\t\t<div class=\"ms-form__row\">\n\t\t\t\t<div class=\"ms-form__field ms-form__field--recaptcha\">\n\t\t\t\t\t<div id=\"ms-form-1-recaptcha\" class=\"ms-form__recaptcha\" data-sitekey=\"6Lfuml4sAAAAAGnh_Tn3dnypPtasKTnRj_HDfzlM\" data-recaptcha=\"checkbox\"><\/div>\t\t\t\t<\/div>\n\t\t\t<\/div>\n\t\t\t\n\t\t\t<div class=\"ms-form__submit\">\n\t\t\t\t<button type=\"submit\" class=\"ms-button ms-form__button\">\n\t\t\t\t\tEnviar\t\t\t\t\t<svg class=\"ms-icon icon-arrow-right\"><use xlink:href=\"#icon-arrow-right\"><\/use><\/svg>\t\t\t\t<\/button>\n\t\t\t<\/div>\n\n\t\t\t<div class=\"ms-form__messages\" role=\"alert\" aria-live=\"polite\"><\/div>\n\t\t<\/form>\n\t<\/div>\n<\/div>\n\n\t<\/div>\n<\/div>","protected":false},"excerpt":{"rendered":"","protected":false},"author":4,"featured_media":0,"parent":0,"menu_order":0,"comment_status":"closed","ping_status":"closed","template":"","meta":{"_acf_changed":true,"footnotes":""},"class_list":["post-1241","page","type-page","status-publish","hentry"],"acf":[],"featured_image_src":null,"featured_image_src_square":null,"_links":{"self":[{"href":"https:\/\/www.medtronicspark.com\/es\/wp-json\/wp\/v2\/pages\/1241","targetHints":{"allow":["GET"]}}],"collection":[{"href":"https:\/\/www.medtronicspark.com\/es\/wp-json\/wp\/v2\/pages"}],"about":[{"href":"https:\/\/www.medtronicspark.com\/es\/wp-json\/wp\/v2\/types\/page"}],"author":[{"embeddable":true,"href":"https:\/\/www.medtronicspark.com\/es\/wp-json\/wp\/v2\/users\/4"}],"replies":[{"embeddable":true,"href":"https:\/\/www.medtronicspark.com\/es\/wp-json\/wp\/v2\/comments?post=1241"}],"version-history":[{"count":0,"href":"https:\/\/www.medtronicspark.com\/es\/wp-json\/wp\/v2\/pages\/1241\/revisions"}],"wp:attachment":[{"href":"https:\/\/www.medtronicspark.com\/es\/wp-json\/wp\/v2\/media?parent=1241"}],"curies":[{"name":"wp","href":"https:\/\/api.w.org\/{rel}","templated":true}]}}