{"id":1331,"date":"2026-03-19T15:40:11","date_gmt":"2026-03-19T15:40:11","guid":{"rendered":"https:\/\/staging.medtronicspark.com\/?page_id=1331"},"modified":"2026-03-19T16:30:30","modified_gmt":"2026-03-19T16:30:30","slug":"terms-of-use","status":"publish","type":"page","link":"https:\/\/www.medtronicspark.com\/de\/terms-of-use\/","title":{"rendered":"Nutzungsbedingungen"},"content":{"rendered":"<section id=\"ms-hero-block_2a629725a477b6f3bbcda018355bf219\"  class=\"ms-block ms-hero ms-hero--theme-dark ms-hero--center-align ms-hero--decoration-style1 ms-hero--with-column-images\" data-ms-component=\"hero\">\n\t\n\t<!-- Hero Background -->\n\t<picture class=\"ms-hero__background-picture\"><img decoding=\"async\" src=\"https:\/\/www.medtronicspark.com\/wp-content\/themes\/medtronic_spark\/assets\/images\/hero-image-bg-fallback.webp?v=0.6.11\" alt=\"\"><\/picture>\t \n\t<div class=\"ms-hero__container\">\n\t\t<div class=\"ms-hero__column ms-hero__column--left\">\n\t\t\t\n\t\t\t<div class=\"ms-hero__content\" data-ms-entry-animate=\"fade-up\" data-ms-entry-animate-stagger=\"0.2\">\n\n\t\t\t\t<h1 class=\"ms-title ms-heading-h1 ms-hero__title ms-animated\"><span class=\"ms-title-line ms-animated ms-font-primary ms-title-line--accent-light-blue\">Medtronic<\/span><span class=\"ms-title-line ms-animated ms-font-primary\">Nutzungsbedingungen<\/span><\/h1>\n\t\t\t\t\t\t\t<\/div>\n\t\t<\/div>\n\n\t\t<div class=\"ms-hero__column ms-hero__column--right\">\n\t\t\t<div class=\"ms-hero__hero-image-wrapper\">\n\t\t\t\t<div class=\"ms-hero__picture-wrapper\">\n\t\t\t\t\t\n\t\t\t\t\t\t\t\t\t\t\n\t\t\t\t\t<div class=\"ms-hero__image-decoration-wrapper\">\n\t\t\t\t\t\t<div class=\"ms-animated-icon ms-animated-icon--icon-brand-arrow\"><div class=\"ms-animated-icon__entry ms-animated-icon__entry--icon-brand-arrow\" data-ms-entry-animate=\"icon-fade-up\" data-ms-entry-animate-delay=\"0.5\"><div class=\"ms-animated-icon__parallax ms-animated-icon__parallax--icon-brand-arrow\" data-ms-parallax data-ms-parallax-amount=\"100\" data-ms-parallax-start=\"top 15%\" data-ms-parallax-end=\"+=200\"><svg class=\"ms-icon icon-brand-arrow\"class=\"ms-animated-icon__svg\"><use xlink:href=\"#icon-brand-arrow\"><\/use><\/svg><\/div><\/div><\/div><div class=\"ms-animated-icon ms-animated-icon--icon-brand-divided-asterisk\"><div class=\"ms-animated-icon__entry ms-animated-icon__entry--icon-brand-divided-asterisk\" data-ms-entry-animate=\"icon-zoom-in-bounced\" data-ms-entry-animate-delay=\"0.5\"><div class=\"ms-animated-icon__parallax ms-animated-icon__parallax--icon-brand-divided-asterisk\" data-ms-parallax data-ms-parallax-amount=\"-15\" data-ms-parallax-start=\"top 30%\" data-ms-parallax-end=\"+=150\"><svg class=\"ms-icon icon-brand-divided-asterisk\"class=\"ms-animated-icon__svg\"><use xlink:href=\"#icon-brand-divided-asterisk\"><\/use><\/svg><\/div><\/div><\/div>\t\t\t\t\t\t<picture  data-ms-entry-animate=\"large-fade-up\" data-ms-entry-animate-delay=\"0.5\" class=\"ms-picture ms-hero__hero-image\"><img loading=\"lazy\" decoding=\"async\" width=\"780\" height=\"780\" src=\"https:\/\/www.medtronicspark.com\/wp-content\/uploads\/2026\/01\/page-not-found-bubble-fallback.webp\" class=\"attachment-full size-full\" alt=\"\" srcset=\"https:\/\/www.medtronicspark.com\/wp-content\/uploads\/2026\/01\/page-not-found-bubble-fallback.webp 780w, https:\/\/www.medtronicspark.com\/wp-content\/uploads\/2026\/01\/page-not-found-bubble-fallback-300x300.webp 300w, https:\/\/www.medtronicspark.com\/wp-content\/uploads\/2026\/01\/page-not-found-bubble-fallback-150x150.webp 150w, https:\/\/www.medtronicspark.com\/wp-content\/uploads\/2026\/01\/page-not-found-bubble-fallback-768x768.webp 768w, https:\/\/www.medtronicspark.com\/wp-content\/uploads\/2026\/01\/page-not-found-bubble-fallback-600x600.webp 600w\" sizes=\"auto, (max-width: 780px) 100vw, 780px\" \/><\/picture>\t\t\t\t\t<\/div>\n\t\t\t\t<\/div>\n\t\t\t<\/div>\n\t\t<\/div>\n\t<\/div>\n<\/section>\n\n\n<div class=\"ms-container-section container\" data-ms-entry-animate=\"fade-up\"> \n\t\n\n<p class=\"p2\"><b>Bitte lesen Sie diese Nutzungsbedingungen sorgf\u00e4ltig durch. <\/b>Diese Nutzungsbedingungen beschreiben die Regeln f\u00fcr Besucher dieser Medtronic-Website. Diese Website ist Eigentum der Medtronic Communities Foundation, einer hundertprozentigen Tochtergesellschaft von Medtronic plc (die \u201eFoundation\u201c), und wird von dieser betrieben. Medtronic ist der Name, den wir f\u00fcr unser gesamtes Unternehmen verwenden, einschlie\u00dflich Medtronic plc und aller von ihr kontrollierten Unternehmen, inklusive der Tochtergesellschaften und verbundenen Unternehmen wie der Foundation. Wenn wir die Begriffe \u201ewir\u201c oder \u201eunser\u201c verwenden, beziehen wir uns auf Medtronic. Medtronic betreibt auch andere Websites. Diese Nutzungsbedingungen gelten nicht f\u00fcr unsere anderen Websites. Bitte lesen Sie die auf diesen Medtronic-Websites ver\u00f6ffentlichten Nutzungsbedingungen sorgf\u00e4ltig durch, wenn Sie diese besuchen.<\/p>\n<p class=\"p2\">Diese Nutzungsbedingungen wurden zuletzt am 23. Februar 2026 aktualisiert. Wir behalten uns das Recht vor, diese Nutzungsbedingungen jederzeit zu \u00e4ndern. Bitte lesen Sie die Nutzungsbedingungen bei jedem Besuch der Website. Durch die Nutzung dieser Website erkl\u00e4ren Sie sich mit der jeweils aktuellen Fassung der Nutzungsbedingungen einverstanden.<\/p>\n<p>\u00a0<\/p>\n\n  \n<\/div>\n\n\n\n<div id=\"ms-legal-accordion-block_ef5c063d0b715129d38552c7d9d4486b\" class=\"ms-block ms-legal-accordion\" \n\tdata-ms-entry-animate=\"fade-up\"\n\tdata-ms-entry-animate-delay=\"0.2\"\n\tdata-ms-entry-animate-stagger=\"0.1\"\n>\n\t<div class=\"container container\">\n\t\t<div class=\"ms-accordion-list__items\">\n\t\t\t\t\n\n<div id=\"ms-accordion-item-block_9e29c15b4ae27a8915f21ba25fedc608\" class=\"ms-block ms-accordion-item ms-animated\" data-ms-component=\"accordion-item\">\n\t<button class=\"ms-accordion-item__header\" aria-expanded=\"false\">\n\t\t<h3 class=\"ms-accordion-item__title\">\u00dcber die Informationen auf dieser Website<\/h3>\n\t\t<span class=\"ms-accordion-item__icon\"><svg class=\"ms-icon icon-angle-up\"><use xlink:href=\"#icon-angle-up\"><\/use><\/svg><\/span>\n\t<\/button>\n\t<div class=\"ms-accordion-item__content\">\n\t\t<div class=\"ms-accordion-item__content-inner\"><div class=\"ms-content ms-text-body-sm ms-accordion-item__copy\"> <p class=\"p2\">Ein Gro\u00dfteil der Informationen auf dieser Website bezieht sich auf Produkte und Dienstleistungen, die von der Foundation angeboten werden. Die Materialien auf dieser Website dienen ausschlie\u00dflich Ihrer allgemeinen Information. Auf dieser Website finden Sie m\u00f6glicherweise Informationen zu Produkten oder Dienstleistungen, die in Ihrem Land nicht vermarktet werden oder nicht verf\u00fcgbar sind.<\/p>\n <\/div><\/div>\n\t<\/div>\n<\/div>\n\n\n<div id=\"ms-accordion-item-block_24719ba1f8f2598be59127052cfab3e1\" class=\"ms-block ms-accordion-item ms-animated\" data-ms-component=\"accordion-item\">\n\t<button class=\"ms-accordion-item__header\" aria-expanded=\"false\">\n\t\t<h3 class=\"ms-accordion-item__title\">Unsere Urheberrechte und Markenzeichen<\/h3>\n\t\t<span class=\"ms-accordion-item__icon\"><svg class=\"ms-icon icon-angle-up\"><use xlink:href=\"#icon-angle-up\"><\/use><\/svg><\/span>\n\t<\/button>\n\t<div class=\"ms-accordion-item__content\">\n\t\t<div class=\"ms-accordion-item__content-inner\"><div class=\"ms-content ms-text-body-sm ms-accordion-item__copy\"> <p class=\"p2\">Die Materialien auf dieser Website geh\u00f6ren uns oder sind an uns lizenziert. Die Materialien sind durch US-amerikanische und ausl\u00e4ndische Urheberrechtsgesetze gesch\u00fctzt. Es gibt einige wichtige Regeln f\u00fcr das Kopieren dieser Materialien. Sie d\u00fcrfen die Materialien auf dieser Website per E-Mail versenden, herunterladen oder ausdrucken, jedoch ausschlie\u00dflich f\u00fcr Ihren pers\u00f6nlichen, nicht kommerziellen Gebrauch. Wenn Sie Materialien von dieser Website per E-Mail versenden, herunterladen oder ausdrucken, m\u00fcssen Sie auch alle Urheberrechts- und sonstigen Hinweise, die in den Materialien enthalten sind, einschlie\u00dflich des Urheberrechtshinweises am Ende der Seite, mit einbeziehen.<\/p>\n<p class=\"p1\">Wir sind auch Eigent\u00fcmer der Namen, die wir f\u00fcr unsere Produkte und Dienstleistungen auf dieser Website verwenden, und diese Namen sind durch US-amerikanische und ausl\u00e4ndische Markenrechte gesch\u00fctzt. Alle Marken, einschlie\u00dflich Marken Dritter, sind Eigentum ihrer jeweiligen Inhaber.<\/p>\n<p class=\"p1\">F\u00fcr die Nutzung von Materialien, die auf bestimmten Teilen dieser Website bereitgestellt werden, k\u00f6nnen besondere Regeln gelten. Diese besonderen Regeln werden in der N\u00e4he der Materialien angezeigt.<\/p>\n<p class=\"p1\">Wenn Sie die Materialien oder Marken auf dieser Website in einer Weise verwenden, die nicht ausdr\u00fccklich durch diese Nutzungsbedingungen gestattet ist, versto\u00dfen Sie gegen Ihre Vereinbarung mit uns und m\u00f6glicherweise gegen Urheberrechts-, Marken- und andere Gesetze. In diesem Fall widerrufen wir automatisch Ihre Berechtigung zur Nutzung dieser Website. Das Eigentumsrecht an den Materialien verbleibt bei uns oder bei den Urhebern der auf dieser Website enthaltenen Materialien. Alle nicht ausdr\u00fccklich gew\u00e4hrten Rechte bleiben vorbehalten.<\/p>\n <\/div><\/div>\n\t<\/div>\n<\/div>\n\n\n<div id=\"ms-accordion-item-block_8d3ef07f521ec252adace2920a2874a6\" class=\"ms-block ms-accordion-item ms-animated\" data-ms-component=\"accordion-item\">\n\t<button class=\"ms-accordion-item__header\" aria-expanded=\"false\">\n\t\t<h3 class=\"ms-accordion-item__title\">Lizenzierung von Grafiken<\/h3>\n\t\t<span class=\"ms-accordion-item__icon\"><svg class=\"ms-icon icon-angle-up\"><use xlink:href=\"#icon-angle-up\"><\/use><\/svg><\/span>\n\t<\/button>\n\t<div class=\"ms-accordion-item__content\">\n\t\t<div class=\"ms-accordion-item__content-inner\"><div class=\"ms-content ms-text-body-sm ms-accordion-item__copy\"> <p class=\"p1\">Die auf dieser Website verf\u00fcgbaren und \u00fcber andere digitale Kan\u00e4le verbreiteten Mitteilungen von Medtronic verwenden die Icon-Familien \u201eGoogle Material\u201c und \u201eIBM Carbon\u201c. Lizenziert unter der Apache-Lizenz, Version 2.0 (die \u201eLizenz\u201c); Sie d\u00fcrfen diese Datei nur in \u00dcbereinstimmung mit der Lizenz verwenden. Sie k\u00f6nnen eine <a href=\"https:\/\/www.apache.org\/licenses\/LICENSE-2.0\" target=\"_blank\" rel=\"noopener\">Kopie der Lizenz erhalten<\/a>.<\/p>\n<p class=\"p1\">Sofern nicht durch geltendes Recht vorgeschrieben oder schriftlich vereinbart, wird die unter der Lizenz vertriebene Software \u201ewie besehen\u201c ohne ausdr\u00fcckliche oder stillschweigende Gew\u00e4hrleistungen oder Bedingungen jeglicher Art vertrieben. Bitte beachten Sie die Lizenz f\u00fcr die spezifische Sprache, die die Berechtigungen und Einschr\u00e4nkungen unter der Lizenz regelt.<\/p>\n <\/div><\/div>\n\t<\/div>\n<\/div>\n\n\n<div id=\"ms-accordion-item-block_3949ca40ec3974a2409abf552a2db672\" class=\"ms-block ms-accordion-item ms-animated\" data-ms-component=\"accordion-item\">\n\t<button class=\"ms-accordion-item__header\" aria-expanded=\"false\">\n\t\t<h3 class=\"ms-accordion-item__title\">Links zu dieser Website und Verwendung von Medtronic-Marken<\/h3>\n\t\t<span class=\"ms-accordion-item__icon\"><svg class=\"ms-icon icon-angle-up\"><use xlink:href=\"#icon-angle-up\"><\/use><\/svg><\/span>\n\t<\/button>\n\t<div class=\"ms-accordion-item__content\">\n\t\t<div class=\"ms-accordion-item__content-inner\"><div class=\"ms-content ms-text-body-sm ms-accordion-item__copy\"> <p class=\"p1\">Hiermit wird Ihnen eine nicht exklusive, eingeschr\u00e4nkte und widerrufliche Lizenz zum Verlinken auf diese Website gew\u00e4hrt. Medtronic beh\u00e4lt sich das Recht vor, diese Lizenz jederzeit generell oder Ihr Recht zur Nutzung bestimmter Links zu widerrufen. Sollte Medtronic diese Lizenz widerrufen, erkl\u00e4ren Sie sich damit einverstanden, alle Ihre Links zu dieser Website unverz\u00fcglich zu entfernen und zu deaktivieren.<\/p>\n<p class=\"p1\">Sie verpflichten sich, den Link zu dieser Website nicht in einer Weise darzustellen, die mit Werbung in Verbindung gebracht werden k\u00f6nnte oder den Eindruck erweckt, dass es sich um eine Empfehlung einer Organisation, eines Produkts oder einer Dienstleistung handelt. Sie verpflichten sich, dass der Link nicht auf einer Website erscheint, die eine vern\u00fcnftige Person als obsz\u00f6n, diffamierend, bel\u00e4stigend, grob beleidigend oder b\u00f6swillig empfinden k\u00f6nnte. Unter keinen Umst\u00e4nden d\u00fcrfen Sie diese Website oder Teile ihres Inhalts \u201eframen\u201c oder Teile dieser Website auf einen Server kopieren. Sie erkl\u00e4ren sich damit einverstanden, das Medtronic-Logo oder -Markenzeichen ohne unsere vorherige schriftliche Genehmigung in keiner Weise anzuzeigen oder zu verwenden.<\/p>\n <\/div><\/div>\n\t<\/div>\n<\/div>\n\n\n<div id=\"ms-accordion-item-block_0cbf1bbd53e4942e81f956246b47d23c\" class=\"ms-block ms-accordion-item ms-animated\" data-ms-component=\"accordion-item\">\n\t<button class=\"ms-accordion-item__header\" aria-expanded=\"false\">\n\t\t<h3 class=\"ms-accordion-item__title\">Links zu anderen Websites<\/h3>\n\t\t<span class=\"ms-accordion-item__icon\"><svg class=\"ms-icon icon-angle-up\"><use xlink:href=\"#icon-angle-up\"><\/use><\/svg><\/span>\n\t<\/button>\n\t<div class=\"ms-accordion-item__content\">\n\t\t<div class=\"ms-accordion-item__content-inner\"><div class=\"ms-content ms-text-body-sm ms-accordion-item__copy\"> <p class=\"p1\">Diese Website kann Links zu Websites enthalten, die nicht von Medtronic betrieben werden. Wir stellen diese Links zu Ihrer Information zur Verf\u00fcgung, \u00fcberpr\u00fcfen, kontrollieren oder Monitoren aber die Inhalte anderer Websites nicht. Diese Websites k\u00f6nnen Informationen \u00fcber die Verwendung von Medtronic-Produkten oder -Therapien enthalten, die in den USA nicht zugelassen sind. Wir kontrollieren oder unterst\u00fctzen diese Art von Informationen nicht. Wir \u00fcbernehmen keine Verantwortung f\u00fcr die Leistung dieser Websites oder f\u00fcr Ihre gesch\u00e4ftlichen Beziehungen mit ihnen. Ihre Nutzung anderer Websites unterliegt den Nutzungsbedingungen dieser Websites, einschlie\u00dflich der Datenschutzrichtlinien dieser Websites.<\/p>\n <\/div><\/div>\n\t<\/div>\n<\/div>\n\n\n<div id=\"ms-accordion-item-block_f11505b1437ec424a67366d87f89064d\" class=\"ms-block ms-accordion-item ms-animated\" data-ms-component=\"accordion-item\">\n\t<button class=\"ms-accordion-item__header\" aria-expanded=\"false\">\n\t\t<h3 class=\"ms-accordion-item__title\">Ihr Feedback, Ihre Kommentare und Ideen<\/h3>\n\t\t<span class=\"ms-accordion-item__icon\"><svg class=\"ms-icon icon-angle-up\"><use xlink:href=\"#icon-angle-up\"><\/use><\/svg><\/span>\n\t<\/button>\n\t<div class=\"ms-accordion-item__content\">\n\t\t<div class=\"ms-accordion-item__content-inner\"><div class=\"ms-content ms-text-body-sm ms-accordion-item__copy\"> <p class=\"p1\">Wir freuen uns \u00fcber Feedback, Kommentare und Ideen von Besuchern dieser Website. Bitte beachten Sie jedoch, dass alle Informationen, die Sie \u00fcber diese Website \u00fcbermitteln, als nicht personenbezogen, nicht vertraulich und nicht urheberrechtlich gesch\u00fctzt betrachtet werden (mit Ausnahme von personenbezogenen Daten, wie sie in unserer Datenschutzerkl\u00e4rung definiert sind). Wenn Sie uns \u00fcber diese Website Ideen, Informationen, Konzepte, Know-how, Techniken oder Materialien \u00fcbermitteln, gew\u00e4hren Sie Medtronic hiermit eine uneingeschr\u00e4nkte, geb\u00fchrenfreie und unwiderrufliche Lizenz zur Nutzung, Vervielf\u00e4ltigung, Darstellung, Auff\u00fchrung, \u00c4nderung, \u00dcbertragung und Verbreitung dieser Inhalte in beliebigen Medien und erkl\u00e4ren sich damit einverstanden, dass Medtronic diese Inhalte f\u00fcr beliebige Zwecke nutzen darf.<\/p>\n <\/div><\/div>\n\t<\/div>\n<\/div>\n\n\n<div id=\"ms-accordion-item-block_6c5e164e00e45acfca5e5a045aa5065d\" class=\"ms-block ms-accordion-item ms-animated\" data-ms-component=\"accordion-item\">\n\t<button class=\"ms-accordion-item__header\" aria-expanded=\"false\">\n\t\t<h3 class=\"ms-accordion-item__title\">Keine Gew\u00e4hrleistung<\/h3>\n\t\t<span class=\"ms-accordion-item__icon\"><svg class=\"ms-icon icon-angle-up\"><use xlink:href=\"#icon-angle-up\"><\/use><\/svg><\/span>\n\t<\/button>\n\t<div class=\"ms-accordion-item__content\">\n\t\t<div class=\"ms-accordion-item__content-inner\"><div class=\"ms-content ms-text-body-sm ms-accordion-item__copy\"> <p class=\"p1\">Alle Inhalte auf dieser Website werden Ihnen \u201ewie besehen\u201c und \u201ewie verf\u00fcgbar\u201c zur Verf\u00fcgung gestellt. Medtronic lehnt hiermit jegliche ausdr\u00fcckliche oder stillschweigende, gesetzliche oder sonstige Gew\u00e4hrleistung ab, einschlie\u00dflich, aber nicht beschr\u00e4nkt auf die stillschweigende Gew\u00e4hrleistung der Marktg\u00e4ngigkeit, der Eignung f\u00fcr einen bestimmten Zweck und der Nichtverletzung von Rechten Dritter. Medtronic \u00fcbernimmt keine Gew\u00e4hr f\u00fcr die Richtigkeit, Vollst\u00e4ndigkeit, Aktualit\u00e4t oder Zuverl\u00e4ssigkeit der auf dieser Website verf\u00fcgbaren Inhalte.<\/p>\n<p class=\"p1\">Medtronic \u00fcbernimmt keine Gew\u00e4hrleistung oder Garantie daf\u00fcr, dass die Nutzung dieser Website ohne Unterbrechungen oder fehlerfrei erfolgt. Sie sind daf\u00fcr verantwortlich, alle notwendigen Vorkehrungen zu treffen, um sicherzustellen, dass alle Inhalte, die Sie von dieser Website beziehen, frei von Viren und anderen potenziell sch\u00e4dlichen Computercodes sind.<\/p>\n<p class=\"p1\">In einigen Staaten sind Einschr\u00e4nkungen impliziter Garantien nicht zul\u00e4ssig, sodass eine oder mehrere der oben genannten Einschr\u00e4nkungen m\u00f6glicherweise nicht auf Sie zutreffen.<\/p>\n <\/div><\/div>\n\t<\/div>\n<\/div>\n\n\n<div id=\"ms-accordion-item-block_49413de46b350cc5e0cdd010433fae59\" class=\"ms-block ms-accordion-item ms-animated\" data-ms-component=\"accordion-item\">\n\t<button class=\"ms-accordion-item__header\" aria-expanded=\"false\">\n\t\t<h3 class=\"ms-accordion-item__title\">Haftungsbeschr\u00e4nkung<\/h3>\n\t\t<span class=\"ms-accordion-item__icon\"><svg class=\"ms-icon icon-angle-up\"><use xlink:href=\"#icon-angle-up\"><\/use><\/svg><\/span>\n\t<\/button>\n\t<div class=\"ms-accordion-item__content\">\n\t\t<div class=\"ms-accordion-item__content-inner\"><div class=\"ms-content ms-text-body-sm ms-accordion-item__copy\"> <p class=\"p1\">Sie erkennen an, dass weder Medtronic noch mit Medtronic verbundene Personen oder Unternehmen f\u00fcr Sch\u00e4den haftbar sind, die sich aus der Nutzung oder der Unm\u00f6glichkeit der Nutzung dieser Website oder der Materialien auf dieser Website ergeben. Dieser Schutz umfasst Anspr\u00fcche aufgrund von Gew\u00e4hrleistung, Vertrag, unerlaubter Handlung, verschuldensunabh\u00e4ngiger Haftung und jeder anderen Rechtsgrundlage. Dieser Schutz gilt f\u00fcr Medtronic, seine F\u00fchrungskr\u00e4fte, Direktoren, Mitarbeiter, Vertreter und Lieferanten, die auf dieser Website erw\u00e4hnt werden. Dieser Schutz umfasst alle Verluste, einschlie\u00dflich, jedoch nicht beschr\u00e4nkt auf direkte oder indirekte, besondere, zuf\u00e4llige, Folge- und exemplarische Sch\u00e4den sowie Strafschadenersatz, Personensch\u00e4den\/Tod durch Fremdverschulden, entgangene Gewinne oder Sch\u00e4den, die aus Datenverlusten oder Betriebsunterbrechungen resultieren.<\/p>\n<p class=\"p1\">Die Gesamthaftung von Medtronic, seinen F\u00fchrungskr\u00e4ften, Direktoren, Mitarbeitern, Vertretern und Lieferanten f\u00fcr Verluste oder Sch\u00e4den ist auf die H\u00f6he Ihres tats\u00e4chlichen Schadens begrenzt und kann 100,00 US-Dollar nicht \u00fcberschreiten. Die Haftungsbeschr\u00e4nkung ist in einigen Staaten m\u00f6glicherweise nicht wirksam. Medtronic, seine F\u00fchrungskr\u00e4fte, Direktoren, Mitarbeiter, Vertreter oder Lieferanten haften Ihnen gegen\u00fcber in keinem Fall f\u00fcr Verluste oder Sch\u00e4den, die \u00fcber den oben genannten Betrag hinausgehen. Alle anderen direkten oder indirekten, besonderen, zuf\u00e4lligen, Folge- oder exemplarischen Sch\u00e4den sowie Strafschadensersatz, die sich aus der Nutzung der Website oder der Materialien ergeben, sind ausgeschlossen, selbst wenn Medtronic auf die M\u00f6glichkeit solcher Sch\u00e4den hingewiesen wurde.<\/p>\n <\/div><\/div>\n\t<\/div>\n<\/div>\n\n\n<div id=\"ms-accordion-item-block_ae3460a5b6b78f65b89f8582f1d150f2\" class=\"ms-block ms-accordion-item ms-animated\" data-ms-component=\"accordion-item\">\n\t<button class=\"ms-accordion-item__header\" aria-expanded=\"false\">\n\t\t<h3 class=\"ms-accordion-item__title\">Weitere Bestimmungen zu dieser Website<\/h3>\n\t\t<span class=\"ms-accordion-item__icon\"><svg class=\"ms-icon icon-angle-up\"><use xlink:href=\"#icon-angle-up\"><\/use><\/svg><\/span>\n\t<\/button>\n\t<div class=\"ms-accordion-item__content\">\n\t\t<div class=\"ms-accordion-item__content-inner\"><div class=\"ms-content ms-text-body-sm ms-accordion-item__copy\"> <p class=\"p1\">Zus\u00e4tzlich zu den Bestimmungen in diesen Nutzungsbedingungen und der Datenschutzerkl\u00e4rung k\u00f6nnen f\u00fcr Sie weitere Bedingungen gelten, wenn Sie auf bestimmte Dienste oder Materialien in bestimmten Bereichen dieser Website zugreifen, beispielsweise beim Kauf von erweiterten Diensten oder wenn Sie einem Link von dieser Website folgen. Bitte lesen Sie unsere Datenschutzerkl\u00e4rung, um zu erfahren, wie wir die \u00fcber diese Website erhobenen Daten sch\u00fctzen und verwenden.<\/p>\n<p class=\"p1\">Ihre Verpflichtungen gem\u00e4\u00df diesem Abschnitt und den Abschnitten \u201eIhr Feedback, Ihre Kommentare und Ideen\u201c, \u201eKeine Gew\u00e4hrleistung\u201c und \u201eHaftungsbeschr\u00e4nkung\u201c bleiben auch nach Beendigung dieser Nutzungsbedingungen bestehen.<\/p>\n<p class=\"p1\">Sollte eine Bestimmung dieser Nutzungsbedingungen von einem zust\u00e4ndigen Gericht f\u00fcr ung\u00fcltig erkl\u00e4rt werden, so hat die Ung\u00fcltigkeit dieser Bestimmung keinen Einfluss auf die G\u00fcltigkeit der \u00fcbrigen Bestimmungen dieser Nutzungsbedingungen, die weiterhin in vollem Umfang g\u00fcltig und wirksam bleiben. Der Verzicht auf eine dieser Nutzungsbedingungen gilt nicht als weiterer oder fortgesetzter Verzicht auf diese oder eine andere Bedingung.<\/p>\n<p class=\"p1\">Sollten Sie gegen diese Nutzungsbedingungen oder die Datenschutzerkl\u00e4rung in einer Weise versto\u00dfen, die anderen Schaden zuf\u00fcgt, erkl\u00e4ren Sie sich damit einverstanden, Medtronic von jeglicher Haftung f\u00fcr diesen Schaden freizustellen.<\/p>\n<p class=\"p1\">Durch die Nutzung dieser Website erkl\u00e4ren Sie sich damit einverstanden, dass die ausschlie\u00dfliche Zust\u00e4ndigkeit und der Gerichtsstand f\u00fcr alle Streitigkeiten mit Medtronic oder in Zusammenhang mit Ihrer Nutzung dieser Website bei den staatlichen und bundesstaatlichen Gerichten im Bundesstaat Minnesota, Vereinigte Staaten, liegt. Sie erkl\u00e4ren sich ferner damit einverstanden und stimmen zu, dass diese Gerichte f\u00fcr alle Streitigkeiten im Zusammenhang mit Medtronic oder seinen verbundenen Unternehmen, Mitarbeitern, F\u00fchrungskr\u00e4ften, Direktoren, Vertretern oder Lieferanten zust\u00e4ndig sind.<\/p>\n<p class=\"p1\">Diese Nutzungsbedingungen unterliegen den internen materiellen Gesetzen des Bundesstaates Minnesota, mit Ausnahme der darin geregelten Grunds\u00e4tze des Kollisionsrechts, sowie den Bundesgesetzen der Vereinigten Staaten.<\/p>\n <\/div><\/div>\n\t<\/div>\n<\/div>\n\n\n<div id=\"ms-accordion-item-block_38fec718a50f76c2a26b0aef0396c8fc\" class=\"ms-block ms-accordion-item ms-animated\" data-ms-component=\"accordion-item\">\n\t<button class=\"ms-accordion-item__header\" aria-expanded=\"false\">\n\t\t<h3 class=\"ms-accordion-item__title\">Hinweise<\/h3>\n\t\t<span class=\"ms-accordion-item__icon\"><svg class=\"ms-icon icon-angle-up\"><use xlink:href=\"#icon-angle-up\"><\/use><\/svg><\/span>\n\t<\/button>\n\t<div class=\"ms-accordion-item__content\">\n\t\t<div class=\"ms-accordion-item__content-inner\"><div class=\"ms-content ms-text-body-sm ms-accordion-item__copy\"> <p class=\"p1\">Medtronic kann Ihnen Mitteilungen per E-Mail oder durch eine allgemeine Bekanntmachung auf dieser Website zukommen lassen.<\/p>\n <\/div><\/div>\n\t<\/div>\n<\/div>\n\n\t\t<\/div>\n\t<\/div>\n<\/div>","protected":false},"excerpt":{"rendered":"","protected":false},"author":4,"featured_media":0,"parent":0,"menu_order":0,"comment_status":"closed","ping_status":"closed","template":"template-legal.php","meta":{"_acf_changed":true,"footnotes":""},"class_list":["post-1331","page","type-page","status-publish","hentry"],"acf":[],"featured_image_src":null,"featured_image_src_square":null,"_links":{"self":[{"href":"https:\/\/www.medtronicspark.com\/de\/wp-json\/wp\/v2\/pages\/1331","targetHints":{"allow":["GET"]}}],"collection":[{"href":"https:\/\/www.medtronicspark.com\/de\/wp-json\/wp\/v2\/pages"}],"about":[{"href":"https:\/\/www.medtronicspark.com\/de\/wp-json\/wp\/v2\/types\/page"}],"author":[{"embeddable":true,"href":"https:\/\/www.medtronicspark.com\/de\/wp-json\/wp\/v2\/users\/4"}],"replies":[{"embeddable":true,"href":"https:\/\/www.medtronicspark.com\/de\/wp-json\/wp\/v2\/comments?post=1331"}],"version-history":[{"count":0,"href":"https:\/\/www.medtronicspark.com\/de\/wp-json\/wp\/v2\/pages\/1331\/revisions"}],"wp:attachment":[{"href":"https:\/\/www.medtronicspark.com\/de\/wp-json\/wp\/v2\/media?parent=1331"}],"curies":[{"name":"wp","href":"https:\/\/api.w.org\/{rel}","templated":true}]}}